{"id":751612,"date":"2025-08-28T04:53:53","date_gmt":"2025-08-28T01:53:53","guid":{"rendered":"https:\/\/roveyayinevi.com.tr\/index.php\/urun\/bahceler-nasil-okunur\/"},"modified":"2025-11-21T09:18:37","modified_gmt":"2025-11-21T06:18:37","slug":"bahceler-nasil-okunur","status":"publish","type":"product","link":"https:\/\/roveyayinevi.com.tr\/index.php\/urun\/bahceler-nasil-okunur\/","title":{"rendered":"Bah\u00e7eler Nas\u0131l Okunur?"},"content":{"rendered":"<p>Elinizdeki bu kitap, b\u00fcy\u00fck ya da k\u00fc\u00e7\u00fck, tarihsel ya da modern, kamusal ya da \u00f6zel herhangi bir bah\u00e7e gezisinde ziyaret\u00e7ilere e\u015flik edecek samimi ve ki\u015fisel bir rehberdir. Daimi bah\u00e7e ziyaret\u00e7ileri bile, bah\u00e7\u0131van\u0131n d\u00fcnyas\u0131n\u0131 uzman g\u00f6zlerle g\u00f6rerek yeni bak\u0131\u015f a\u00e7\u0131lar\u0131 edinecek ve daha da keyif alacakt\u0131r. \u25a0  Bir\u00e7ok k\u00fclt\u00fcrden ve \u00fclkeden bah\u00e7e foto\u011fraflar\u0131, ziyaret edilecek yerlerin zenginli\u011fi ve \u00e7e\u015fitlili\u011fini hissettirir. \u25a0  B\u00fcy\u00fcleyici \u00e7izimler, \u00f6zel bah\u00e7elerde dikkat edilmesi gereken \u00f6zelliklerin ve ayr\u0131nt\u0131lar\u0131n genel \u00f6rneklerini g\u00f6sterir. \u25a0  Zekice yorumlar, herhangi bir arazide bulunan g\u00f6rsel dili okuman\u0131za ve b\u00f6ylece g\u00fczel bah\u00e7eler yaratmak i\u00e7in kullan\u0131lan bir\u00e7ok \u00f6\u011feyi yorumlay\u0131p anlaman\u0131za olanak sa\u011flar. <\/p>\n","protected":false},"excerpt":{"rendered":"<p>Elinizdeki bu kitap, b\u00fcy\u00fck ya da k\u00fc\u00e7\u00fck, tarihsel ya da modern, kamusal ya da \u00f6zel herhangi bir bah\u00e7e gezisinde ziyaret\u00e7ilere e\u015flik edecek samimi ve ki\u015fisel bir<span class=\"excerpt-hellip\"> [\u2026]<\/span><\/p>\n","protected":false},"featured_media":0,"template":"","meta":{"_monsterinsights_skip_tracking":false,"_monsterinsights_sitenote_active":false,"_monsterinsights_sitenote_note":"","_monsterinsights_sitenote_category":0},"product_brand":[],"product_cat":[13772,12364],"product_tag":[],"class_list":{"0":"post-751612","1":"product","2":"type-product","3":"status-publish","5":"product_cat-basvuru-kitaplari","6":"product_cat-genel-konular","7":"pa_cilt-ciltsiz","8":"pa_tur-kitap","9":"pa_yayinevi-alfa-yayinlari","10":"pa_yazar-lorraine-harrison","12":"first","13":"instock","14":"sale","15":"shipping-taxable","16":"purchasable","17":"product-type-simple"},"_links":{"self":[{"href":"https:\/\/roveyayinevi.com.tr\/index.php\/wp-json\/wp\/v2\/product\/751612","targetHints":{"allow":["GET"]}}],"collection":[{"href":"https:\/\/roveyayinevi.com.tr\/index.php\/wp-json\/wp\/v2\/product"}],"about":[{"href":"https:\/\/roveyayinevi.com.tr\/index.php\/wp-json\/wp\/v2\/types\/product"}],"wp:attachment":[{"href":"https:\/\/roveyayinevi.com.tr\/index.php\/wp-json\/wp\/v2\/media?parent=751612"}],"wp:term":[{"taxonomy":"product_brand","embeddable":true,"href":"https:\/\/roveyayinevi.com.tr\/index.php\/wp-json\/wp\/v2\/product_brand?post=751612"},{"taxonomy":"product_cat","embeddable":true,"href":"https:\/\/roveyayinevi.com.tr\/index.php\/wp-json\/wp\/v2\/product_cat?post=751612"},{"taxonomy":"product_tag","embeddable":true,"href":"https:\/\/roveyayinevi.com.tr\/index.php\/wp-json\/wp\/v2\/product_tag?post=751612"}],"curies":[{"name":"wp","href":"https:\/\/api.w.org\/{rel}","templated":true}]}}