{"id":751610,"date":"2025-08-28T04:53:49","date_gmt":"2025-08-28T01:53:49","guid":{"rendered":"https:\/\/roveyayinevi.com.tr\/index.php\/urun\/mutlu-sonlarin-bekcisi\/"},"modified":"2026-04-16T03:04:50","modified_gmt":"2026-04-16T00:04:50","slug":"mutlu-sonlarin-bekcisi","status":"publish","type":"product","link":"https:\/\/roveyayinevi.com.tr\/index.php\/urun\/mutlu-sonlarin-bekcisi\/","title":{"rendered":"Mutlu Sonlar\u0131n Bek\u00e7isi"},"content":{"rendered":"<p>Soline Roussel, \u201cmutlu sonlar\u201d konusunda iyi bir e\u011fitim alm\u0131\u015ft\u0131r. Ailesi, nesiller boyunca Paris\u2019te, sihrin i\u011fne ve iplikle i\u015flendi\u011fi \u00f6zel bir gelinlik salonu i\u015fletmi\u015ftir. Roussel gelinli\u011fini giyen bir gelinin \u00f6m\u00fcr boyu mutlu olaca\u011f\u0131 s\u00f6ylenmektedir. Ancak \u0130kinci D\u00fcnya Sava\u015f\u0131, Soline\u2019in d\u00fcnyas\u0131n\u0131 ve kalbini harabeye \u00e7evirmi\u015ftir. An\u0131lar\u0131n\u0131, y\u0131k\u0131lan hayalleriyle birlikte unutmaya kararl\u0131d\u0131r.   Y\u0131llar sonra, kendi trajik kayb\u0131yla ba\u015fa \u00e7\u0131karken Rory Grant, galeri sahibi olma hevesiyle Soline\u2019in eski m\u00fclk\u00fcn\u00fc kiralar ve burada hi\u00e7 giyilmemi\u015f eski bir gelinlik ile baz\u0131 mektuplar\u0131n bulundu\u011fu bir kutu ke\u015ffeder. Soline\u2019e bu hat\u0131ralar\u0131 geri verdi\u011finde aralar\u0131nda beklenmedik bir ili\u015fki geli\u015fir ve iki kad\u0131n\u0131n aras\u0131ndaki \u00fcrk\u00fct\u00fcc\u00fc paralellik yava\u015f yava\u015f su y\u00fcz\u00fcne \u00e7\u0131kmaya ba\u015flar&#8230;   Mutlu Sonlar\u0131n Bek\u00e7isi, romantizmin ve gizemin bir tutam sihirle m\u00fckemmel bir kar\u0131\u015f\u0131m\u0131. Ka\u00e7\u0131rmay\u0131n!  \u00c7ok satan Whisper Me This yazar\u0131, Kerry Anne King. <\/p>\n","protected":false},"excerpt":{"rendered":"<p>Soline Roussel, \u201cmutlu sonlar\u201d konusunda iyi bir e\u011fitim alm\u0131\u015ft\u0131r. Ailesi, nesiller boyunca Paris\u2019te, sihrin i\u011fne ve iplikle i\u015flendi\u011fi \u00f6zel bir gelinlik salonu i\u015fletmi\u015ftir. Roussel gelinli\u011fini giyen<span class=\"excerpt-hellip\"> [\u2026]<\/span><\/p>\n","protected":false},"featured_media":0,"template":"","meta":{"_monsterinsights_skip_tracking":false,"_monsterinsights_sitenote_active":false,"_monsterinsights_sitenote_note":"","_monsterinsights_sitenote_category":0},"product_brand":[],"product_cat":[12291,12711],"product_tag":[],"class_list":{"0":"post-751610","1":"product","2":"type-product","3":"status-publish","5":"product_cat-edebiyat","6":"product_cat-roman-oyku","7":"pa_cilt-ciltsiz","8":"pa_tur-kitap","9":"pa_yayinevi-sms-yayinlari","10":"pa_yazar-barbara-davis","12":"first","13":"instock","14":"sale","15":"shipping-taxable","16":"purchasable","17":"product-type-simple"},"_links":{"self":[{"href":"https:\/\/roveyayinevi.com.tr\/index.php\/wp-json\/wp\/v2\/product\/751610","targetHints":{"allow":["GET"]}}],"collection":[{"href":"https:\/\/roveyayinevi.com.tr\/index.php\/wp-json\/wp\/v2\/product"}],"about":[{"href":"https:\/\/roveyayinevi.com.tr\/index.php\/wp-json\/wp\/v2\/types\/product"}],"wp:attachment":[{"href":"https:\/\/roveyayinevi.com.tr\/index.php\/wp-json\/wp\/v2\/media?parent=751610"}],"wp:term":[{"taxonomy":"product_brand","embeddable":true,"href":"https:\/\/roveyayinevi.com.tr\/index.php\/wp-json\/wp\/v2\/product_brand?post=751610"},{"taxonomy":"product_cat","embeddable":true,"href":"https:\/\/roveyayinevi.com.tr\/index.php\/wp-json\/wp\/v2\/product_cat?post=751610"},{"taxonomy":"product_tag","embeddable":true,"href":"https:\/\/roveyayinevi.com.tr\/index.php\/wp-json\/wp\/v2\/product_tag?post=751610"}],"curies":[{"name":"wp","href":"https:\/\/api.w.org\/{rel}","templated":true}]}}