{"id":751609,"date":"2025-08-28T04:53:47","date_gmt":"2025-08-28T01:53:47","guid":{"rendered":"https:\/\/roveyayinevi.com.tr\/index.php\/urun\/sekreter-kimin-nesi-var-3\/"},"modified":"2026-04-16T03:04:50","modified_gmt":"2026-04-16T00:04:50","slug":"sekreter-kimin-nesi-var-3","status":"publish","type":"product","link":"https:\/\/roveyayinevi.com.tr\/index.php\/urun\/sekreter-kimin-nesi-var-3\/","title":{"rendered":"Sekreter Kim\u2019in Nesi Var 3"},"content":{"rendered":"<p>Sekreter Kim, yapbozun eksik par\u00e7alar\u0131n\u0131 birle\u015ftiriyor ve ge\u00e7mi\u015fin sakl\u0131 ger\u00e7eklerini bir bir g\u00fcn y\u00fcz\u00fcne \u00e7\u0131kar\u0131yor. S\u0131rlar ortaya \u00e7\u0131kt\u0131k\u00e7a y\u0131llard\u0131r arad\u0131\u011f\u0131 hayat\u0131n\u0131n a\u015fk\u0131na bir ad\u0131m daha yakla\u015f\u0131yor. <\/p>\n","protected":false},"excerpt":{"rendered":"<p>Sekreter Kim, yapbozun eksik par\u00e7alar\u0131n\u0131 birle\u015ftiriyor ve ge\u00e7mi\u015fin sakl\u0131 ger\u00e7eklerini bir bir g\u00fcn y\u00fcz\u00fcne \u00e7\u0131kar\u0131yor. S\u0131rlar ortaya \u00e7\u0131kt\u0131k\u00e7a y\u0131llard\u0131r arad\u0131\u011f\u0131 hayat\u0131n\u0131n a\u015fk\u0131na bir ad\u0131m daha yakla\u015f\u0131yor.<\/p>\n","protected":false},"featured_media":0,"template":"","meta":{"_monsterinsights_skip_tracking":false,"_monsterinsights_sitenote_active":false,"_monsterinsights_sitenote_note":"","_monsterinsights_sitenote_category":0},"product_brand":[],"product_cat":[12416,12291],"product_tag":[],"class_list":{"0":"post-751609","1":"product","2":"type-product","3":"status-publish","5":"product_cat-cizgi-roman","6":"product_cat-edebiyat","7":"pa_cilt-ciltsiz","8":"pa_tur-kitap","9":"pa_yayinevi-athica-yayinlari","10":"pa_yazar-jeong-gyeong-yun","12":"first","13":"instock","14":"sale","15":"shipping-taxable","16":"purchasable","17":"product-type-simple"},"_links":{"self":[{"href":"https:\/\/roveyayinevi.com.tr\/index.php\/wp-json\/wp\/v2\/product\/751609","targetHints":{"allow":["GET"]}}],"collection":[{"href":"https:\/\/roveyayinevi.com.tr\/index.php\/wp-json\/wp\/v2\/product"}],"about":[{"href":"https:\/\/roveyayinevi.com.tr\/index.php\/wp-json\/wp\/v2\/types\/product"}],"wp:attachment":[{"href":"https:\/\/roveyayinevi.com.tr\/index.php\/wp-json\/wp\/v2\/media?parent=751609"}],"wp:term":[{"taxonomy":"product_brand","embeddable":true,"href":"https:\/\/roveyayinevi.com.tr\/index.php\/wp-json\/wp\/v2\/product_brand?post=751609"},{"taxonomy":"product_cat","embeddable":true,"href":"https:\/\/roveyayinevi.com.tr\/index.php\/wp-json\/wp\/v2\/product_cat?post=751609"},{"taxonomy":"product_tag","embeddable":true,"href":"https:\/\/roveyayinevi.com.tr\/index.php\/wp-json\/wp\/v2\/product_tag?post=751609"}],"curies":[{"name":"wp","href":"https:\/\/api.w.org\/{rel}","templated":true}]}}