{"id":751604,"date":"2025-08-28T04:53:38","date_gmt":"2025-08-28T01:53:38","guid":{"rendered":"https:\/\/roveyayinevi.com.tr\/index.php\/urun\/rus-milliyetciligi\/"},"modified":"2026-04-16T03:04:50","modified_gmt":"2026-04-16T00:04:50","slug":"rus-milliyetciligi","status":"publish","type":"product","link":"https:\/\/roveyayinevi.com.tr\/index.php\/urun\/rus-milliyetciligi\/","title":{"rendered":"Rus Milliyet\u00e7ili\u011fi"},"content":{"rendered":"<p>\u201cRus milliyet\u00e7ili\u011finin \u00f6nemli bir unsuru, Rusya tarihinin Bat\u0131\u2019dan farkl\u0131 bir \u00e7izgide geli\u015fti\u011fi inanc\u0131yd\u0131. Rus milliyet\u00e7ileri, Rusya\u2019n\u0131n kendisine yeni bir \u2018milli\u2019 geli\u015fme yolu bulmas\u0131 gerekti\u011fi fikrini savunmu\u015flard\u0131r. \u00c7a\u011fda\u015f Rus milliyet\u00e7ileri de Rusya i\u00e7in \u2018\u00f6zg\u00fcn yol\u2019 inanc\u0131n\u0131 payla\u015f\u0131yorlard\u0131.\u201d   Jeopolitik arenan\u0131n en \u00f6nemli g\u00fc\u00e7 odaklar\u0131ndan Rusya\u2019y\u0131 daha derinden anlayabilmek i\u00e7in Rusya\u2019n\u0131n tarihini oldu\u011fu kadar insan\u0131n\u0131 \u015fekillendiren fikirleri de bilmek gerekir. Sovyetler Birli\u011fi\u2019nin \u00e7\u00f6k\u00fc\u015f\u00fcnden K\u0131r\u0131m\u2019\u0131n ilhak\u0131na, Kafkasya\u2019daki \u00e7at\u0131\u015fmalardan Ukrayna Sava\u015f\u0131\u2019na kadar yak\u0131n tarihte d\u00fcnya g\u00fcndemini sarsan \u00f6nemli olaylar\u0131n perde arkas\u0131nda Rus milliyet\u00e7ili\u011fi yatmaktad\u0131r.  Do\u00e7. Dr. \u0130dil Tun\u00e7er K\u0131lavuz, Rus Milliyet\u00e7ili\u011fi kitab\u0131nda Rusya\u2019n\u0131n yak\u0131n tarihini \u015fekillendiren bu ideolojinin t\u00fcm n\u00fcanslar\u0131na \u0131\u015f\u0131k tutuyor. <\/p>\n","protected":false},"excerpt":{"rendered":"<p>\u201cRus milliyet\u00e7ili\u011finin \u00f6nemli bir unsuru, Rusya tarihinin Bat\u0131\u2019dan farkl\u0131 bir \u00e7izgide geli\u015fti\u011fi inanc\u0131yd\u0131. Rus milliyet\u00e7ileri, Rusya\u2019n\u0131n kendisine yeni bir \u2018milli\u2019 geli\u015fme yolu bulmas\u0131 gerekti\u011fi fikrini savunmu\u015flard\u0131r.<span class=\"excerpt-hellip\"> [\u2026]<\/span><\/p>\n","protected":false},"featured_media":0,"template":"","meta":{"_monsterinsights_skip_tracking":false,"_monsterinsights_sitenote_active":false,"_monsterinsights_sitenote_note":"","_monsterinsights_sitenote_category":0},"product_brand":[],"product_cat":[13590,12337],"product_tag":[],"class_list":{"0":"post-751604","1":"product","2":"type-product","3":"status-publish","5":"product_cat-arastirma-inceleme-politika-siyaset","6":"product_cat-politika-siyaset","7":"pa_cilt-ciltsiz","8":"pa_tur-kitap","9":"pa_yayinevi-dogan-kitap","10":"pa_yazar-idil-tuncer-kilavuz","12":"first","13":"instock","14":"sale","15":"shipping-taxable","16":"purchasable","17":"product-type-simple"},"_links":{"self":[{"href":"https:\/\/roveyayinevi.com.tr\/index.php\/wp-json\/wp\/v2\/product\/751604","targetHints":{"allow":["GET"]}}],"collection":[{"href":"https:\/\/roveyayinevi.com.tr\/index.php\/wp-json\/wp\/v2\/product"}],"about":[{"href":"https:\/\/roveyayinevi.com.tr\/index.php\/wp-json\/wp\/v2\/types\/product"}],"wp:attachment":[{"href":"https:\/\/roveyayinevi.com.tr\/index.php\/wp-json\/wp\/v2\/media?parent=751604"}],"wp:term":[{"taxonomy":"product_brand","embeddable":true,"href":"https:\/\/roveyayinevi.com.tr\/index.php\/wp-json\/wp\/v2\/product_brand?post=751604"},{"taxonomy":"product_cat","embeddable":true,"href":"https:\/\/roveyayinevi.com.tr\/index.php\/wp-json\/wp\/v2\/product_cat?post=751604"},{"taxonomy":"product_tag","embeddable":true,"href":"https:\/\/roveyayinevi.com.tr\/index.php\/wp-json\/wp\/v2\/product_tag?post=751604"}],"curies":[{"name":"wp","href":"https:\/\/api.w.org\/{rel}","templated":true}]}}