{"id":751602,"date":"2025-08-28T04:53:34","date_gmt":"2025-08-28T01:53:34","guid":{"rendered":"https:\/\/roveyayinevi.com.tr\/index.php\/urun\/gul-kokusunun-sesini-duyan-nezihe-meric\/"},"modified":"2026-04-16T03:04:50","modified_gmt":"2026-04-16T00:04:50","slug":"gul-kokusunun-sesini-duyan-nezihe-meric","status":"publish","type":"product","link":"https:\/\/roveyayinevi.com.tr\/index.php\/urun\/gul-kokusunun-sesini-duyan-nezihe-meric\/","title":{"rendered":"G\u00fcl Kokusunun Sesini Duyan Nezihe Meri\u00e7"},"content":{"rendered":"<p>G\u00fcl Kokusunun Sesini Duyan Nezihe Meri\u00e7, \u00dclker \u0130nce\u2019nin Nezihe Meri\u00e7 anlat\u0131c\u0131l\u0131\u011f\u0131na yak\u0131ndan bak\u0131\u015f denemesidir. Bir yazar\u0131n edeb\u00ee d\u00fcnyas\u0131na, yarat\u0131c\u0131l\u0131\u011f\u0131n\u0131n kaynaklar\u0131na d\u00f6n\u00fck monografik \u00e7al\u0131\u015fman\u0131n i\u00e7erdi\u011fi anlam bir dostluk yak\u0131nl\u0131\u011f\u0131n\u0131n getirdi\u011fi tan\u0131kl\u0131\u011f\u0131 da i\u00e7ermesidir. \u201c1950 Ku\u015fa\u011f\u0131\u201dn\u0131n bu \u00f6nc\u00fc kimli\u011finin anlat\u0131 evrenine d\u00f6n\u00fck okumalar i\u00e7in bir ba\u015flang\u0131\u00e7 kitab\u0131 olarak da nitelendirebiliriz \u00dclker \u0130nce\u2019nin G\u00fcl Kokusunun Sesi\u2019ni. Nezihe Meri\u00e7\u2019in \u00f6yk\u00fcleri ve \u00f6yk\u00fcc\u00fcl\u00fc\u011f\u00fc \u00fczerine bir \u015fey s\u00f6ylemek isteyenler bunlar\u0131 da bilsinler istiyorum art\u0131k \u00e7\u00fcnk\u00fc \u015fimdi anl\u0131yorum ki ben bu yaz\u0131lar\u0131 hi\u00e7bir \u00f6n d\u00fc\u015f\u00fcncem olmadan ya da edebiyat ortam\u0131nda dola\u015f\u0131mda bulunan de\u011ferlendirmelerden hi\u00e7 etkilenmeden yazm\u0131\u015f\u0131m, haz\u0131r bir soruya yan\u0131t aramak gibi bir \u015fey yokmu\u015f kafamda; \u00f6rne\u011fin, \u201cNezihe Meri\u00e7 kad\u0131n sorununa acaba nas\u0131l yakla\u015f\u0131yor?\u201d dememi\u015fim ya da, ne bileyim, \u201co d\u00f6nem yazarlar\u0131n\u0131n \u00f6nemli izleklerini Nezihe Meri\u00e7\u2019te de g\u00f6r\u00fcyor muyuz acaba?\u201d dememi\u015fim ya da \u201cNezihe Meri\u00e7\u2019in T\u00fcrk \u00f6yk\u00fcc\u00fcl\u00fc\u011f\u00fcndeki ya da \u00f6nc\u00fc ku\u015fak i\u00e7indeki yeri ve \u00f6nemi nedir?\u201d dememi\u015fim. Metinlere g\u00f6zl\u00fcks\u00fcz bakm\u0131\u015f\u0131m, bu ne kadar olanakl\u0131ysa. G\u00f6zl\u00fckle bakmak her zaman iyi de\u011fildir \u00e7\u00fcnk\u00fc. Hele g\u00f6zl\u00fck renkliyse ger\u00e7ek renkleri g\u00f6rmenizi engelleyebilir. \u00dclker \u0130nce <\/p>\n","protected":false},"excerpt":{"rendered":"<p>G\u00fcl Kokusunun Sesini Duyan Nezihe Meri\u00e7, \u00dclker \u0130nce\u2019nin Nezihe Meri\u00e7 anlat\u0131c\u0131l\u0131\u011f\u0131na yak\u0131ndan bak\u0131\u015f denemesidir. Bir yazar\u0131n edeb\u00ee d\u00fcnyas\u0131na, yarat\u0131c\u0131l\u0131\u011f\u0131n\u0131n kaynaklar\u0131na d\u00f6n\u00fck monografik \u00e7al\u0131\u015fman\u0131n i\u00e7erdi\u011fi anlam bir<span class=\"excerpt-hellip\"> [\u2026]<\/span><\/p>\n","protected":false},"featured_media":0,"template":"","meta":{"_monsterinsights_skip_tracking":false,"_monsterinsights_sitenote_active":false,"_monsterinsights_sitenote_note":"","_monsterinsights_sitenote_category":0},"product_brand":[],"product_cat":[12777,12291],"product_tag":[],"class_list":{"0":"post-751602","1":"product","2":"type-product","3":"status-publish","5":"product_cat-deneme","6":"product_cat-edebiyat","7":"pa_cilt-ciltsiz","8":"pa_tur-kitap","9":"pa_yayinevi-eksik-parca-yayinlari","10":"pa_yazar-ulker-ince","12":"first","13":"instock","14":"sale","15":"shipping-taxable","16":"purchasable","17":"product-type-simple"},"_links":{"self":[{"href":"https:\/\/roveyayinevi.com.tr\/index.php\/wp-json\/wp\/v2\/product\/751602","targetHints":{"allow":["GET"]}}],"collection":[{"href":"https:\/\/roveyayinevi.com.tr\/index.php\/wp-json\/wp\/v2\/product"}],"about":[{"href":"https:\/\/roveyayinevi.com.tr\/index.php\/wp-json\/wp\/v2\/types\/product"}],"wp:attachment":[{"href":"https:\/\/roveyayinevi.com.tr\/index.php\/wp-json\/wp\/v2\/media?parent=751602"}],"wp:term":[{"taxonomy":"product_brand","embeddable":true,"href":"https:\/\/roveyayinevi.com.tr\/index.php\/wp-json\/wp\/v2\/product_brand?post=751602"},{"taxonomy":"product_cat","embeddable":true,"href":"https:\/\/roveyayinevi.com.tr\/index.php\/wp-json\/wp\/v2\/product_cat?post=751602"},{"taxonomy":"product_tag","embeddable":true,"href":"https:\/\/roveyayinevi.com.tr\/index.php\/wp-json\/wp\/v2\/product_tag?post=751602"}],"curies":[{"name":"wp","href":"https:\/\/api.w.org\/{rel}","templated":true}]}}