{"id":751601,"date":"2025-08-28T04:53:33","date_gmt":"2025-08-28T01:53:33","guid":{"rendered":"https:\/\/roveyayinevi.com.tr\/index.php\/urun\/her-ailenin-bir-hikayesi-vardir\/"},"modified":"2026-04-16T03:04:50","modified_gmt":"2026-04-16T00:04:50","slug":"her-ailenin-bir-hikayesi-vardir","status":"publish","type":"product","link":"https:\/\/roveyayinevi.com.tr\/index.php\/urun\/her-ailenin-bir-hikayesi-vardir\/","title":{"rendered":"Her Ailenin Bir Hikayesi Vard\u0131r"},"content":{"rendered":"<p>Neden baz\u0131 aileler zorluklar\u0131n \u00fcstesinden gelirken di\u011ferleri da\u011f\u0131l\u0131r? Aileler zor ge\u00e7i\u015f d\u00f6nemlerini birlikte nas\u0131l atlatabilir? Ailelerimiz bizi neden bizi zora sokar? K\u00fc\u00e7\u00fck de\u011fi\u015fiklikler bile ili\u015fkilerimizi nas\u0131l b\u00fcy\u00fck \u00f6l\u00e7\u00fcde iyile\u015ftirebilir?   Bu Da Ge\u00e7ecek\u2019in yazar\u0131 Julia Samuel, Her Ailenin Bir Hik\u00e2yesi Vard\u0131r\u2019da farkl\u0131 ku\u015faklardan \u00e7e\u015fitli ailelerle yapt\u0131\u011f\u0131 seanslardan yararlan\u0131yor. Sekiz vaka \u00e7al\u0131\u015fmas\u0131yla kay\u0131p, evden ayr\u0131lma, ayr\u0131l\u0131k ve \u00fcvey ili\u015fkilere kadar bir dizi ortak sorunu analiz ediyor. Asl\u0131nda ne kadar\u0131n\u0131n kal\u0131tsal oldu\u011funu ve birlikte y\u00fczle\u015fme yap\u0131ld\u0131\u011f\u0131nda ne kadar\u0131n\u0131n iyile\u015ftirilebilece\u011fini g\u00f6steriyor. Bu kitap, travma ve zorluklar\u0131n ortas\u0131nda ba\u011f\u0131\u015flama, umut ve sevgi hakk\u0131nda unutulmaz \u00f6yk\u00fcler anlatan dokunakl\u0131 ve g\u00fcven verici bir meditasyondur.   \u201cEsasl\u0131, zeki, nazik.\u201d Alain de Botton \u201cJulia&#8217;n\u0131n \u00e7al\u0131\u015fmalar\u0131n\u0131n b\u00fcy\u00fck bir hayran\u0131y\u0131m.\u201d Elizabeth Day \u201cBunu okuyan herkes derin bir \u015feyler \u00f6\u011frenecek.\u201d Dr. Rachel Clarke \u201cT\u00fcm aileler i\u00e7in canl\u0131 bilgiler sunan bir kitap.\u201d Kathryn Mannix \u201cYazd\u0131\u011f\u0131 her kelimeye bay\u0131l\u0131yorum.\u201d Cathy Rentzenbrink \u201c\u0130lgi \u00e7ekici, bilgilendirici ve \u00e7ok iyi yaz\u0131lm\u0131\u015f.\u201d Philippa Perry \u201cBilgelik k\u00fcl\u00e7eleriyle dolu.\u201d Jackie Annesley, Sunday Times \u201cS\u00fcr\u00fckleyici, c\u00f6mert&#8230; bir raf dolusu ders kitab\u0131na bedel m\u00fckemmel tavsiyeler.\u201d Bel Mooney, Daily Mail \u201cAile ili\u015fkilerini daha iyi anlamak i\u00e7in son derece \u00f6nemli ve \u015fefkatli bir kitap. \u015eiddetle tavsiye edilir.\u201d Liz Earle <\/p>\n","protected":false},"excerpt":{"rendered":"<p>Neden baz\u0131 aileler zorluklar\u0131n \u00fcstesinden gelirken di\u011ferleri da\u011f\u0131l\u0131r? Aileler zor ge\u00e7i\u015f d\u00f6nemlerini birlikte nas\u0131l atlatabilir? Ailelerimiz bizi neden bizi zora sokar? K\u00fc\u00e7\u00fck de\u011fi\u015fiklikler bile ili\u015fkilerimizi nas\u0131l<span class=\"excerpt-hellip\"> [\u2026]<\/span><\/p>\n","protected":false},"featured_media":0,"template":"","meta":{"_monsterinsights_skip_tracking":false,"_monsterinsights_sitenote_active":false,"_monsterinsights_sitenote_note":"","_monsterinsights_sitenote_category":0},"product_brand":[],"product_cat":[12357],"product_tag":[],"class_list":{"0":"post-751601","1":"product","2":"type-product","3":"status-publish","5":"product_cat-psikoloji","6":"pa_cilt-ciltsiz","7":"pa_tur-kitap","8":"pa_yayinevi-eksik-parca-yayinlari","9":"pa_yazar-julia-samuel","11":"first","12":"instock","13":"sale","14":"shipping-taxable","15":"purchasable","16":"product-type-simple"},"_links":{"self":[{"href":"https:\/\/roveyayinevi.com.tr\/index.php\/wp-json\/wp\/v2\/product\/751601","targetHints":{"allow":["GET"]}}],"collection":[{"href":"https:\/\/roveyayinevi.com.tr\/index.php\/wp-json\/wp\/v2\/product"}],"about":[{"href":"https:\/\/roveyayinevi.com.tr\/index.php\/wp-json\/wp\/v2\/types\/product"}],"wp:attachment":[{"href":"https:\/\/roveyayinevi.com.tr\/index.php\/wp-json\/wp\/v2\/media?parent=751601"}],"wp:term":[{"taxonomy":"product_brand","embeddable":true,"href":"https:\/\/roveyayinevi.com.tr\/index.php\/wp-json\/wp\/v2\/product_brand?post=751601"},{"taxonomy":"product_cat","embeddable":true,"href":"https:\/\/roveyayinevi.com.tr\/index.php\/wp-json\/wp\/v2\/product_cat?post=751601"},{"taxonomy":"product_tag","embeddable":true,"href":"https:\/\/roveyayinevi.com.tr\/index.php\/wp-json\/wp\/v2\/product_tag?post=751601"}],"curies":[{"name":"wp","href":"https:\/\/api.w.org\/{rel}","templated":true}]}}