{"id":751599,"date":"2025-08-28T04:53:30","date_gmt":"2025-08-28T01:53:30","guid":{"rendered":"https:\/\/roveyayinevi.com.tr\/index.php\/urun\/kalbin-yolunda-oyunda-kal\/"},"modified":"2026-04-11T14:20:08","modified_gmt":"2026-04-11T11:20:08","slug":"kalbin-yolunda-oyunda-kal","status":"publish","type":"product","link":"https:\/\/roveyayinevi.com.tr\/index.php\/urun\/kalbin-yolunda-oyunda-kal\/","title":{"rendered":"Kalbin Yolunda Oyunda Kal"},"content":{"rendered":"<p>Bireyin uyan\u0131\u015f s\u00fcrecinde kendisi ile bulu\u015fmas\u0131na destek olacak bir \u00e7al\u0131\u015fma kitab\u0131d\u0131r. Okuyucuyu kendi i\u00e7inde ruhsal yolculu\u011fa \u00e7\u0131kar\u0131p kalp kap\u0131lar\u0131n\u0131 \u015fifaya a\u00e7abilmesine destek olarak uyan\u0131\u015f\u0131na vesile olacak bir kurguya sahiptir. Yazar\u0131n ya\u015fam \u00f6yk\u00fcs\u00fcnden ve kendilerini ke\u015ffetme yolculuklar\u0131na e\u015flik etti\u011fi bir\u00e7ok kalpten (dan\u0131\u015fan) ilham alarak yaz\u0131lm\u0131\u015ft\u0131r. Grup e\u011fitimlerini ve bireysel \u00e7al\u0131\u015fmalar\u0131 da i\u00e7erisine dahil etti\u011fi bir spirit\u00fcel \u00e7al\u0131\u015fma ve uygulama modelidir.<\/p>\n","protected":false},"excerpt":{"rendered":"<p>Bireyin uyan\u0131\u015f s\u00fcrecinde kendisi ile bulu\u015fmas\u0131na destek olacak bir \u00e7al\u0131\u015fma kitab\u0131d\u0131r. Okuyucuyu kendi i\u00e7inde ruhsal yolculu\u011fa \u00e7\u0131kar\u0131p kalp kap\u0131lar\u0131n\u0131 \u015fifaya a\u00e7abilmesine destek olarak uyan\u0131\u015f\u0131na vesile olacak<span class=\"excerpt-hellip\"> [\u2026]<\/span><\/p>\n","protected":false},"featured_media":0,"template":"","meta":{"_monsterinsights_skip_tracking":false,"_monsterinsights_sitenote_active":false,"_monsterinsights_sitenote_note":"","_monsterinsights_sitenote_category":0},"product_brand":[],"product_cat":[12364,12376],"product_tag":[],"class_list":{"0":"post-751599","1":"product","2":"type-product","3":"status-publish","5":"product_cat-genel-konular","6":"product_cat-kisisel-gelisim","7":"pa_cilt-ciltsiz","8":"pa_tur-kitap","9":"pa_yayinevi-ikiz-alev-yayinevi","10":"pa_yazar-senem-prem-nilaya","12":"first","13":"instock","14":"sale","15":"shipping-taxable","16":"purchasable","17":"product-type-simple"},"_links":{"self":[{"href":"https:\/\/roveyayinevi.com.tr\/index.php\/wp-json\/wp\/v2\/product\/751599","targetHints":{"allow":["GET"]}}],"collection":[{"href":"https:\/\/roveyayinevi.com.tr\/index.php\/wp-json\/wp\/v2\/product"}],"about":[{"href":"https:\/\/roveyayinevi.com.tr\/index.php\/wp-json\/wp\/v2\/types\/product"}],"wp:attachment":[{"href":"https:\/\/roveyayinevi.com.tr\/index.php\/wp-json\/wp\/v2\/media?parent=751599"}],"wp:term":[{"taxonomy":"product_brand","embeddable":true,"href":"https:\/\/roveyayinevi.com.tr\/index.php\/wp-json\/wp\/v2\/product_brand?post=751599"},{"taxonomy":"product_cat","embeddable":true,"href":"https:\/\/roveyayinevi.com.tr\/index.php\/wp-json\/wp\/v2\/product_cat?post=751599"},{"taxonomy":"product_tag","embeddable":true,"href":"https:\/\/roveyayinevi.com.tr\/index.php\/wp-json\/wp\/v2\/product_tag?post=751599"}],"curies":[{"name":"wp","href":"https:\/\/api.w.org\/{rel}","templated":true}]}}