{"id":751598,"date":"2025-08-28T04:53:29","date_gmt":"2025-08-28T01:53:29","guid":{"rendered":"https:\/\/roveyayinevi.com.tr\/index.php\/urun\/uyan-turkiyem\/"},"modified":"2026-04-16T03:04:50","modified_gmt":"2026-04-16T00:04:50","slug":"uyan-turkiyem","status":"publish","type":"product","link":"https:\/\/roveyayinevi.com.tr\/index.php\/urun\/uyan-turkiyem\/","title":{"rendered":"Uyan T\u00fcrkiye\u2019m"},"content":{"rendered":"<p>T\u00fcrkiye Cumhuriyeti, B\u00fcy\u00fck Atat\u00fcrk&#8217;\u00fcn kurulu\u015fundan beri g\u00fc\u00e7lenerek bug\u00fcn d\u00fcnya \u00fczerinde etkili ve g\u00fc\u00e7l\u00fc bir devlet haline gelmi\u015ftir. Art\u0131k k\u00fcresel oyunlar\u0131 bozan, kendi b\u00f6lgesel oyununu kuran bir devlet olarak kabul edilmektedir.  Ancak T\u00fcrkiye&#8217;yi kontrol alt\u0131nda tutmak isteyen g\u00fc\u00e7ler ve tarihsel rakipleri, T\u00fcrkiye Cumhuriyeti&#8217;ni zay\u0131flatmak i\u00e7in y\u00f6ntem de\u011fi\u015ftirmi\u015f ve d\u0131\u015far\u0131daki d\u00fc\u015fmanlarla i\u00e7imizdeki hainler, birlikte T\u00fcrkiye&#8217;ye y\u00fcklenmektedirler. Yunanistan&#8217;\u0131n s\u00fcrekli talepleri, T\u00fcrks\u00fcz bir K\u0131br\u0131s, T\u00fcrkiyesiz bir Adalar Denizi ve Do\u011fu Akdeniz gibi istekleri ile FET\u00d6, T\u00fcrkiye&#8217;nin g\u00fcvenlik ve beka sorunu olarak kalmaktad\u0131r. NATO&#8217;nun T\u00fcrkiye&#8217;yi koruyan yap\u0131s\u0131 de\u011fi\u015firken Irak, Suriye ve Karaba\u011f&#8217;da T\u00fcrkler ate\u015f \u00e7emberine al\u0131nmaktad\u0131r.  T\u00fcm bunlar T\u00fcrkiye&#8217;nin s\u00fcrekli uyan\u0131k olmas\u0131 gerekti\u011fini g\u00f6stermektedir. Cihat Yayc\u0131&#8217;n\u0131n bu kitab\u0131, T\u00fcrk milletine g\u00fc\u00e7l\u00fc ve \u00f6zg\u00fcr bir gelecek vizyonu sunmak i\u00e7in tarihsel ve g\u00fcncel boyutlarda t\u00fcm tehlike ve tehditleri ortaya koymaktad\u0131r.  Kitap, okuyucuya \u00e7\u00f6z\u00fcm ve tedbir \u00f6nerileri sunarken, &#8220;UYAN T\u00dcRK\u0130YE&#8217;M&#8221; diyerek tarihe not d\u00fc\u015fmektedir. T\u00fcrkiye, art\u0131k kuruduk\u00e7a sulanan bir a\u011fa\u00e7 de\u011fil, d\u00fcnya siyasetinde s\u00f6z sahibi bir g\u00fc\u00e7t\u00fcr. Ancak bu g\u00fcc\u00fc korumak i\u00e7in uyan\u0131k kalmak ve birlikte hareket etmek gerekmektedir.<\/p>\n","protected":false},"excerpt":{"rendered":"<p>T\u00fcrkiye Cumhuriyeti, B\u00fcy\u00fck Atat\u00fcrk&#8217;\u00fcn kurulu\u015fundan beri g\u00fc\u00e7lenerek bug\u00fcn d\u00fcnya \u00fczerinde etkili ve g\u00fc\u00e7l\u00fc bir devlet haline gelmi\u015ftir. Art\u0131k k\u00fcresel oyunlar\u0131 bozan, kendi b\u00f6lgesel oyununu kuran bir<span class=\"excerpt-hellip\"> [\u2026]<\/span><\/p>\n","protected":false},"featured_media":0,"template":"","meta":{"_monsterinsights_skip_tracking":false,"_monsterinsights_sitenote_active":false,"_monsterinsights_sitenote_note":"","_monsterinsights_sitenote_category":0},"product_brand":[],"product_cat":[13590,12337],"product_tag":[],"class_list":{"0":"post-751598","1":"product","2":"type-product","3":"status-publish","5":"product_cat-arastirma-inceleme-politika-siyaset","6":"product_cat-politika-siyaset","7":"pa_cilt-ciltsiz","8":"pa_tur-kitap","9":"pa_yayinevi-girdap-yayinlari","10":"pa_yazar-cihat-yayci","12":"first","13":"instock","14":"sale","15":"shipping-taxable","16":"purchasable","17":"product-type-simple"},"_links":{"self":[{"href":"https:\/\/roveyayinevi.com.tr\/index.php\/wp-json\/wp\/v2\/product\/751598","targetHints":{"allow":["GET"]}}],"collection":[{"href":"https:\/\/roveyayinevi.com.tr\/index.php\/wp-json\/wp\/v2\/product"}],"about":[{"href":"https:\/\/roveyayinevi.com.tr\/index.php\/wp-json\/wp\/v2\/types\/product"}],"wp:attachment":[{"href":"https:\/\/roveyayinevi.com.tr\/index.php\/wp-json\/wp\/v2\/media?parent=751598"}],"wp:term":[{"taxonomy":"product_brand","embeddable":true,"href":"https:\/\/roveyayinevi.com.tr\/index.php\/wp-json\/wp\/v2\/product_brand?post=751598"},{"taxonomy":"product_cat","embeddable":true,"href":"https:\/\/roveyayinevi.com.tr\/index.php\/wp-json\/wp\/v2\/product_cat?post=751598"},{"taxonomy":"product_tag","embeddable":true,"href":"https:\/\/roveyayinevi.com.tr\/index.php\/wp-json\/wp\/v2\/product_tag?post=751598"}],"curies":[{"name":"wp","href":"https:\/\/api.w.org\/{rel}","templated":true}]}}