{"id":751597,"date":"2025-08-28T04:53:27","date_gmt":"2025-08-28T01:53:27","guid":{"rendered":"https:\/\/roveyayinevi.com.tr\/index.php\/urun\/gonlumdeki-guz\/"},"modified":"2026-04-16T03:04:50","modified_gmt":"2026-04-16T00:04:50","slug":"gonlumdeki-guz","status":"publish","type":"product","link":"https:\/\/roveyayinevi.com.tr\/index.php\/urun\/gonlumdeki-guz\/","title":{"rendered":"G\u00f6nl\u00fcmdeki G\u00fcz"},"content":{"rendered":"<p>G\u00f6nl\u00fcmdeki G\u00fcz\u2019de yer alan \u00f6yk\u00fclerinde Feridun Anda\u00e7 okuru yepyeni duygu yolculuklar\u0131na \u00e7\u0131kar\u0131yor. Bir yere, bir zamana, bir d\u00fc\u015fe d\u00f6n\u00fck bak\u0131\u015f\u0131nda \u00e2nlar\u0131n, durumlar\u0131n insan \u00f6yk\u00fclerine sinen ger\u00e7ekliklerini yans\u0131t\u0131yor. \u201cYeni s\u00f6z\u201d\u00fcn ard\u0131nda bir anlat\u0131c\u0131n\u0131n \u00f6yk\u00fcdeki bak\u0131\u015f\u0131n\u0131, anlat\u0131m bi\u00e7imini \u00f6ne \u00e7\u0131karan metinlerin dokusunda yer alan ya\u015fanm\u0131\u015fl\u0131k duygusu zaman tan\u0131kl\u0131klar\u0131n\u0131 da i\u00e7eriyor. \u00d6yk\u00fcn\u00fcn zaman\u0131ndan s\u00f6z\u00fcn ve sesin duygu zamanlar\u0131na d\u00f6n\u00fck bellek yolculuklar\u0131na \u00e7\u0131kar\u0131yor okurunu Feridun Anda\u00e7.   \u201c\u00d6zcesi \u015fu; \u00f6yk\u00fc her \u00e2n, her yerde kar\u015f\u0131n\u0131za \u00e7\u0131kar, siz de o \u00e2n\u0131n imgesi\/ duygu t\u0131n\u0131s\u0131 ve d\u00fc\u015f\u00fcnce iksiriyle oturur yazars\u0131n\u0131z. \u00d6yk\u00fc yazmak, bence, \u2018\u00f6zel\u2019 bir durum gerektirmeyen anlat\u0131d\u0131r. Denemeye, \u015fiire yak\u0131n durmas\u0131 da bundand\u0131r. Her \u00e2n her yerde kar\u015f\u0131n\u0131za \u00e7\u0131kabilecek ger\u00e7eklik duygusuyla size kendini g\u00f6sterir.\u201d <\/p>\n","protected":false},"excerpt":{"rendered":"<p>G\u00f6nl\u00fcmdeki G\u00fcz\u2019de yer alan \u00f6yk\u00fclerinde Feridun Anda\u00e7 okuru yepyeni duygu yolculuklar\u0131na \u00e7\u0131kar\u0131yor. Bir yere, bir zamana, bir d\u00fc\u015fe d\u00f6n\u00fck bak\u0131\u015f\u0131nda \u00e2nlar\u0131n, durumlar\u0131n insan \u00f6yk\u00fclerine sinen ger\u00e7ekliklerini<span class=\"excerpt-hellip\"> [\u2026]<\/span><\/p>\n","protected":false},"featured_media":0,"template":"","meta":{"_monsterinsights_skip_tracking":false,"_monsterinsights_sitenote_active":false,"_monsterinsights_sitenote_note":"","_monsterinsights_sitenote_category":0},"product_brand":[],"product_cat":[12291,12711],"product_tag":[],"class_list":{"0":"post-751597","1":"product","2":"type-product","3":"status-publish","5":"product_cat-edebiyat","6":"product_cat-roman-oyku","7":"pa_cilt-ciltsiz","8":"pa_tur-kitap","9":"pa_yayinevi-eksik-parca-yayinlari","10":"pa_yazar-feridun-andac","12":"first","13":"instock","14":"sale","15":"shipping-taxable","16":"purchasable","17":"product-type-simple"},"_links":{"self":[{"href":"https:\/\/roveyayinevi.com.tr\/index.php\/wp-json\/wp\/v2\/product\/751597","targetHints":{"allow":["GET"]}}],"collection":[{"href":"https:\/\/roveyayinevi.com.tr\/index.php\/wp-json\/wp\/v2\/product"}],"about":[{"href":"https:\/\/roveyayinevi.com.tr\/index.php\/wp-json\/wp\/v2\/types\/product"}],"wp:attachment":[{"href":"https:\/\/roveyayinevi.com.tr\/index.php\/wp-json\/wp\/v2\/media?parent=751597"}],"wp:term":[{"taxonomy":"product_brand","embeddable":true,"href":"https:\/\/roveyayinevi.com.tr\/index.php\/wp-json\/wp\/v2\/product_brand?post=751597"},{"taxonomy":"product_cat","embeddable":true,"href":"https:\/\/roveyayinevi.com.tr\/index.php\/wp-json\/wp\/v2\/product_cat?post=751597"},{"taxonomy":"product_tag","embeddable":true,"href":"https:\/\/roveyayinevi.com.tr\/index.php\/wp-json\/wp\/v2\/product_tag?post=751597"}],"curies":[{"name":"wp","href":"https:\/\/api.w.org\/{rel}","templated":true}]}}