{"id":751594,"date":"2025-08-28T04:53:23","date_gmt":"2025-08-28T01:53:23","guid":{"rendered":"https:\/\/roveyayinevi.com.tr\/index.php\/urun\/the-secret-sevgi-saglik-ve-paranin-sirri-ciltli\/"},"modified":"2026-04-16T03:04:49","modified_gmt":"2026-04-16T00:04:49","slug":"the-secret-sevgi-saglik-ve-paranin-sirri-ciltli","status":"publish","type":"product","link":"https:\/\/roveyayinevi.com.tr\/index.php\/urun\/the-secret-sevgi-saglik-ve-paranin-sirri-ciltli\/","title":{"rendered":"The Secret Sevgi, Sa\u011fl\u0131k ve Paran\u0131n S\u0131rr\u0131 (Ciltli)"},"content":{"rendered":"<p>Her \u015feye sahip olabilirsiniz. \u00c7\u0131\u011f\u0131r a\u00e7an The Secret efsanesinin yazar\u0131 Rhonda Byrne\u2019\u00fcn yaratt\u0131\u011f\u0131 bu ustal\u0131k okulu, \u00e7ekim yasas\u0131n\u0131 hayat\u0131n en \u00f6nemli \u00fc\u00e7 alan\u0131na nas\u0131l uygulayaca\u011f\u0131n\u0131z\u0131 g\u00f6steriyor: \u0130li\u015fkiler, sa\u011fl\u0131k ve para konusunda de\u011fi\u015fime haz\u0131r olun. Ki\u015fisel mutluluk, tatmin edici ili\u015fkiler, kusursuz bir sa\u011fl\u0131k, zenginlik ve ba\u015far\u0131 elde edebilirsiniz. Bu kitap size bunu nas\u0131l yapaca\u011f\u0131n\u0131z\u0131 \u00f6\u011fretiyor. Dersler, tavsiyeler ve The Secret sayesinde hayatlar\u0131n\u0131 tamamen de\u011fi\u015ftiren insanlar\u0131n ger\u00e7ek hik\u00e2yelerini payla\u015fan Rhonda Byrne, olumlu d\u00fc\u015f\u00fcnce ve duygular\u0131n g\u00fcc\u00fcn\u00fc minnet ve g\u00f6rselle\u015ftirme gibi g\u00fcnl\u00fck al\u0131\u015ft\u0131rmalarla birle\u015ftirdi\u011finizde hayallerinizdeki hayata kavu\u015fabilece\u011finizi m\u00fcjdeliyor.   Rhonda Byrne\u2019\u00fcn d\u00fcnyay\u0131 kas\u0131p kavuran The Secret efsanesi devam ediyor. Belgeseliyle milyonlarca hayata dokunan, 50\u2019den fazla dile \u00e7evrilen, 30 milyondan fazla kopya sat\u0131lan kitab\u0131yla uluslararas\u0131 bir fenomene d\u00f6n\u00fc\u015fen The Secret, bu kez size yeni bir d\u00fcnyan\u0131n kap\u0131lar\u0131n\u0131 a\u00e7\u0131yor. The Secret size olmak, yapmak ve sahip olmak istedi\u011finiz her \u015feyi nas\u0131l yarataca\u011f\u0131n\u0131z\u0131 g\u00f6sterdi. \u015eimdi de Sevgi, Sa\u011fl\u0131k ve Paran\u0131n S\u0131rr\u0131 ile hayat\u0131m\u0131z\u0131n en \u00f6nemli alanlar\u0131nda k\u00f6kl\u00fc bir de\u011fi\u015fim yaratman\u0131n ad\u0131m ad\u0131m yolunu anlat\u0131yor. \u0130li\u015fkilerimizde, sa\u011fl\u0131\u011f\u0131m\u0131zda, ekonomik durumumuzda ko\u015fullar her zaman d\u0131\u015f d\u00fcnyaya ba\u011fl\u0131 de\u011fildir ve bu konuda d\u00f6n\u00fc\u015f\u00fcm\u00fc ba\u015flatmak i\u00e7in yapabilece\u011fimiz \u00e7ok \u015fey var. Sevgi, Sa\u011fl\u0131k ve Paran\u0131n S\u0131rr\u0131 ile y\u00fcklerimizden kurtulup bolluk, huzur, uyum ve sa\u011fl\u0131k dolu bir hayat\u0131 \u00e7ekmek elimizde.<\/p>\n","protected":false},"excerpt":{"rendered":"<p>Her \u015feye sahip olabilirsiniz. \u00c7\u0131\u011f\u0131r a\u00e7an The Secret efsanesinin yazar\u0131 Rhonda Byrne\u2019\u00fcn yaratt\u0131\u011f\u0131 bu ustal\u0131k okulu, \u00e7ekim yasas\u0131n\u0131 hayat\u0131n en \u00f6nemli \u00fc\u00e7 alan\u0131na nas\u0131l uygulayaca\u011f\u0131n\u0131z\u0131 g\u00f6steriyor:<span class=\"excerpt-hellip\"> [\u2026]<\/span><\/p>\n","protected":false},"featured_media":0,"template":"","meta":{"_monsterinsights_skip_tracking":false,"_monsterinsights_sitenote_active":false,"_monsterinsights_sitenote_note":"","_monsterinsights_sitenote_category":0},"product_brand":[],"product_cat":[12364,12376],"product_tag":[],"class_list":{"0":"post-751594","1":"product","2":"type-product","3":"status-publish","5":"product_cat-genel-konular","6":"product_cat-kisisel-gelisim","7":"pa_cilt-ciltli","8":"pa_tur-kitap","9":"pa_yayinevi-artemis-yayinlari","10":"pa_yazar-rhonda-byrne","12":"first","13":"instock","14":"sale","15":"shipping-taxable","16":"purchasable","17":"product-type-simple"},"_links":{"self":[{"href":"https:\/\/roveyayinevi.com.tr\/index.php\/wp-json\/wp\/v2\/product\/751594","targetHints":{"allow":["GET"]}}],"collection":[{"href":"https:\/\/roveyayinevi.com.tr\/index.php\/wp-json\/wp\/v2\/product"}],"about":[{"href":"https:\/\/roveyayinevi.com.tr\/index.php\/wp-json\/wp\/v2\/types\/product"}],"wp:attachment":[{"href":"https:\/\/roveyayinevi.com.tr\/index.php\/wp-json\/wp\/v2\/media?parent=751594"}],"wp:term":[{"taxonomy":"product_brand","embeddable":true,"href":"https:\/\/roveyayinevi.com.tr\/index.php\/wp-json\/wp\/v2\/product_brand?post=751594"},{"taxonomy":"product_cat","embeddable":true,"href":"https:\/\/roveyayinevi.com.tr\/index.php\/wp-json\/wp\/v2\/product_cat?post=751594"},{"taxonomy":"product_tag","embeddable":true,"href":"https:\/\/roveyayinevi.com.tr\/index.php\/wp-json\/wp\/v2\/product_tag?post=751594"}],"curies":[{"name":"wp","href":"https:\/\/api.w.org\/{rel}","templated":true}]}}