{"id":751592,"date":"2025-08-28T04:53:19","date_gmt":"2025-08-28T01:53:19","guid":{"rendered":"https:\/\/roveyayinevi.com.tr\/index.php\/urun\/death-note-short-stories-kisa-oykuler\/"},"modified":"2026-04-16T03:04:49","modified_gmt":"2026-04-16T00:04:49","slug":"death-note-short-stories-kisa-oykuler","status":"publish","type":"product","link":"https:\/\/roveyayinevi.com.tr\/index.php\/urun\/death-note-short-stories-kisa-oykuler\/","title":{"rendered":"Death Note Short Stories &#8211; K\u0131sa \u00d6yk\u00fcler"},"content":{"rendered":"<p>Kira&#8217;n\u0131n \u00f6yk\u00fcs\u00fc ger\u00e7ekten bitti mi yoksa etkisi h\u00e2l\u00e2 devam m\u0131 ediyor?   Serinin yarat\u0131c\u0131lar\u0131 taraf\u0131ndan kaleme al\u0131nan Death Note k\u0131sa \u00f6yk\u00fclerden olu\u015fan bu eksiksiz koleksiyonda, Death Note&#8217;un netameli etkisiyle geri d\u00f6n\u00fclmez bir \u015fekilde de\u011fi\u015fen hayatlar\u0131n hikayelerini ke\u015ffedin.     &#8220;C-Kira&#8221; ve &#8220;a-Kira&#8221; \u00f6yk\u00fcleri, ilk Death Note\u2019un \u00f6yk\u00fcs\u00fc, L&#8217;in hayat\u0131ndan k\u0131sa kesitler ve daha fazlas\u0131\u2026 <\/p>\n","protected":false},"excerpt":{"rendered":"<p>Kira&#8217;n\u0131n \u00f6yk\u00fcs\u00fc ger\u00e7ekten bitti mi yoksa etkisi h\u00e2l\u00e2 devam m\u0131 ediyor? Serinin yarat\u0131c\u0131lar\u0131 taraf\u0131ndan kaleme al\u0131nan Death Note k\u0131sa \u00f6yk\u00fclerden olu\u015fan bu eksiksiz koleksiyonda, Death Note&#8217;un<span class=\"excerpt-hellip\"> [\u2026]<\/span><\/p>\n","protected":false},"featured_media":0,"template":"","meta":{"_monsterinsights_skip_tracking":false,"_monsterinsights_sitenote_active":false,"_monsterinsights_sitenote_note":"","_monsterinsights_sitenote_category":0},"product_brand":[],"product_cat":[12416,12291],"product_tag":[],"class_list":{"0":"post-751592","1":"product","2":"type-product","3":"status-publish","5":"product_cat-cizgi-roman","6":"product_cat-edebiyat","7":"pa_cilt-ciltsiz","8":"pa_tur-kitap","9":"pa_yayinevi-akil-celen-kitaplar","10":"pa_yazar-tsugumi-ooba","12":"first","13":"instock","14":"sale","15":"shipping-taxable","16":"purchasable","17":"product-type-simple"},"_links":{"self":[{"href":"https:\/\/roveyayinevi.com.tr\/index.php\/wp-json\/wp\/v2\/product\/751592","targetHints":{"allow":["GET"]}}],"collection":[{"href":"https:\/\/roveyayinevi.com.tr\/index.php\/wp-json\/wp\/v2\/product"}],"about":[{"href":"https:\/\/roveyayinevi.com.tr\/index.php\/wp-json\/wp\/v2\/types\/product"}],"wp:attachment":[{"href":"https:\/\/roveyayinevi.com.tr\/index.php\/wp-json\/wp\/v2\/media?parent=751592"}],"wp:term":[{"taxonomy":"product_brand","embeddable":true,"href":"https:\/\/roveyayinevi.com.tr\/index.php\/wp-json\/wp\/v2\/product_brand?post=751592"},{"taxonomy":"product_cat","embeddable":true,"href":"https:\/\/roveyayinevi.com.tr\/index.php\/wp-json\/wp\/v2\/product_cat?post=751592"},{"taxonomy":"product_tag","embeddable":true,"href":"https:\/\/roveyayinevi.com.tr\/index.php\/wp-json\/wp\/v2\/product_tag?post=751592"}],"curies":[{"name":"wp","href":"https:\/\/api.w.org\/{rel}","templated":true}]}}