{"id":751591,"date":"2025-08-28T04:53:18","date_gmt":"2025-08-28T01:53:18","guid":{"rendered":"https:\/\/roveyayinevi.com.tr\/index.php\/urun\/gercek-guvercinler-1-suc-savascilari-fleksi-kapak\/"},"modified":"2026-04-01T03:08:24","modified_gmt":"2026-04-01T00:08:24","slug":"gercek-guvercinler-1-suc-savascilari-fleksi-kapak","status":"publish","type":"product","link":"https:\/\/roveyayinevi.com.tr\/index.php\/urun\/gercek-guvercinler-1-suc-savascilari-fleksi-kapak\/","title":{"rendered":"Ger\u00e7ek G\u00fcvercinler 1- Su\u00e7 Sava\u015f\u00e7\u0131lar\u0131! (Fleksi Kapak)"},"content":{"rendered":"<p>&#8220;Bu kitab\u0131 okurken sadece k\u0131k\u0131r k\u0131k\u0131r g\u00fclmekle kalmad\u0131k, ayn\u0131 zamanda orada su\u00e7la sava\u015fan GER\u00c7EK G\u00dcVERC\u0130NLER oldu\u011funu bilerek her zamankinden \u00c7OK DAHA G\u00dcVEN \u0130\u00c7\u0130NDE uyuduk!&#8221;-Peter Helliar K\u0130MD\u0130R BU GER\u00c7EK G\u00dcVERC\u0130NLER?  T\u00fcylerini gizleyerek KILIK DE\u011e\u0130\u015eT\u0130RME USTASI olanKAYA G\u00dcVERC\u0130N\u0130\u2019nin liderli\u011findeki su\u00e7la sava\u015fan kahramanlardan olu\u015fan bir ekiptir. T\u0131pk\u0131 birer dedektif gibi ipu\u00e7lar\u0131n\u0131 takip ederek t\u00fcm G\u0130ZEMLER\u0130 \u00e7\u00f6zerler! Hangi gizemleri mi?\u00d6rne\u011fin neden b\u00fct\u00fcn EKMEK KIRINTILARI aniden ortadan kayboluyordu?YARASALARI kim ka\u00e7\u0131r\u0131yordu?Acaba Ger\u00e7ek G\u00fcvercinler bir  Y\u0130YECEK KARAVANI FUARI FELAKET\u0130\u2019ni \u00f6nleyebilecek G\u00dcCE sahipler mi?  SU\u00c7 SAVA\u015e\u00c7ILARI, S\u00dcPER B\u0130R H\u0130KAYE!<\/p>\n","protected":false},"excerpt":{"rendered":"<p>&#8220;Bu kitab\u0131 okurken sadece k\u0131k\u0131r k\u0131k\u0131r g\u00fclmekle kalmad\u0131k, ayn\u0131 zamanda orada su\u00e7la sava\u015fan GER\u00c7EK G\u00dcVERC\u0130NLER oldu\u011funu bilerek her zamankinden \u00c7OK DAHA G\u00dcVEN \u0130\u00c7\u0130NDE uyuduk!&#8221;-Peter Helliar K\u0130MD\u0130R<span class=\"excerpt-hellip\"> [\u2026]<\/span><\/p>\n","protected":false},"featured_media":0,"template":"","meta":{"_monsterinsights_skip_tracking":false,"_monsterinsights_sitenote_active":false,"_monsterinsights_sitenote_note":"","_monsterinsights_sitenote_category":0},"product_brand":[],"product_cat":[12274,12284],"product_tag":[],"class_list":{"0":"post-751591","1":"product","2":"type-product","3":"status-publish","5":"product_cat-cocuk-ve-genclik-kitaplari","6":"product_cat-hikayeler","7":"pa_cilt-ciltsiz","8":"pa_tur-kitap","9":"pa_yayinevi-epsilon-yayinlari","10":"pa_yazar-andrew-mcdonald-ben-wood","12":"first","13":"instock","14":"sale","15":"shipping-taxable","16":"purchasable","17":"product-type-simple"},"_links":{"self":[{"href":"https:\/\/roveyayinevi.com.tr\/index.php\/wp-json\/wp\/v2\/product\/751591","targetHints":{"allow":["GET"]}}],"collection":[{"href":"https:\/\/roveyayinevi.com.tr\/index.php\/wp-json\/wp\/v2\/product"}],"about":[{"href":"https:\/\/roveyayinevi.com.tr\/index.php\/wp-json\/wp\/v2\/types\/product"}],"wp:attachment":[{"href":"https:\/\/roveyayinevi.com.tr\/index.php\/wp-json\/wp\/v2\/media?parent=751591"}],"wp:term":[{"taxonomy":"product_brand","embeddable":true,"href":"https:\/\/roveyayinevi.com.tr\/index.php\/wp-json\/wp\/v2\/product_brand?post=751591"},{"taxonomy":"product_cat","embeddable":true,"href":"https:\/\/roveyayinevi.com.tr\/index.php\/wp-json\/wp\/v2\/product_cat?post=751591"},{"taxonomy":"product_tag","embeddable":true,"href":"https:\/\/roveyayinevi.com.tr\/index.php\/wp-json\/wp\/v2\/product_tag?post=751591"}],"curies":[{"name":"wp","href":"https:\/\/api.w.org\/{rel}","templated":true}]}}