{"id":751590,"date":"2025-08-28T04:53:16","date_gmt":"2025-08-28T01:53:16","guid":{"rendered":"https:\/\/roveyayinevi.com.tr\/index.php\/urun\/melek-ve-ejderha\/"},"modified":"2026-04-16T03:04:49","modified_gmt":"2026-04-16T00:04:49","slug":"melek-ve-ejderha","status":"publish","type":"product","link":"https:\/\/roveyayinevi.com.tr\/index.php\/urun\/melek-ve-ejderha\/","title":{"rendered":"Melek ve Ejderha"},"content":{"rendered":"<p>\u201cD\u00fcnyan\u0131n son g\u00fcn\u00fc \u015eefkate Vicdana Ve a\u015fka \u015e\u00fckredece\u011fim\u201d   Heykel sanat\u00e7\u0131s\u0131 Elif Onaran Ben \u015eiir adl\u0131 ilk \u015fiir kitab\u0131n\u0131n ard\u0131ndan, kendi spirit\u00fcel yolculu\u011fundan da izler ta\u015f\u0131yan Melek ve Ejderha ile yeniden \u015fiir severlerle bulu\u015fuyor. <\/p>\n","protected":false},"excerpt":{"rendered":"<p>\u201cD\u00fcnyan\u0131n son g\u00fcn\u00fc \u015eefkate Vicdana Ve a\u015fka \u015e\u00fckredece\u011fim\u201d Heykel sanat\u00e7\u0131s\u0131 Elif Onaran Ben \u015eiir adl\u0131 ilk \u015fiir kitab\u0131n\u0131n ard\u0131ndan, kendi spirit\u00fcel yolculu\u011fundan da izler ta\u015f\u0131yan Melek<span class=\"excerpt-hellip\"> [\u2026]<\/span><\/p>\n","protected":false},"featured_media":0,"template":"","meta":{"_monsterinsights_skip_tracking":false,"_monsterinsights_sitenote_active":false,"_monsterinsights_sitenote_note":"","_monsterinsights_sitenote_category":0},"product_brand":[],"product_cat":[12291,12509],"product_tag":[],"class_list":{"0":"post-751590","1":"product","2":"type-product","3":"status-publish","5":"product_cat-edebiyat","6":"product_cat-siir","7":"pa_cilt-ciltsiz","8":"pa_tur-kitap","9":"pa_yayinevi-theseus-yayinevi","10":"pa_yazar-elif-onaran","12":"first","13":"instock","14":"sale","15":"shipping-taxable","16":"purchasable","17":"product-type-simple"},"_links":{"self":[{"href":"https:\/\/roveyayinevi.com.tr\/index.php\/wp-json\/wp\/v2\/product\/751590","targetHints":{"allow":["GET"]}}],"collection":[{"href":"https:\/\/roveyayinevi.com.tr\/index.php\/wp-json\/wp\/v2\/product"}],"about":[{"href":"https:\/\/roveyayinevi.com.tr\/index.php\/wp-json\/wp\/v2\/types\/product"}],"wp:attachment":[{"href":"https:\/\/roveyayinevi.com.tr\/index.php\/wp-json\/wp\/v2\/media?parent=751590"}],"wp:term":[{"taxonomy":"product_brand","embeddable":true,"href":"https:\/\/roveyayinevi.com.tr\/index.php\/wp-json\/wp\/v2\/product_brand?post=751590"},{"taxonomy":"product_cat","embeddable":true,"href":"https:\/\/roveyayinevi.com.tr\/index.php\/wp-json\/wp\/v2\/product_cat?post=751590"},{"taxonomy":"product_tag","embeddable":true,"href":"https:\/\/roveyayinevi.com.tr\/index.php\/wp-json\/wp\/v2\/product_tag?post=751590"}],"curies":[{"name":"wp","href":"https:\/\/api.w.org\/{rel}","templated":true}]}}