{"id":751589,"date":"2025-08-28T04:53:14","date_gmt":"2025-08-28T01:53:14","guid":{"rendered":"https:\/\/roveyayinevi.com.tr\/index.php\/urun\/bogazda-korku\/"},"modified":"2026-04-16T03:04:49","modified_gmt":"2026-04-16T00:04:49","slug":"bogazda-korku","status":"publish","type":"product","link":"https:\/\/roveyayinevi.com.tr\/index.php\/urun\/bogazda-korku\/","title":{"rendered":"Bo\u011fazda Korku"},"content":{"rendered":"<p>Bulgar g\u00f6\u00e7meni bir ailenin \u00e7ocu\u011fu olan \u00d6ner Ezer, \u0130stanbul Sar\u0131yer\u2019de 1948 y\u0131l\u0131nda d\u00fcnyaya gelir.Sar\u0131yer Ortaokulu, devam\u0131nda da Beyo\u011flu Atat\u00fcrk Lisesinde orta \u00f6\u011frenimini tamamlar. G\u00fczel Sanatlar Akademisine girer ancak d\u00f6nemin siyasi atmosferinden dolay\u0131 e\u011fitimini tamamlayamaz. Ticarete at\u0131l\u0131r, bir\u00e7ok i\u015f kolunda \u00e7al\u0131\u015f\u0131r, en son temizlik malzemeleri \u00fcretim ve pazarlama i\u015fi yapar, buradan da emekli olur.\u00d6ner Ezer; yay\u0131mlad\u0131\u011f\u0131 ikinci roman\u0131 \u201cBo\u011fazda Korku\u201d ile ba\u015far\u0131l\u0131 kalemini bir kez daha bizimle bulu\u015fturdu.Huzurlu hayatlar\u0131n ortas\u0131na d\u00fc\u015fen, eti kemi\u011finden itinayla s\u0131yr\u0131lm\u0131\u015f hayvan iskeletleri \u2026 B\u00f6ylesi bir vah\u015feti kim neden yapm\u0131\u015ft\u0131? \u2026D\u00fcnya denilen cennetin, insan denilen iblis eliyle cehenneme d\u00f6n\u00fc\u015fmesinin hik\u00e2yesidir bu kitap! Her t\u00fcrden at\u0131\u011f\u0131n denizlere bo\u015falt\u0131lmas\u0131, do\u011fan\u0131n katledili\u015fi, fosil yak\u0131t ter\u00f6r\u00fc ve do\u011faya yap\u0131lan pek \u00e7ok zulm\u00fcn biz insano\u011fluna d\u00f6n\u00fc\u015f\u00fcn\u00fcn t\u00fcyler \u00fcrperten bir sonucu\u2026 \u0130nsanl\u0131k bu sonu\u00e7la ba\u015fa \u00e7\u0131kabilecek mi?BU KEZ DEH\u015eET\u0130 DO\u011eA YA\u015eATACAK! <\/p>\n","protected":false},"excerpt":{"rendered":"<p>Bulgar g\u00f6\u00e7meni bir ailenin \u00e7ocu\u011fu olan \u00d6ner Ezer, \u0130stanbul Sar\u0131yer\u2019de 1948 y\u0131l\u0131nda d\u00fcnyaya gelir.Sar\u0131yer Ortaokulu, devam\u0131nda da Beyo\u011flu Atat\u00fcrk Lisesinde orta \u00f6\u011frenimini tamamlar. G\u00fczel Sanatlar Akademisine<span class=\"excerpt-hellip\"> [\u2026]<\/span><\/p>\n","protected":false},"featured_media":0,"template":"","meta":{"_monsterinsights_skip_tracking":false,"_monsterinsights_sitenote_active":false,"_monsterinsights_sitenote_note":"","_monsterinsights_sitenote_category":0},"product_brand":[],"product_cat":[12291,14777],"product_tag":[],"class_list":{"0":"post-751589","1":"product","2":"type-product","3":"status-publish","5":"product_cat-edebiyat","6":"product_cat-fantastik","7":"pa_cilt-ciltsiz","8":"pa_tur-kitap","9":"pa_yayinevi-theseus-yayinevi","10":"pa_yazar-oner-ezer","12":"first","13":"instock","14":"sale","15":"shipping-taxable","16":"purchasable","17":"product-type-simple"},"_links":{"self":[{"href":"https:\/\/roveyayinevi.com.tr\/index.php\/wp-json\/wp\/v2\/product\/751589","targetHints":{"allow":["GET"]}}],"collection":[{"href":"https:\/\/roveyayinevi.com.tr\/index.php\/wp-json\/wp\/v2\/product"}],"about":[{"href":"https:\/\/roveyayinevi.com.tr\/index.php\/wp-json\/wp\/v2\/types\/product"}],"wp:attachment":[{"href":"https:\/\/roveyayinevi.com.tr\/index.php\/wp-json\/wp\/v2\/media?parent=751589"}],"wp:term":[{"taxonomy":"product_brand","embeddable":true,"href":"https:\/\/roveyayinevi.com.tr\/index.php\/wp-json\/wp\/v2\/product_brand?post=751589"},{"taxonomy":"product_cat","embeddable":true,"href":"https:\/\/roveyayinevi.com.tr\/index.php\/wp-json\/wp\/v2\/product_cat?post=751589"},{"taxonomy":"product_tag","embeddable":true,"href":"https:\/\/roveyayinevi.com.tr\/index.php\/wp-json\/wp\/v2\/product_tag?post=751589"}],"curies":[{"name":"wp","href":"https:\/\/api.w.org\/{rel}","templated":true}]}}