{"id":751588,"date":"2025-08-28T04:53:12","date_gmt":"2025-08-28T01:53:12","guid":{"rendered":"https:\/\/roveyayinevi.com.tr\/index.php\/urun\/ahli-gecmis-zaman\/"},"modified":"2026-04-16T03:04:49","modified_gmt":"2026-04-16T00:04:49","slug":"ahli-gecmis-zaman","status":"publish","type":"product","link":"https:\/\/roveyayinevi.com.tr\/index.php\/urun\/ahli-gecmis-zaman\/","title":{"rendered":"Ah\u2019l\u0131 Ge\u00e7mi\u015f Zaman"},"content":{"rendered":"<p>Al\u0131p y\u00fcre\u011fimi koydum kefesine bahar\u0131n, A\u011f\u0131r gelen k\u0131ymetli de\u011fil Ku\u015flar a\u00e7 kalmayacakt\u0131, eksildim tamam..! \u2018\u0130\u00e7imde bir tela\u015f\u2019 kitab\u0131n\u0131n neresinden ba\u015flasam G\u00f6lgesinde kalm\u0131\u015f g\u00fcne\u015fin yamac\u0131mdaki karlar\u0131 neden eritmedin, Bahar, O\u2019nu neden getirmedin? Sokulur saramaz kollar\u0131nda, Yine de bir \u00e7i\u00e7e\u011fin yapra\u011f\u0131nda E\u011filir g\u00f6zlerinden \u00f6perim. <\/p>\n","protected":false},"excerpt":{"rendered":"<p>Al\u0131p y\u00fcre\u011fimi koydum kefesine bahar\u0131n, A\u011f\u0131r gelen k\u0131ymetli de\u011fil Ku\u015flar a\u00e7 kalmayacakt\u0131, eksildim tamam..! \u2018\u0130\u00e7imde bir tela\u015f\u2019 kitab\u0131n\u0131n neresinden ba\u015flasam G\u00f6lgesinde kalm\u0131\u015f g\u00fcne\u015fin yamac\u0131mdaki karlar\u0131 neden<span class=\"excerpt-hellip\"> [\u2026]<\/span><\/p>\n","protected":false},"featured_media":0,"template":"","meta":{"_monsterinsights_skip_tracking":false,"_monsterinsights_sitenote_active":false,"_monsterinsights_sitenote_note":"","_monsterinsights_sitenote_category":0},"product_brand":[],"product_cat":[12291,12509],"product_tag":[],"class_list":{"0":"post-751588","1":"product","2":"type-product","3":"status-publish","5":"product_cat-edebiyat","6":"product_cat-siir","7":"pa_cilt-ciltsiz","8":"pa_tur-kitap","9":"pa_yayinevi-elpis-yayinlari","10":"pa_yazar-neriman-gokdemir","12":"first","13":"instock","14":"sale","15":"shipping-taxable","16":"purchasable","17":"product-type-simple"},"_links":{"self":[{"href":"https:\/\/roveyayinevi.com.tr\/index.php\/wp-json\/wp\/v2\/product\/751588","targetHints":{"allow":["GET"]}}],"collection":[{"href":"https:\/\/roveyayinevi.com.tr\/index.php\/wp-json\/wp\/v2\/product"}],"about":[{"href":"https:\/\/roveyayinevi.com.tr\/index.php\/wp-json\/wp\/v2\/types\/product"}],"wp:attachment":[{"href":"https:\/\/roveyayinevi.com.tr\/index.php\/wp-json\/wp\/v2\/media?parent=751588"}],"wp:term":[{"taxonomy":"product_brand","embeddable":true,"href":"https:\/\/roveyayinevi.com.tr\/index.php\/wp-json\/wp\/v2\/product_brand?post=751588"},{"taxonomy":"product_cat","embeddable":true,"href":"https:\/\/roveyayinevi.com.tr\/index.php\/wp-json\/wp\/v2\/product_cat?post=751588"},{"taxonomy":"product_tag","embeddable":true,"href":"https:\/\/roveyayinevi.com.tr\/index.php\/wp-json\/wp\/v2\/product_tag?post=751588"}],"curies":[{"name":"wp","href":"https:\/\/api.w.org\/{rel}","templated":true}]}}