{"id":751586,"date":"2025-08-28T04:53:08","date_gmt":"2025-08-28T01:53:08","guid":{"rendered":"https:\/\/roveyayinevi.com.tr\/index.php\/urun\/lokal\/"},"modified":"2026-04-16T03:04:49","modified_gmt":"2026-04-16T00:04:49","slug":"lokal","status":"publish","type":"product","link":"https:\/\/roveyayinevi.com.tr\/index.php\/urun\/lokal\/","title":{"rendered":"Lokal"},"content":{"rendered":"<p>\u0130talyan as\u0131ll\u0131 d\u00fcnya \u00e7izgi roman star\u0131 GIPI, \u00e7izgi roman arenas\u0131nda ad\u0131ndan ilk kez s\u00f6z edilmesine sebep olan LOKAL ile huzurlar\u0131n\u0131zda. \u00c7izgi roman\u0131, klasik \u0130talyan sinemas\u0131 esteti\u011fi ve kurgusuyla sunarken, avangard stili bizlere hi\u00e7 yabanc\u0131 gelmiyor. Yaratt\u0131\u011f\u0131 karakterler ve karakterlerin birbiriyle interaksiyonu sanat\u00e7\u0131n\u0131n \u00e7izgi d\u00fcnyas\u0131ndaki hacminin sa\u011flamas\u0131 olarak duruyor. <\/p>\n","protected":false},"excerpt":{"rendered":"<p>\u0130talyan as\u0131ll\u0131 d\u00fcnya \u00e7izgi roman star\u0131 GIPI, \u00e7izgi roman arenas\u0131nda ad\u0131ndan ilk kez s\u00f6z edilmesine sebep olan LOKAL ile huzurlar\u0131n\u0131zda. \u00c7izgi roman\u0131, klasik \u0130talyan sinemas\u0131 esteti\u011fi<span class=\"excerpt-hellip\"> [\u2026]<\/span><\/p>\n","protected":false},"featured_media":0,"template":"","meta":{"_monsterinsights_skip_tracking":false,"_monsterinsights_sitenote_active":false,"_monsterinsights_sitenote_note":"","_monsterinsights_sitenote_category":0},"product_brand":[],"product_cat":[12416,12291],"product_tag":[],"class_list":{"0":"post-751586","1":"product","2":"type-product","3":"status-publish","5":"product_cat-cizgi-roman","6":"product_cat-edebiyat","7":"pa_cilt-ciltsiz","8":"pa_tur-kitap","9":"pa_yayinevi-kara-karga-yayinlari","10":"pa_yazar-gipi-gian-alfonso-pacinotti","12":"first","13":"instock","14":"sale","15":"shipping-taxable","16":"purchasable","17":"product-type-simple"},"_links":{"self":[{"href":"https:\/\/roveyayinevi.com.tr\/index.php\/wp-json\/wp\/v2\/product\/751586","targetHints":{"allow":["GET"]}}],"collection":[{"href":"https:\/\/roveyayinevi.com.tr\/index.php\/wp-json\/wp\/v2\/product"}],"about":[{"href":"https:\/\/roveyayinevi.com.tr\/index.php\/wp-json\/wp\/v2\/types\/product"}],"wp:attachment":[{"href":"https:\/\/roveyayinevi.com.tr\/index.php\/wp-json\/wp\/v2\/media?parent=751586"}],"wp:term":[{"taxonomy":"product_brand","embeddable":true,"href":"https:\/\/roveyayinevi.com.tr\/index.php\/wp-json\/wp\/v2\/product_brand?post=751586"},{"taxonomy":"product_cat","embeddable":true,"href":"https:\/\/roveyayinevi.com.tr\/index.php\/wp-json\/wp\/v2\/product_cat?post=751586"},{"taxonomy":"product_tag","embeddable":true,"href":"https:\/\/roveyayinevi.com.tr\/index.php\/wp-json\/wp\/v2\/product_tag?post=751586"}],"curies":[{"name":"wp","href":"https:\/\/api.w.org\/{rel}","templated":true}]}}