{"id":751583,"date":"2025-08-28T04:53:02","date_gmt":"2025-08-28T01:53:02","guid":{"rendered":"https:\/\/roveyayinevi.com.tr\/index.php\/urun\/karagoz-ile-hacivat-6\/"},"modified":"2026-04-16T03:04:49","modified_gmt":"2026-04-16T00:04:49","slug":"karagoz-ile-hacivat-6","status":"publish","type":"product","link":"https:\/\/roveyayinevi.com.tr\/index.php\/urun\/karagoz-ile-hacivat-6\/","title":{"rendered":"Karag\u00f6z \u0130le Hacivat"},"content":{"rendered":"<p>Taklide ve kar\u015f\u0131l\u0131kl\u0131 konu\u015fmaya dayanan, iki boyutlu tasvirlerle bir perdede oynat\u0131lan g\u00f6lge oyunudur. Bu iki karakterin ger\u00e7ekten ya\u015fay\u0131p ya\u015famad\u0131\u011f\u0131, ya\u015fad\u0131ysa nerede, nas\u0131l ya\u015fad\u0131\u011f\u0131 kesin olarak bilinmemektedir. Anlat\u0131lanlar s\u00f6ylentiye dayan\u0131r. Evliya \u00c7elebi\u2019nin Seyahatnamesi\u2019nde Karag\u00f6z\u2019\u00fcn Bizans \u0130mparatoru Konstantin\u2019in \u00c7ingene seyisi Sofyozlu Bali \u00c7elebi oldu\u011fu ileri s\u00fcr\u00fclmektedir. Bir di\u011fer s\u00f6ylentiyse Hac\u0131 \u0130vaz A\u011fa ya da halka mal olan ad\u0131yla Hacivat ve Trakya\u2019da bulunan Samakol k\u00f6y\u00fcnden demirci ustas\u0131 Karag\u00f6z, Orhan Gazi devrinde Bursa\u2019da ya\u015fam\u0131\u015f, cami yap\u0131m\u0131nda \u00e7al\u0131\u015fan iki i\u015f\u00e7idir. <\/p>\n","protected":false},"excerpt":{"rendered":"<p>Taklide ve kar\u015f\u0131l\u0131kl\u0131 konu\u015fmaya dayanan, iki boyutlu tasvirlerle bir perdede oynat\u0131lan g\u00f6lge oyunudur. Bu iki karakterin ger\u00e7ekten ya\u015fay\u0131p ya\u015famad\u0131\u011f\u0131, ya\u015fad\u0131ysa nerede, nas\u0131l ya\u015fad\u0131\u011f\u0131 kesin olarak bilinmemektedir.<span class=\"excerpt-hellip\"> [\u2026]<\/span><\/p>\n","protected":false},"featured_media":0,"template":"","meta":{"_monsterinsights_skip_tracking":false,"_monsterinsights_sitenote_active":false,"_monsterinsights_sitenote_note":"","_monsterinsights_sitenote_category":0},"product_brand":[],"product_cat":[27157,12291],"product_tag":[],"class_list":{"0":"post-751583","1":"product","2":"type-product","3":"status-publish","5":"product_cat-derleme","6":"product_cat-edebiyat","7":"pa_cilt-ciltsiz","8":"pa_tur-kitap","9":"pa_yayinevi-ema-kitap","10":"pa_yazar-kolektif","12":"first","13":"instock","14":"sale","15":"shipping-taxable","16":"purchasable","17":"product-type-simple"},"_links":{"self":[{"href":"https:\/\/roveyayinevi.com.tr\/index.php\/wp-json\/wp\/v2\/product\/751583","targetHints":{"allow":["GET"]}}],"collection":[{"href":"https:\/\/roveyayinevi.com.tr\/index.php\/wp-json\/wp\/v2\/product"}],"about":[{"href":"https:\/\/roveyayinevi.com.tr\/index.php\/wp-json\/wp\/v2\/types\/product"}],"wp:attachment":[{"href":"https:\/\/roveyayinevi.com.tr\/index.php\/wp-json\/wp\/v2\/media?parent=751583"}],"wp:term":[{"taxonomy":"product_brand","embeddable":true,"href":"https:\/\/roveyayinevi.com.tr\/index.php\/wp-json\/wp\/v2\/product_brand?post=751583"},{"taxonomy":"product_cat","embeddable":true,"href":"https:\/\/roveyayinevi.com.tr\/index.php\/wp-json\/wp\/v2\/product_cat?post=751583"},{"taxonomy":"product_tag","embeddable":true,"href":"https:\/\/roveyayinevi.com.tr\/index.php\/wp-json\/wp\/v2\/product_tag?post=751583"}],"curies":[{"name":"wp","href":"https:\/\/api.w.org\/{rel}","templated":true}]}}