{"id":751582,"date":"2025-08-28T04:53:00","date_gmt":"2025-08-28T01:53:00","guid":{"rendered":"https:\/\/roveyayinevi.com.tr\/index.php\/urun\/beni-neden-sevmedin-anne\/"},"modified":"2026-04-13T03:10:41","modified_gmt":"2026-04-13T00:10:41","slug":"beni-neden-sevmedin-anne","status":"publish","type":"product","link":"https:\/\/roveyayinevi.com.tr\/index.php\/urun\/beni-neden-sevmedin-anne\/","title":{"rendered":"Beni Neden Sevmedin Anne?"},"content":{"rendered":"<p>ANNES\u0130 TARAFINDAN SEV\u0130LMEYEN KIZ \u00c7OCUKLARI B\u00dcY\u00dcY\u00dcNCE YANLI\u015e ADAMLARI SEVER Hadi Zarife, bu senin her \u015feyi de\u011fi\u015ftirebilece\u011fin son \u015fans\u0131n. Anla art\u0131k, sevgi zay\u0131fl\u0131k de\u011fil, bilakis insan\u0131 her k\u00f6t\u00fcl\u00fckten koruyan bir z\u0131rht\u0131r. Sen k\u0131z\u0131n\u0131n bu z\u0131rh\u0131n\u0131 \u00e7ald\u0131n ondan, onu savunmas\u0131z, \u00e7\u0131r\u0131l\u00e7\u0131plak b\u0131rakt\u0131n bu sava\u015f alan\u0131nda. \u015eimdi git ve teslim et ona do\u011fu\u015ftan her \u00e7ocu\u011fun hakk\u0131 olan\u0131. Yan\u0131nda ol onun Zarife, yarg\u0131lamadan, h\u0131rpalamadan&#8230; Kar\u015f\u0131l\u0131ks\u0131z sevginin ne oldu\u011funu \u00f6\u011fret ona, anne elinin \u015fifas\u0131n\u0131 g\u00f6ster. \u0130lk defa yat\u0131r k\u0131z\u0131n\u0131 dizine, ok\u015fa sa\u00e7lar\u0131n\u0131. A\u011flas\u0131n dizinde k\u0131z\u0131n, ak\u0131ts\u0131n i\u00e7indeki irini, kiri, pas\u0131. Bu zamana kadar yapamad\u0131\u011f\u0131n \u015feyi yap; ok\u015fa kolundaki s\u00fct lekesini, \u00f6p onu. \u201cBenim g\u00fczel k\u0131z\u0131m&#8230;\u201d de. \u201cGe\u00e7ti&#8230;\u201d de. \u201cSeninle gurur duyuyorum&#8230;\u201d de. Hadi Zarife&#8230; <\/p>\n","protected":false},"excerpt":{"rendered":"<p>ANNES\u0130 TARAFINDAN SEV\u0130LMEYEN KIZ \u00c7OCUKLARI B\u00dcY\u00dcY\u00dcNCE YANLI\u015e ADAMLARI SEVER Hadi Zarife, bu senin her \u015feyi de\u011fi\u015ftirebilece\u011fin son \u015fans\u0131n. Anla art\u0131k, sevgi zay\u0131fl\u0131k de\u011fil, bilakis insan\u0131 her<span class=\"excerpt-hellip\"> [\u2026]<\/span><\/p>\n","protected":false},"featured_media":0,"template":"","meta":{"_monsterinsights_skip_tracking":false,"_monsterinsights_sitenote_active":false,"_monsterinsights_sitenote_note":"","_monsterinsights_sitenote_category":0},"product_brand":[],"product_cat":[12291],"product_tag":[],"class_list":{"0":"post-751582","1":"product","2":"type-product","3":"status-publish","5":"product_cat-edebiyat","6":"pa_cilt-ciltsiz","7":"pa_tur-kitap","8":"pa_yayinevi-destek-yayinlari","9":"pa_yazar-esra-ezmeci","11":"first","12":"instock","13":"sale","14":"shipping-taxable","15":"purchasable","16":"product-type-simple"},"_links":{"self":[{"href":"https:\/\/roveyayinevi.com.tr\/index.php\/wp-json\/wp\/v2\/product\/751582","targetHints":{"allow":["GET"]}}],"collection":[{"href":"https:\/\/roveyayinevi.com.tr\/index.php\/wp-json\/wp\/v2\/product"}],"about":[{"href":"https:\/\/roveyayinevi.com.tr\/index.php\/wp-json\/wp\/v2\/types\/product"}],"wp:attachment":[{"href":"https:\/\/roveyayinevi.com.tr\/index.php\/wp-json\/wp\/v2\/media?parent=751582"}],"wp:term":[{"taxonomy":"product_brand","embeddable":true,"href":"https:\/\/roveyayinevi.com.tr\/index.php\/wp-json\/wp\/v2\/product_brand?post=751582"},{"taxonomy":"product_cat","embeddable":true,"href":"https:\/\/roveyayinevi.com.tr\/index.php\/wp-json\/wp\/v2\/product_cat?post=751582"},{"taxonomy":"product_tag","embeddable":true,"href":"https:\/\/roveyayinevi.com.tr\/index.php\/wp-json\/wp\/v2\/product_tag?post=751582"}],"curies":[{"name":"wp","href":"https:\/\/api.w.org\/{rel}","templated":true}]}}