{"id":751580,"date":"2025-08-28T04:52:56","date_gmt":"2025-08-28T01:52:56","guid":{"rendered":"https:\/\/roveyayinevi.com.tr\/index.php\/urun\/cok-guzel-bir-sabah\/"},"modified":"2025-11-06T09:13:54","modified_gmt":"2025-11-06T06:13:54","slug":"cok-guzel-bir-sabah","status":"publish","type":"product","link":"https:\/\/roveyayinevi.com.tr\/index.php\/urun\/cok-guzel-bir-sabah\/","title":{"rendered":"\u00c7ok G\u00fczel Bir Sabah"},"content":{"rendered":"<p>Yeni g\u00fcn, Sabah\u2019la ba\u015flad\u0131. \u00d6nce bir odaya girdi Sabah. Orada sadece Maya ve Tav\u015fan vard\u0131; bir de Sessizlik.                                     K\u0131rm\u0131z\u0131 girdi i\u00e7eri&#8230; Beraberinde kanatlar, benekler       ve bir de g\u00f6lge getirdi.   Maya ve babas\u0131, yeni do\u011fan g\u00fcn\u00fcn getirdi\u011fi t\u00fcm g\u00fczellikleri ve heyecan\u0131 ke\u015ffederken siz de onlara kat\u0131l\u0131n. <\/p>\n","protected":false},"excerpt":{"rendered":"<p>Yeni g\u00fcn, Sabah\u2019la ba\u015flad\u0131. \u00d6nce bir odaya girdi Sabah. Orada sadece Maya ve Tav\u015fan vard\u0131; bir de Sessizlik. K\u0131rm\u0131z\u0131 girdi i\u00e7eri&#8230; Beraberinde kanatlar, benekler ve bir<span class=\"excerpt-hellip\"> [\u2026]<\/span><\/p>\n","protected":false},"featured_media":0,"template":"","meta":{"_monsterinsights_skip_tracking":false,"_monsterinsights_sitenote_active":false,"_monsterinsights_sitenote_note":"","_monsterinsights_sitenote_category":0},"product_brand":[],"product_cat":[12274,12284],"product_tag":[],"class_list":{"0":"post-751580","1":"product","2":"type-product","3":"status-publish","5":"product_cat-cocuk-ve-genclik-kitaplari","6":"product_cat-hikayeler","7":"pa_cilt-ciltsiz","8":"pa_tur-kitap","9":"pa_yayinevi-1001-cicek-kitaplar","10":"pa_yazar-louise-greig","12":"first","13":"instock","14":"sale","15":"shipping-taxable","16":"purchasable","17":"product-type-simple"},"_links":{"self":[{"href":"https:\/\/roveyayinevi.com.tr\/index.php\/wp-json\/wp\/v2\/product\/751580","targetHints":{"allow":["GET"]}}],"collection":[{"href":"https:\/\/roveyayinevi.com.tr\/index.php\/wp-json\/wp\/v2\/product"}],"about":[{"href":"https:\/\/roveyayinevi.com.tr\/index.php\/wp-json\/wp\/v2\/types\/product"}],"wp:attachment":[{"href":"https:\/\/roveyayinevi.com.tr\/index.php\/wp-json\/wp\/v2\/media?parent=751580"}],"wp:term":[{"taxonomy":"product_brand","embeddable":true,"href":"https:\/\/roveyayinevi.com.tr\/index.php\/wp-json\/wp\/v2\/product_brand?post=751580"},{"taxonomy":"product_cat","embeddable":true,"href":"https:\/\/roveyayinevi.com.tr\/index.php\/wp-json\/wp\/v2\/product_cat?post=751580"},{"taxonomy":"product_tag","embeddable":true,"href":"https:\/\/roveyayinevi.com.tr\/index.php\/wp-json\/wp\/v2\/product_tag?post=751580"}],"curies":[{"name":"wp","href":"https:\/\/api.w.org\/{rel}","templated":true}]}}