{"id":751575,"date":"2025-08-28T04:52:49","date_gmt":"2025-08-28T01:52:49","guid":{"rendered":"https:\/\/roveyayinevi.com.tr\/index.php\/urun\/icten-disa-sema-terapi\/"},"modified":"2026-04-16T03:04:49","modified_gmt":"2026-04-16T00:04:49","slug":"icten-disa-sema-terapi","status":"publish","type":"product","link":"https:\/\/roveyayinevi.com.tr\/index.php\/urun\/icten-disa-sema-terapi\/","title":{"rendered":"\u0130\u00e7ten D\u0131\u015fa \u015eema Terapi"},"content":{"rendered":"<p>\u015eema Terapi, dan\u0131\u015fan\u0131n kendi kendini engelleyen ya\u015fam kal\u0131plar\u0131n\u0131n arkas\u0131ndaki anlat\u0131sal duraksamay\u0131 de\u011ferlendirip, tedavi odas\u0131nda ortaya \u00e7\u0131kan uyumsuz modlar\u0131 ve kendini engelleyen kal\u0131plar\u0131 dikkatlice irdeleyen bulgu-esasl\u0131 bir yakla\u015f\u0131md\u0131r. \u015eema Terapi, erken d\u00f6nem kar\u015f\u0131lanmam\u0131\u015f ihtiya\u00e7lar ve bellekte yerle\u015fik miza\u00e7 yap\u0131s\u0131n\u0131n besledi\u011fi tarafl\u0131 inan\u00e7lar\u0131 ve duygular\u0131, onlar\u0131n yerine d\u00fczeltici ve uyumlu duygusal deneyimler koyarak muhtelif \u00e7al\u0131\u015fma b\u00fcnyelerinden t\u00fcmlenen stratejiler \u00fczerinden etkin bir \u015fekilde iyile\u015ftirir ve yeniden d\u00fczenler. Bu kitaptaki geni\u015f kapsaml\u0131 anlat\u0131mlar\u0131n okura hitap edece\u011fi kesindir, t\u0131pk\u0131 i\u00e7selle\u015ftirdi\u011fimiz kal\u0131c\u0131 habercilerin yayg\u0131n payla\u015f\u0131lan y\u00fck\u00fc gibi- utan\u00e7 ve uygunsuzlu\u011fu destekleyenler; m\u00fckemmellik, \u00f6zerklik, bast\u0131r\u0131lm\u0131\u015f ger\u00e7eklik ve y\u00fcksek fedakarl\u0131k bekleyenler veya kopukluk, g\u00fcvensizlik ve kontrol\u00fc kaybetme konusunda g\u00fc\u00e7s\u00fcz bir teslimiyet \u00f6nerenler.. \u00c7ok g\u00fczel bir a\u00e7\u0131kl\u0131k ve netli\u011fe sahip sesleri, d\u00fc\u015f\u00fcn\u00fclerek ili\u015fkilendirilmi\u015f vaka \u00f6rnekleri ve \u00f6zenle yard\u0131mc\u0131 grafik ve \u00e7izimleri ile yazarlar, duygusal inan\u00e7lar\u0131m\u0131z\u0131 ve tepkilerimizi iyile\u015ftirme konusunda te\u015fvik ederken ayn\u0131 zamanda \u015fema mod tan\u0131mlamas\u0131 i\u00e7in stratejilerin nas\u0131l uygulanaca\u011f\u0131n\u0131 ve tetikleyicilerimizin fark\u0131ndal\u0131\u011f\u0131n\u0131 artt\u0131rmak i\u00e7in \u00f6zel beceriler g\u00f6stermekteler. <\/p>\n","protected":false},"excerpt":{"rendered":"<p>\u015eema Terapi, dan\u0131\u015fan\u0131n kendi kendini engelleyen ya\u015fam kal\u0131plar\u0131n\u0131n arkas\u0131ndaki anlat\u0131sal duraksamay\u0131 de\u011ferlendirip, tedavi odas\u0131nda ortaya \u00e7\u0131kan uyumsuz modlar\u0131 ve kendini engelleyen kal\u0131plar\u0131 dikkatlice irdeleyen bulgu-esasl\u0131 bir<span class=\"excerpt-hellip\"> [\u2026]<\/span><\/p>\n","protected":false},"featured_media":0,"template":"","meta":{"_monsterinsights_skip_tracking":false,"_monsterinsights_sitenote_active":false,"_monsterinsights_sitenote_note":"","_monsterinsights_sitenote_category":0},"product_brand":[],"product_cat":[12357],"product_tag":[],"class_list":{"0":"post-751575","1":"product","2":"type-product","3":"status-publish","5":"product_cat-psikoloji","6":"pa_cilt-ciltsiz","7":"pa_tur-kitap","8":"pa_yayinevi-psikonet-yayinlari","9":"pa_yazar-joan-m-farrell-ida-a-shaw","11":"first","12":"instock","13":"sale","14":"shipping-taxable","15":"purchasable","16":"product-type-simple"},"_links":{"self":[{"href":"https:\/\/roveyayinevi.com.tr\/index.php\/wp-json\/wp\/v2\/product\/751575","targetHints":{"allow":["GET"]}}],"collection":[{"href":"https:\/\/roveyayinevi.com.tr\/index.php\/wp-json\/wp\/v2\/product"}],"about":[{"href":"https:\/\/roveyayinevi.com.tr\/index.php\/wp-json\/wp\/v2\/types\/product"}],"wp:attachment":[{"href":"https:\/\/roveyayinevi.com.tr\/index.php\/wp-json\/wp\/v2\/media?parent=751575"}],"wp:term":[{"taxonomy":"product_brand","embeddable":true,"href":"https:\/\/roveyayinevi.com.tr\/index.php\/wp-json\/wp\/v2\/product_brand?post=751575"},{"taxonomy":"product_cat","embeddable":true,"href":"https:\/\/roveyayinevi.com.tr\/index.php\/wp-json\/wp\/v2\/product_cat?post=751575"},{"taxonomy":"product_tag","embeddable":true,"href":"https:\/\/roveyayinevi.com.tr\/index.php\/wp-json\/wp\/v2\/product_tag?post=751575"}],"curies":[{"name":"wp","href":"https:\/\/api.w.org\/{rel}","templated":true}]}}