{"id":751574,"date":"2025-08-28T04:52:47","date_gmt":"2025-08-28T01:52:47","guid":{"rendered":"https:\/\/roveyayinevi.com.tr\/index.php\/urun\/ben-yokmusum-gibi\/"},"modified":"2026-04-13T03:10:41","modified_gmt":"2026-04-13T00:10:41","slug":"ben-yokmusum-gibi","status":"publish","type":"product","link":"https:\/\/roveyayinevi.com.tr\/index.php\/urun\/ben-yokmusum-gibi\/","title":{"rendered":"Ben Yokmu\u015fum Gibi"},"content":{"rendered":"<p>Burcu \u00dcnl\u00fc\u2019n\u00fcn ya\u015famdan karanl\u0131k kesitleri ayd\u0131nl\u0131k ve ironik bir dille anlatt\u0131\u011f\u0131, adeta bir \u015fok tabancas\u0131n\u0131n at\u0131\u015flar\u0131 gibi okuru ans\u0131z\u0131n irkilten k\u0131pk\u0131sa, dipdiri \u00f6yk\u00fcler. Yollar\u0131 \u015fiddette kesi\u015fenler, cinayet i\u015fleyenler, aldatanlar, bir \u00f6m\u00fcr yata\u011fa ba\u011flananlar, s\u0131r tutanlar ve onlar\u0131 bir bir a\u00e7\u0131k edenler, a\u015fka d\u00fc\u015fenler, tekmili birden asl\u0131nda tek bir \u00f6yk\u00fcye dal\u0131p dal\u0131p \u00e7\u0131kanlar Ben Yokmu\u015fum Gibi\u2019de okura minik s\u00fcrprizler yapmak i\u00e7in bekliyor.   \u00d6lmekle e\u015fde\u011ferde olan bir \u015fey s\u00f6ylemem istense hi\u00e7 \u015f\u00fcphesiz hat\u0131rlamak derim. Hat\u0131ralar, d\u00fc\u015fman\u0131n en k\u00f6t\u00fc olan\u0131d\u0131r. D\u00fc\u015fman\u0131n en k\u00f6t\u00fcs\u00fc m\u00fc olur, demeyin. Olur. Hi\u00e7 fark etmediniz mi, insanlar hat\u0131ralar\u0131ndan bahsederken g\u00f6zlerinde bir \u00f6l\u00fcm belirir; boyunlar\u0131nda bir halat, ayaklar\u0131n\u0131n alt\u0131ndaysa devrilmeye haz\u0131r k\u0131\u00e7\u0131 k\u0131r\u0131k bir sandalye varm\u0131\u015f gibi. O sandalye hi\u00e7 devrilmez, hat\u0131ralar da hi\u00e7 silinmez tabii. <\/p>\n","protected":false},"excerpt":{"rendered":"<p>Burcu \u00dcnl\u00fc\u2019n\u00fcn ya\u015famdan karanl\u0131k kesitleri ayd\u0131nl\u0131k ve ironik bir dille anlatt\u0131\u011f\u0131, adeta bir \u015fok tabancas\u0131n\u0131n at\u0131\u015flar\u0131 gibi okuru ans\u0131z\u0131n irkilten k\u0131pk\u0131sa, dipdiri \u00f6yk\u00fcler. Yollar\u0131 \u015fiddette kesi\u015fenler,<span class=\"excerpt-hellip\"> [\u2026]<\/span><\/p>\n","protected":false},"featured_media":0,"template":"","meta":{"_monsterinsights_skip_tracking":false,"_monsterinsights_sitenote_active":false,"_monsterinsights_sitenote_note":"","_monsterinsights_sitenote_category":0},"product_brand":[],"product_cat":[12291,18202],"product_tag":[],"class_list":{"0":"post-751574","1":"product","2":"type-product","3":"status-publish","5":"product_cat-edebiyat","6":"product_cat-hikaye","7":"pa_cilt-ciltsiz","8":"pa_tur-kitap","9":"pa_yayinevi-everest-yayinlari","10":"pa_yazar-burcu-unlu","12":"first","13":"instock","14":"sale","15":"shipping-taxable","16":"purchasable","17":"product-type-simple"},"_links":{"self":[{"href":"https:\/\/roveyayinevi.com.tr\/index.php\/wp-json\/wp\/v2\/product\/751574","targetHints":{"allow":["GET"]}}],"collection":[{"href":"https:\/\/roveyayinevi.com.tr\/index.php\/wp-json\/wp\/v2\/product"}],"about":[{"href":"https:\/\/roveyayinevi.com.tr\/index.php\/wp-json\/wp\/v2\/types\/product"}],"wp:attachment":[{"href":"https:\/\/roveyayinevi.com.tr\/index.php\/wp-json\/wp\/v2\/media?parent=751574"}],"wp:term":[{"taxonomy":"product_brand","embeddable":true,"href":"https:\/\/roveyayinevi.com.tr\/index.php\/wp-json\/wp\/v2\/product_brand?post=751574"},{"taxonomy":"product_cat","embeddable":true,"href":"https:\/\/roveyayinevi.com.tr\/index.php\/wp-json\/wp\/v2\/product_cat?post=751574"},{"taxonomy":"product_tag","embeddable":true,"href":"https:\/\/roveyayinevi.com.tr\/index.php\/wp-json\/wp\/v2\/product_tag?post=751574"}],"curies":[{"name":"wp","href":"https:\/\/api.w.org\/{rel}","templated":true}]}}