{"id":751573,"date":"2025-08-28T04:52:46","date_gmt":"2025-08-28T01:52:46","guid":{"rendered":"https:\/\/roveyayinevi.com.tr\/index.php\/urun\/gec-hitit-kralliklari\/"},"modified":"2026-04-16T03:04:49","modified_gmt":"2026-04-16T00:04:49","slug":"gec-hitit-kralliklari","status":"publish","type":"product","link":"https:\/\/roveyayinevi.com.tr\/index.php\/urun\/gec-hitit-kralliklari\/","title":{"rendered":"Ge\u00e7 Hitit Krall\u0131klar\u0131"},"content":{"rendered":"<p>Trevor Bryce\u2019\u0131n Ge\u00e7 Hitit Krall\u0131klar\u0131 antik Yak\u0131ndo\u011fu tarihi a\u00e7\u0131s\u0131ndan \u00f6nemli bir eser. Kitap, Anadolu b\u00f6lgesinde M\u00d6 1200-700 y\u0131llar\u0131 aras\u0131nda h\u00fck\u00fcm s\u00fcren Ge\u00e7 Hitit krall\u0131klar\u0131n\u0131n siyasi ve askeri yap\u0131lar\u0131n\u0131 ele al\u0131yor. Bryce, Ge\u00e7 Hititlerin heterojen bir halk grubu oldu\u011funu, dil ve k\u00fclt\u00fcr temelinde birle\u015fen \u015fehir devletleri ve k\u00fc\u00e7\u00fck krall\u0131klardan olu\u015ftu\u011funu savunuyor. Bu krall\u0131klar\u0131n k\u00fclt\u00fcrel ve ekonomik y\u00f6nlerini, dinlerini, sanatlar\u0131n\u0131 ve ticaretlerini de ayr\u0131nt\u0131l\u0131 bir \u015fekilde inceliyor. Ayr\u0131ca Ge\u00e7 Hititlerin \u00e7evrelerindeki halklarla olan etkile\u015fimlerini de ele al\u0131yor. Hititler serisinin bu \u00fc\u00e7\u00fcnc\u00fc kitab\u0131yla Bryce, Anadolu\u2019nun bu kadim halklar\u0131n\u0131n hayat\u0131n\u0131 anlamak i\u00e7in \u00f6nemli bir kaynak sunuyor.   \u201cTrevor Bryce&#8217;\u0131 antik Yak\u0131ndo\u011fu tarihine yapt\u0131\u011f\u0131 bu yeni katk\u0131dan dolay\u0131 kutlamak gerekir.\u201d \u2013Federico Giusfredi, Bibliotheca Orientalis   \u201cBu m\u00fckemmel \u00e7al\u0131\u015fma, \u00f6n\u00fcm\u00fczdeki on y\u0131llar boyunca Ge\u00e7 Hitit krall\u0131klar\u0131n\u0131n standart incelemesi olacakt\u0131r.\u201d \u2013Choice <\/p>\n","protected":false},"excerpt":{"rendered":"<p>Trevor Bryce\u2019\u0131n Ge\u00e7 Hitit Krall\u0131klar\u0131 antik Yak\u0131ndo\u011fu tarihi a\u00e7\u0131s\u0131ndan \u00f6nemli bir eser. Kitap, Anadolu b\u00f6lgesinde M\u00d6 1200-700 y\u0131llar\u0131 aras\u0131nda h\u00fck\u00fcm s\u00fcren Ge\u00e7 Hitit krall\u0131klar\u0131n\u0131n siyasi ve<span class=\"excerpt-hellip\"> [\u2026]<\/span><\/p>\n","protected":false},"featured_media":0,"template":"","meta":{"_monsterinsights_skip_tracking":false,"_monsterinsights_sitenote_active":false,"_monsterinsights_sitenote_note":"","_monsterinsights_sitenote_category":0},"product_brand":[],"product_cat":[12312,12304],"product_tag":[],"class_list":{"0":"post-751573","1":"product","2":"type-product","3":"status-publish","5":"product_cat-diger","6":"product_cat-tarih","7":"pa_cilt-ciltsiz","8":"pa_tur-kitap","9":"pa_yayinevi-alfa-yayinlari","10":"pa_yazar-trevor-bryce","12":"first","13":"instock","14":"sale","15":"shipping-taxable","16":"purchasable","17":"product-type-simple"},"_links":{"self":[{"href":"https:\/\/roveyayinevi.com.tr\/index.php\/wp-json\/wp\/v2\/product\/751573","targetHints":{"allow":["GET"]}}],"collection":[{"href":"https:\/\/roveyayinevi.com.tr\/index.php\/wp-json\/wp\/v2\/product"}],"about":[{"href":"https:\/\/roveyayinevi.com.tr\/index.php\/wp-json\/wp\/v2\/types\/product"}],"wp:attachment":[{"href":"https:\/\/roveyayinevi.com.tr\/index.php\/wp-json\/wp\/v2\/media?parent=751573"}],"wp:term":[{"taxonomy":"product_brand","embeddable":true,"href":"https:\/\/roveyayinevi.com.tr\/index.php\/wp-json\/wp\/v2\/product_brand?post=751573"},{"taxonomy":"product_cat","embeddable":true,"href":"https:\/\/roveyayinevi.com.tr\/index.php\/wp-json\/wp\/v2\/product_cat?post=751573"},{"taxonomy":"product_tag","embeddable":true,"href":"https:\/\/roveyayinevi.com.tr\/index.php\/wp-json\/wp\/v2\/product_tag?post=751573"}],"curies":[{"name":"wp","href":"https:\/\/api.w.org\/{rel}","templated":true}]}}