{"id":751572,"date":"2025-08-28T04:52:44","date_gmt":"2025-08-28T01:52:44","guid":{"rendered":"https:\/\/roveyayinevi.com.tr\/index.php\/urun\/sofranin-serguzesti\/"},"modified":"2026-03-30T03:11:29","modified_gmt":"2026-03-30T00:11:29","slug":"sofranin-serguzesti","status":"publish","type":"product","link":"https:\/\/roveyayinevi.com.tr\/index.php\/urun\/sofranin-serguzesti\/","title":{"rendered":"Sofran\u0131n Serg\u00fcze\u015fti"},"content":{"rendered":"<p>T\u00fclin Ural, Sofran\u0131n Serg\u00fcze\u015fti\u2019nde yer alan denemelerde, en tabii ve evrensel ihtiyac\u0131m\u0131z olan yemek yemenin, esas\u0131nda tabiattan uzakla\u015fma anlam\u0131na da gelen uygarl\u0131k ve k\u00fclt\u00fcr\u00fcn eliyle nas\u0131l d\u00f6n\u00fc\u015ft\u00fc\u011f\u00fcn\u00fc \u00f6rnekler \u00fczerinden anlat\u0131yor. Yery\u00fcz\u00fcndeki varl\u0131\u011f\u0131m\u0131za mutfaktan ve sofradan ba\u015flayarak bakarken yeme-i\u00e7menin ge\u00e7mi\u015fine, T\u00fcrkiye\u2019de ald\u0131\u011f\u0131 kimi bi\u00e7imlere ve \u00e7e\u015fitli k\u00fclt\u00fcrel \u00fcr\u00fcnlerde nas\u0131l temsil edildi\u011fine tarihsel ve sosyolojik a\u00e7\u0131lardan yakla\u015f\u0131yor. Bu denemelerde, adab\u0131mua\u015feretin olas\u0131 d\u00f6neme\u00e7leri ve anlamlar\u0131, lezzet standard\u0131m\u0131zdaki d\u00f6n\u00fc\u015f\u00fcmler, modernle\u015fmenin ve k\u00fcreselle\u015fme s\u00fcrecinin mutfak \u00fczerindeki etkilerine dair ipu\u00e7lar\u0131 bulacak ve sofran\u0131n tarihinde bir yolculu\u011fa \u00e7\u0131kacaks\u0131n\u0131z.   Everest Yay\u0131nlar\u0131, A\u015f Kitapl\u0131\u011f\u0131 dizisinin ilk kitab\u0131n\u0131 gururla sunar. A\u015f Kitapl\u0131\u011f\u0131 gastronomi, mutfak, lezzet temalar\u0131n\u0131 edebiyat, tarih, sosyoloji gibi geni\u015f bir yelpazede irdeleyen eserleri bir araya getirmeyi ve okura yeme-i\u00e7menin keyfini kitap sayfalar\u0131nda ya\u015fatmay\u0131 ama\u00e7l\u0131yor. Bu dizide, g\u0131da zincirinin tar\u0131mdan ba\u015flayarak t\u00fcm a\u015famalar\u0131n\u0131, yani topraktan, dal\u0131ndan sofraya gelmesine kadarki her ad\u0131m\u0131 merkezine alan roman, hik\u00e2ye ve \u00f6yk\u00fcler, sosyal bilimler alan\u0131ndan ara\u015ft\u0131rmalar ve tematik \u00e7al\u0131\u015fmalar bulacaks\u0131n\u0131z. <\/p>\n","protected":false},"excerpt":{"rendered":"<p>T\u00fclin Ural, Sofran\u0131n Serg\u00fcze\u015fti\u2019nde yer alan denemelerde, en tabii ve evrensel ihtiyac\u0131m\u0131z olan yemek yemenin, esas\u0131nda tabiattan uzakla\u015fma anlam\u0131na da gelen uygarl\u0131k ve k\u00fclt\u00fcr\u00fcn eliyle nas\u0131l<span class=\"excerpt-hellip\"> [\u2026]<\/span><\/p>\n","protected":false},"featured_media":0,"template":"","meta":{"_monsterinsights_skip_tracking":false,"_monsterinsights_sitenote_active":false,"_monsterinsights_sitenote_note":"","_monsterinsights_sitenote_category":0},"product_brand":[],"product_cat":[12777,12291],"product_tag":[],"class_list":{"0":"post-751572","1":"product","2":"type-product","3":"status-publish","5":"product_cat-deneme","6":"product_cat-edebiyat","7":"pa_cilt-ciltsiz","8":"pa_tur-kitap","9":"pa_yayinevi-everest-yayinlari","10":"pa_yazar-tulin-ural","12":"first","13":"instock","14":"sale","15":"shipping-taxable","16":"purchasable","17":"product-type-simple"},"_links":{"self":[{"href":"https:\/\/roveyayinevi.com.tr\/index.php\/wp-json\/wp\/v2\/product\/751572","targetHints":{"allow":["GET"]}}],"collection":[{"href":"https:\/\/roveyayinevi.com.tr\/index.php\/wp-json\/wp\/v2\/product"}],"about":[{"href":"https:\/\/roveyayinevi.com.tr\/index.php\/wp-json\/wp\/v2\/types\/product"}],"wp:attachment":[{"href":"https:\/\/roveyayinevi.com.tr\/index.php\/wp-json\/wp\/v2\/media?parent=751572"}],"wp:term":[{"taxonomy":"product_brand","embeddable":true,"href":"https:\/\/roveyayinevi.com.tr\/index.php\/wp-json\/wp\/v2\/product_brand?post=751572"},{"taxonomy":"product_cat","embeddable":true,"href":"https:\/\/roveyayinevi.com.tr\/index.php\/wp-json\/wp\/v2\/product_cat?post=751572"},{"taxonomy":"product_tag","embeddable":true,"href":"https:\/\/roveyayinevi.com.tr\/index.php\/wp-json\/wp\/v2\/product_tag?post=751572"}],"curies":[{"name":"wp","href":"https:\/\/api.w.org\/{rel}","templated":true}]}}