{"id":751568,"date":"2025-08-28T04:52:36","date_gmt":"2025-08-28T01:52:36","guid":{"rendered":"https:\/\/roveyayinevi.com.tr\/index.php\/urun\/kara-gecmisim-aci-cikolata-3\/"},"modified":"2026-04-16T03:04:49","modified_gmt":"2026-04-16T00:04:49","slug":"kara-gecmisim-aci-cikolata-3","status":"publish","type":"product","link":"https:\/\/roveyayinevi.com.tr\/index.php\/urun\/kara-gecmisim-aci-cikolata-3\/","title":{"rendered":"Kara Ge\u00e7mi\u015fim: Ac\u0131 \u00c7ikolata 3"},"content":{"rendered":"<p>\u0130lk \u00e7ocu\u011fu olan Horacio, bu aral\u0131k ay\u0131n\u0131n ba\u015flar\u0131nda d\u00fcnyaya gelmi\u015fti. \u00c7ok g\u00fczel ve sa\u011fl\u0131kl\u0131 bir bebekti ama a\u00e7\u0131klanamaz bir \u015fekilde kapkarayd\u0131. K\u00f6m\u00fcr gibi kapkara\u2026 kaderine damgas\u0131n\u0131 vuran ay gibi kapkara\u2026 \u0130\u00e7inde do\u011fdu\u011fu bu kara Noel gibi kapkara\u2026 \u00c7ocu\u011fun do\u011fmas\u0131yla Mar\u00eda\u2019n\u0131n t\u00fcm hayat\u0131 alt\u00fcst olmu\u015ftu. Annesi sinir krizleri ge\u00e7irmi\u015f, kocas\u0131 onu kendisine ihanet etmekle su\u00e7lam\u0131\u015ft\u0131.    Bebe\u011fi do\u011fduktan sonra evlili\u011fi ans\u0131z\u0131n yerle bir olan Mar\u00eda teselliyi anneannesi Luc\u00eda\u2019n\u0131n kendisine teslim etti\u011fi g\u00fcnl\u00fckte arar: B\u00fcy\u00fck teyzesi Tita\u2019n\u0131n g\u00fcnl\u00fc\u011f\u00fcd\u00fcr bu&#8230; Ac\u0131 \u00c7ikolata ve Tita\u2019n\u0131n G\u00fcnl\u00fc\u011f\u00fc\u2019nden tan\u0131d\u0131\u011f\u0131m\u0131z Tita\u2019n\u0131n yazd\u0131klar\u0131n\u0131 okuduk\u00e7a Mar\u00eda hem ailesinin en akla gelmeyecek s\u0131rlar\u0131n\u0131 \u00f6\u011frenir hem de ge\u00e7mi\u015f nesillerden kad\u0131nlarla ba\u011f kurdu\u011funu hissederek adeta yeniden do\u011far.   Kara Ge\u00e7mi\u015fim kad\u0131nlar\u0131n g\u00fcc\u00fc ve \u00f6zg\u00fcrl\u00fck m\u00fccadelesine dair tutku dolu bir roman. <\/p>\n","protected":false},"excerpt":{"rendered":"<p>\u0130lk \u00e7ocu\u011fu olan Horacio, bu aral\u0131k ay\u0131n\u0131n ba\u015flar\u0131nda d\u00fcnyaya gelmi\u015fti. \u00c7ok g\u00fczel ve sa\u011fl\u0131kl\u0131 bir bebekti ama a\u00e7\u0131klanamaz bir \u015fekilde kapkarayd\u0131. K\u00f6m\u00fcr gibi kapkara\u2026 kaderine damgas\u0131n\u0131<span class=\"excerpt-hellip\"> [\u2026]<\/span><\/p>\n","protected":false},"featured_media":0,"template":"","meta":{"_monsterinsights_skip_tracking":false,"_monsterinsights_sitenote_active":false,"_monsterinsights_sitenote_note":"","_monsterinsights_sitenote_category":0},"product_brand":[],"product_cat":[12291,12711],"product_tag":[],"class_list":{"0":"post-751568","1":"product","2":"type-product","3":"status-publish","5":"product_cat-edebiyat","6":"product_cat-roman-oyku","7":"pa_cilt-ciltsiz","8":"pa_tur-kitap","9":"pa_yayinevi-can-yayinlari","10":"pa_yazar-laura-esquivel","12":"first","13":"instock","14":"sale","15":"shipping-taxable","16":"purchasable","17":"product-type-simple"},"_links":{"self":[{"href":"https:\/\/roveyayinevi.com.tr\/index.php\/wp-json\/wp\/v2\/product\/751568","targetHints":{"allow":["GET"]}}],"collection":[{"href":"https:\/\/roveyayinevi.com.tr\/index.php\/wp-json\/wp\/v2\/product"}],"about":[{"href":"https:\/\/roveyayinevi.com.tr\/index.php\/wp-json\/wp\/v2\/types\/product"}],"wp:attachment":[{"href":"https:\/\/roveyayinevi.com.tr\/index.php\/wp-json\/wp\/v2\/media?parent=751568"}],"wp:term":[{"taxonomy":"product_brand","embeddable":true,"href":"https:\/\/roveyayinevi.com.tr\/index.php\/wp-json\/wp\/v2\/product_brand?post=751568"},{"taxonomy":"product_cat","embeddable":true,"href":"https:\/\/roveyayinevi.com.tr\/index.php\/wp-json\/wp\/v2\/product_cat?post=751568"},{"taxonomy":"product_tag","embeddable":true,"href":"https:\/\/roveyayinevi.com.tr\/index.php\/wp-json\/wp\/v2\/product_tag?post=751568"}],"curies":[{"name":"wp","href":"https:\/\/api.w.org\/{rel}","templated":true}]}}