{"id":751565,"date":"2025-08-28T04:52:30","date_gmt":"2025-08-28T01:52:30","guid":{"rendered":"https:\/\/roveyayinevi.com.tr\/index.php\/urun\/felsefede-kultur-kavrami\/"},"modified":"2026-04-16T03:04:49","modified_gmt":"2026-04-16T00:04:49","slug":"felsefede-kultur-kavrami","status":"publish","type":"product","link":"https:\/\/roveyayinevi.com.tr\/index.php\/urun\/felsefede-kultur-kavrami\/","title":{"rendered":"Felsefede K\u00fclt\u00fcr Kavram\u0131"},"content":{"rendered":"<p>Onur Bilge Kula, bu ayr\u0131nt\u0131l\u0131 \u00e7al\u0131\u015fmas\u0131nda, \u201cbir halk\u0131n ve bu halk i\u00e7inde ya\u015fayan bireylerin d\u00fc\u015f\u00fcnme, eyleme bi\u00e7iminin, bilgi, sanat, din gibi alanlardaki \u00fcretimlerinin ve anlat\u0131m bi\u00e7imlerinin toplam\u0131, ya\u015fam\u0131 bi\u00e7imlendirme tarz\u0131 olarak tan\u0131mlanabilir\u201d dedi\u011fi k\u00fclt\u00fcr kavram\u0131n\u0131, bu kavram\u0131n dil ve ulus kavramlar\u0131yla olan ili\u015fkisini Herder, Kant, Hegel, Marx, Nietzsche, Gramsci, Bloch, Habermas, Weber, Adorno, Asmann, Ku\u00e7uradi gibi filozoflar\u0131n yap\u0131tlar\u0131na ba\u015fvurarak ele almakta ve ya\u015fad\u0131\u011f\u0131m\u0131z \u00fclkeyle ilgili \u00f6nemli de\u011ferlendirmelerde bulunmaktad\u0131r.<\/p>\n","protected":false},"excerpt":{"rendered":"<p>Onur Bilge Kula, bu ayr\u0131nt\u0131l\u0131 \u00e7al\u0131\u015fmas\u0131nda, \u201cbir halk\u0131n ve bu halk i\u00e7inde ya\u015fayan bireylerin d\u00fc\u015f\u00fcnme, eyleme bi\u00e7iminin, bilgi, sanat, din gibi alanlardaki \u00fcretimlerinin ve anlat\u0131m bi\u00e7imlerinin<span class=\"excerpt-hellip\"> [\u2026]<\/span><\/p>\n","protected":false},"featured_media":0,"template":"","meta":{"_monsterinsights_skip_tracking":false,"_monsterinsights_sitenote_active":false,"_monsterinsights_sitenote_note":"","_monsterinsights_sitenote_category":0},"product_brand":[],"product_cat":[12388],"product_tag":[],"class_list":{"0":"post-751565","1":"product","2":"type-product","3":"status-publish","5":"product_cat-felsefe","6":"pa_cilt-ciltsiz","7":"pa_tur-kitap","8":"pa_yayinevi-bilgesu-yayincilik","9":"pa_yazar-onur-bilge-kula","11":"first","12":"instock","13":"sale","14":"shipping-taxable","15":"purchasable","16":"product-type-simple"},"_links":{"self":[{"href":"https:\/\/roveyayinevi.com.tr\/index.php\/wp-json\/wp\/v2\/product\/751565","targetHints":{"allow":["GET"]}}],"collection":[{"href":"https:\/\/roveyayinevi.com.tr\/index.php\/wp-json\/wp\/v2\/product"}],"about":[{"href":"https:\/\/roveyayinevi.com.tr\/index.php\/wp-json\/wp\/v2\/types\/product"}],"wp:attachment":[{"href":"https:\/\/roveyayinevi.com.tr\/index.php\/wp-json\/wp\/v2\/media?parent=751565"}],"wp:term":[{"taxonomy":"product_brand","embeddable":true,"href":"https:\/\/roveyayinevi.com.tr\/index.php\/wp-json\/wp\/v2\/product_brand?post=751565"},{"taxonomy":"product_cat","embeddable":true,"href":"https:\/\/roveyayinevi.com.tr\/index.php\/wp-json\/wp\/v2\/product_cat?post=751565"},{"taxonomy":"product_tag","embeddable":true,"href":"https:\/\/roveyayinevi.com.tr\/index.php\/wp-json\/wp\/v2\/product_tag?post=751565"}],"curies":[{"name":"wp","href":"https:\/\/api.w.org\/{rel}","templated":true}]}}