{"id":751560,"date":"2025-08-28T04:52:24","date_gmt":"2025-08-28T01:52:24","guid":{"rendered":"https:\/\/roveyayinevi.com.tr\/index.php\/urun\/osmanli-kulturunde-delilik-sorunsali\/"},"modified":"2026-04-16T03:04:49","modified_gmt":"2026-04-16T00:04:49","slug":"osmanli-kulturunde-delilik-sorunsali","status":"publish","type":"product","link":"https:\/\/roveyayinevi.com.tr\/index.php\/urun\/osmanli-kulturunde-delilik-sorunsali\/","title":{"rendered":"Osmanl\u0131 K\u00fclt\u00fcr\u00fcnde &#8220;Delilik&#8221; Sorunsal\u0131"},"content":{"rendered":"<p>Taner Timur\u2019un bu kitab\u0131, \u00fclkemizde t\u0131p alan\u0131 d\u0131\u015f\u0131nda pek fazla incelenmemi\u015f olan \u201cdelilik\u201d konusunu tarihsel ve toplumsal a\u00e7\u0131lardan ele al\u0131yor. G\u00fcndelik dilde \u201cdeli\u201d s\u00f6zc\u00fc\u011f\u00fcn\u00fc \u00e7ok kullanmam\u0131za ra\u011fmen, siyasi tahlillerde \u201ctoplumsal paranoya\u201dlara, \u201ckolektif \u015fizofreni\u201dlere s\u0131k\u00e7a g\u00f6nderme yapmam\u0131za ra\u011fmen, yine de T\u00fcrkiye\u2019de delili\u011fi \u00e7ok boyutlu olarak kavramaya y\u00f6nelik genel bir eksiklikten ve ilgisizlikten s\u00f6z etmek m\u00fcmk\u00fcn. Oysa konu giderek \u00f6nem kazan\u0131yor \u00e7\u00fcnk\u00fc yaln\u0131zca toplumsal psikoloji alan\u0131nda de\u011fil, bireysel anlamda da T\u00fcrkiye\u2019de ruh sa\u011fl\u0131\u011f\u0131 konusunda son y\u0131llarda bir vahimle\u015fme ya\u015fand\u0131\u011f\u0131 t\u0131bbi verilerle ortada.  Osmanl\u0131\u2019da delili\u011fi ve delileri merak etmekle i\u015fe ba\u015flayan Taner Timur, Cumhuriyet tarihine do\u011fru geni\u015fletti\u011fi ara\u015ft\u0131rmas\u0131nda \u015fu sorular\u0131n pe\u015fine d\u00fc\u015f\u00fcyor: Delili\u011fin di\u011fer hastal\u0131klardan farkl\u0131 olarak organik nedenlerden kaynaklanmayan, \u00e7a\u011flara ve \u00fclkelere g\u00f6re de\u011fi\u015fen \u201cideolojik\u201d bi\u00e7imleri var m\u0131d\u0131r? Bat\u0131\u2019da ve Osmanl\u0131\u2019da delili\u011fin ortaya \u00e7\u0131k\u0131\u015f ko\u015fullar\u0131 ve delilere nas\u0131l bak\u0131ld\u0131\u011f\u0131 ne a\u00e7\u0131lardan farkl\u0131d\u0131r? Bu farkl\u0131l\u0131klar\u0131n olu\u015fmas\u0131nda dinin ve siyasetin etkisi nedir? Farkl\u0131 tarihsel d\u00f6nemlerin toplumsal-siyasi ko\u015fullar\u0131yla delilik aras\u0131ndaki ba\u011flant\u0131lar\u0131 ortaya koyan bu ilgin\u00e7 ara\u015ft\u0131rmay\u0131 okurlar\u0131m\u0131z\u0131n merakla ve zevkle okuyaca\u011f\u0131n\u0131 umuyoruz. <\/p>\n","protected":false},"excerpt":{"rendered":"<p>Taner Timur\u2019un bu kitab\u0131, \u00fclkemizde t\u0131p alan\u0131 d\u0131\u015f\u0131nda pek fazla incelenmemi\u015f olan \u201cdelilik\u201d konusunu tarihsel ve toplumsal a\u00e7\u0131lardan ele al\u0131yor. G\u00fcndelik dilde \u201cdeli\u201d s\u00f6zc\u00fc\u011f\u00fcn\u00fc \u00e7ok kullanmam\u0131za<span class=\"excerpt-hellip\"> [\u2026]<\/span><\/p>\n","protected":false},"featured_media":0,"template":"","meta":{"_monsterinsights_skip_tracking":false,"_monsterinsights_sitenote_active":false,"_monsterinsights_sitenote_note":"","_monsterinsights_sitenote_category":0},"product_brand":[],"product_cat":[13517,12304],"product_tag":[],"class_list":{"0":"post-751560","1":"product","2":"type-product","3":"status-publish","5":"product_cat-osmanli-tarihi","6":"product_cat-tarih","7":"pa_cilt-ciltsiz","8":"pa_tur-kitap","9":"pa_yayinevi-yordam-kitap","10":"pa_yazar-taner-timur","12":"first","13":"instock","14":"sale","15":"shipping-taxable","16":"purchasable","17":"product-type-simple"},"_links":{"self":[{"href":"https:\/\/roveyayinevi.com.tr\/index.php\/wp-json\/wp\/v2\/product\/751560","targetHints":{"allow":["GET"]}}],"collection":[{"href":"https:\/\/roveyayinevi.com.tr\/index.php\/wp-json\/wp\/v2\/product"}],"about":[{"href":"https:\/\/roveyayinevi.com.tr\/index.php\/wp-json\/wp\/v2\/types\/product"}],"wp:attachment":[{"href":"https:\/\/roveyayinevi.com.tr\/index.php\/wp-json\/wp\/v2\/media?parent=751560"}],"wp:term":[{"taxonomy":"product_brand","embeddable":true,"href":"https:\/\/roveyayinevi.com.tr\/index.php\/wp-json\/wp\/v2\/product_brand?post=751560"},{"taxonomy":"product_cat","embeddable":true,"href":"https:\/\/roveyayinevi.com.tr\/index.php\/wp-json\/wp\/v2\/product_cat?post=751560"},{"taxonomy":"product_tag","embeddable":true,"href":"https:\/\/roveyayinevi.com.tr\/index.php\/wp-json\/wp\/v2\/product_tag?post=751560"}],"curies":[{"name":"wp","href":"https:\/\/api.w.org\/{rel}","templated":true}]}}