{"id":751559,"date":"2025-08-28T04:52:23","date_gmt":"2025-08-28T01:52:23","guid":{"rendered":"https:\/\/roveyayinevi.com.tr\/index.php\/urun\/vergi-ordu-sistemleri-ve-gecis-tartismalari\/"},"modified":"2026-04-16T03:04:49","modified_gmt":"2026-04-16T00:04:49","slug":"vergi-ordu-sistemleri-ve-gecis-tartismalari","status":"publish","type":"product","link":"https:\/\/roveyayinevi.com.tr\/index.php\/urun\/vergi-ordu-sistemleri-ve-gecis-tartismalari\/","title":{"rendered":"Vergi-Ordu Sistemleri ve Ge\u00e7i\u015f Tart\u0131\u015fmalar\u0131"},"content":{"rendered":"<p>Bu kitapta \u00f6nemli oldu\u011fu kadar zor ve karma\u015f\u0131k sorulara yan\u0131t aranmaktad\u0131r. \u00d6rne\u011fin kapitalizm \u00f6ncesinin s\u0131n\u0131fl\u0131 toplumlar\u0131nda ordu olu\u015fturma sistemleri ile vergi sistemleri aras\u0131nda kar\u015f\u0131l\u0131kl\u0131 belirlenme ili\u015fkisi var m\u0131d\u0131r? Varsa, bu ili\u015fki farkl\u0131 tarihsel d\u00f6nemlerde, farkl\u0131 \u00fcretim tarzlar\u0131nda ve bunlar\u0131n farkl\u0131 a\u015famalar\u0131nda hangi bi\u00e7imleri alm\u0131\u015ft\u0131r? Hititlerden Eski Yunan\u2019a ve Roma\u2019ya, oradan Franklara, Bizans\u2019a ve Osmanl\u0131\u2019ya kadar evrimin do\u011frultusu ne y\u00f6ndedir? Meiji D\u00f6nemi Japonya\u2019s\u0131, tar\u0131msal art\u0131\u011f\u0131n sanayile\u015fmenin finansman\u0131na aktar\u0131lmas\u0131 bak\u0131m\u0131ndan tipik bir iktisadi kalk\u0131nma \u00f6rne\u011fi iken ayn\u0131 d\u00f6nemin Osmanl\u0131 Devleti bunun tam z\u0131tt\u0131nda yer alm\u0131\u015ft\u0131r. Bunun tarihsel\/s\u0131n\u0131fsal nedenleri nelerdir? Cumhuriyet T\u00fcrkiye\u2019si bunu telafi edebilmi\u015f midir? Osmanl\u0131\u2019da b\u00fcy\u00fck \u00e7iftlikler ile kapitalizme ge\u00e7i\u015f aras\u0131nda farkl\u0131 d\u00f6nemlerde ve farkl\u0131 b\u00f6lgelerde ne gibi ba\u011flant\u0131lar olu\u015fmu\u015ftur? Osmanl\u0131 tar\u0131m\u0131nda kapitalizme ge\u00e7i\u015f tart\u0131\u015fmalar\u0131 hangi noktadad\u0131r? Balkan \u00fclkelerinde k\u00f6kl\u00fc toprak reformlar\u0131na gidilirken Cumhuriyet\u2019te 1950\u2019lere kadar \u00e7iftliklerin n\u00fcfuzu neden k\u0131r\u0131lamam\u0131\u015ft\u0131r? Kitapta, ayr\u0131ca, \u00f6nde gelen iktisat tarih\u00e7ilerimizden \u0130\u015faya \u00dc\u015f\u00fcr\u2019\u00fcn kapitalizme ge\u00e7i\u015f tart\u0131\u015fmalar\u0131na yapt\u0131\u011f\u0131 katk\u0131 \u00fczerinde duruluyor. M. Dobb, H. Pirenne, W. Sombart ve M. Weber de tart\u0131\u015fmaya d\u00e2hil edilerek \u0130\u015faya \u00dc\u015f\u00fcr\u2019\u00fcn g\u00f6r\u00fc\u015flerinin ele\u015ftirel bir de\u011ferlendirmesi yap\u0131l\u0131yor. <\/p>\n","protected":false},"excerpt":{"rendered":"<p>Bu kitapta \u00f6nemli oldu\u011fu kadar zor ve karma\u015f\u0131k sorulara yan\u0131t aranmaktad\u0131r. \u00d6rne\u011fin kapitalizm \u00f6ncesinin s\u0131n\u0131fl\u0131 toplumlar\u0131nda ordu olu\u015fturma sistemleri ile vergi sistemleri aras\u0131nda kar\u015f\u0131l\u0131kl\u0131 belirlenme ili\u015fkisi<span class=\"excerpt-hellip\"> [\u2026]<\/span><\/p>\n","protected":false},"featured_media":0,"template":"","meta":{"_monsterinsights_skip_tracking":false,"_monsterinsights_sitenote_active":false,"_monsterinsights_sitenote_note":"","_monsterinsights_sitenote_category":0},"product_brand":[],"product_cat":[13590,12337],"product_tag":[],"class_list":{"0":"post-751559","1":"product","2":"type-product","3":"status-publish","5":"product_cat-arastirma-inceleme-politika-siyaset","6":"product_cat-politika-siyaset","7":"pa_cilt-ciltsiz","8":"pa_tur-kitap","9":"pa_yayinevi-yordam-kitap","10":"pa_yazar-oguz-oyan","12":"first","13":"instock","14":"sale","15":"shipping-taxable","16":"purchasable","17":"product-type-simple"},"_links":{"self":[{"href":"https:\/\/roveyayinevi.com.tr\/index.php\/wp-json\/wp\/v2\/product\/751559","targetHints":{"allow":["GET"]}}],"collection":[{"href":"https:\/\/roveyayinevi.com.tr\/index.php\/wp-json\/wp\/v2\/product"}],"about":[{"href":"https:\/\/roveyayinevi.com.tr\/index.php\/wp-json\/wp\/v2\/types\/product"}],"wp:attachment":[{"href":"https:\/\/roveyayinevi.com.tr\/index.php\/wp-json\/wp\/v2\/media?parent=751559"}],"wp:term":[{"taxonomy":"product_brand","embeddable":true,"href":"https:\/\/roveyayinevi.com.tr\/index.php\/wp-json\/wp\/v2\/product_brand?post=751559"},{"taxonomy":"product_cat","embeddable":true,"href":"https:\/\/roveyayinevi.com.tr\/index.php\/wp-json\/wp\/v2\/product_cat?post=751559"},{"taxonomy":"product_tag","embeddable":true,"href":"https:\/\/roveyayinevi.com.tr\/index.php\/wp-json\/wp\/v2\/product_tag?post=751559"}],"curies":[{"name":"wp","href":"https:\/\/api.w.org\/{rel}","templated":true}]}}