{"id":751558,"date":"2025-08-28T04:52:22","date_gmt":"2025-08-28T01:52:22","guid":{"rendered":"https:\/\/roveyayinevi.com.tr\/index.php\/urun\/kriz-cagi\/"},"modified":"2026-04-16T03:04:49","modified_gmt":"2026-04-16T00:04:49","slug":"kriz-cagi","status":"publish","type":"product","link":"https:\/\/roveyayinevi.com.tr\/index.php\/urun\/kriz-cagi\/","title":{"rendered":"Kriz \u00c7a\u011f\u0131"},"content":{"rendered":"<p>Kriz \u00c7a\u011f\u0131, y\u00fcr\u00fcrl\u00fckteki \u201cneoliberalizm \u00e7a\u011f\u0131\u201dnda \u00fcst \u00fcste gelen \u00fc\u00e7 krizi, Marksist ekonomi politik bak\u0131\u015f a\u00e7\u0131s\u0131ndan irdeliyor: K\u00fcresel ekonomideki kriz (s\u00fcregiden durgunluk, finans kaynakl\u0131 oynakl\u0131k, d\u00f6nemsel \u00e7\u00f6k\u00fc\u015fler); \u00e7a\u011fda\u015f siyasetteki kriz (demokrasinin gerileyi\u015fi, otoriterli\u011fin ve yeni fa\u015fizm bi\u00e7imlerinin y\u00fckseli\u015fi) ve insan sa\u011fl\u0131\u011f\u0131 alan\u0131ndaki (COVID-19 pandemisiyle \u00f6ne \u00e7\u0131kan) kriz. Kitap, Covid-19 pandemisinin, ekonomide ve siyasette derin e\u015fitsizliklerle ve bunal\u0131mlarla dikkat \u00e7eken bir ba\u011flamda ortaya \u00e7\u0131kt\u0131\u011f\u0131n\u0131, neoliberalizmin d\u0131\u015flay\u0131c\u0131 e\u011filimlerini b\u00fcy\u00fck olas\u0131l\u0131kla peki\u015ftirece\u011fini ve hem ekonomik refaha hem de demokrasiye zarar veren sonu\u00e7lar do\u011furaca\u011f\u0131n\u0131 savunuyor. \u00d6te yandan, pandemi, neoliberalizmin yetersizliklerini daha \u00f6nce hi\u00e7 olmad\u0131\u011f\u0131 bi\u00e7imde ortaya \u00e7\u0131karm\u0131\u015f, b\u00f6ylece bizatihi kapitalizmin me\u015fruiyetine ili\u015fkin soru i\u015faretlerini \u00e7o\u011faltarak, sol i\u00e7in benzeri g\u00f6r\u00fclmemi\u015f alanlar a\u00e7m\u0131\u015ft\u0131r. Bu kitap, iktisat, uluslararas\u0131 ili\u015fkiler, siyaset bilimi, ekonomik politik ve sosyolojiye ilgi duyanlar i\u00e7in \u00f6nemli bir kaynak niteli\u011finde. \u201cS\u00fcr\u00fckleyici ve \u00e7ok g\u00fcncel olan bu yap\u0131t, neoliberalizm ile kamu ya\u015fam\u0131na verdi\u011fi zarar aras\u0131ndaki ba\u011flar\u0131 inand\u0131r\u0131c\u0131 bir bi\u00e7imde g\u00f6steren harika bir kitap.\u201d (Ray Kiely, Uluslararas\u0131 Siyaset Profes\u00f6r\u00fc, Londra Krali\u00e7e Mary \u00dcniversitesi, \u0130ngiltere) \u201cCovid-19 pandemisinin ekonomisini, siyasetini ve ideolojisini a\u00e7\u0131klayan bu se\u00e7kin \u00e7al\u0131\u015fma, gitgide otoriterle\u015fen neoliberalizmin buna temel olu\u015fturdu\u011funu vurguluyor. Bu t\u00fcrden t\u00fcm ekonomi politikler i\u00e7in \u00e7\u0131k\u0131\u015f noktas\u0131 sa\u011fl\u0131yor.\u201d (Ben Fine, \u0130ktisat Profes\u00f6r\u00fc, Londra \u00dcniversitesi Do\u011fu ve Afrika \u00c7al\u0131\u015fmalar\u0131 Okulu [SOAS], \u0130ngiltere) \u201cPandemi sonras\u0131 siyasal-iktisadi ba\u011flam\u0131n nas\u0131l bir manzara g\u00f6sterebilece\u011fi ve mevcut siyasete kar\u015f\u0131 siyasal alternatifler izleme gereklili\u011fi hakk\u0131nda okunacak bir kitap varsa, i\u015fte budur.\u201d (Greg Albo, Ekonomi Politik Profes\u00f6r\u00fc, York \u00dcniversitesi, Toronto, Kanada) <\/p>\n","protected":false},"excerpt":{"rendered":"<p>Kriz \u00c7a\u011f\u0131, y\u00fcr\u00fcrl\u00fckteki \u201cneoliberalizm \u00e7a\u011f\u0131\u201dnda \u00fcst \u00fcste gelen \u00fc\u00e7 krizi, Marksist ekonomi politik bak\u0131\u015f a\u00e7\u0131s\u0131ndan irdeliyor: K\u00fcresel ekonomideki kriz (s\u00fcregiden durgunluk, finans kaynakl\u0131 oynakl\u0131k, d\u00f6nemsel \u00e7\u00f6k\u00fc\u015fler);<span class=\"excerpt-hellip\"> [\u2026]<\/span><\/p>\n","protected":false},"featured_media":0,"template":"","meta":{"_monsterinsights_skip_tracking":false,"_monsterinsights_sitenote_active":false,"_monsterinsights_sitenote_note":"","_monsterinsights_sitenote_category":0},"product_brand":[],"product_cat":[13590,12337],"product_tag":[],"class_list":{"0":"post-751558","1":"product","2":"type-product","3":"status-publish","5":"product_cat-arastirma-inceleme-politika-siyaset","6":"product_cat-politika-siyaset","7":"pa_cilt-ciltsiz","8":"pa_tur-kitap","9":"pa_yayinevi-yordam-kitap","10":"pa_yazar-alfredo-saad-filho","12":"first","13":"instock","14":"sale","15":"shipping-taxable","16":"purchasable","17":"product-type-simple"},"_links":{"self":[{"href":"https:\/\/roveyayinevi.com.tr\/index.php\/wp-json\/wp\/v2\/product\/751558","targetHints":{"allow":["GET"]}}],"collection":[{"href":"https:\/\/roveyayinevi.com.tr\/index.php\/wp-json\/wp\/v2\/product"}],"about":[{"href":"https:\/\/roveyayinevi.com.tr\/index.php\/wp-json\/wp\/v2\/types\/product"}],"wp:attachment":[{"href":"https:\/\/roveyayinevi.com.tr\/index.php\/wp-json\/wp\/v2\/media?parent=751558"}],"wp:term":[{"taxonomy":"product_brand","embeddable":true,"href":"https:\/\/roveyayinevi.com.tr\/index.php\/wp-json\/wp\/v2\/product_brand?post=751558"},{"taxonomy":"product_cat","embeddable":true,"href":"https:\/\/roveyayinevi.com.tr\/index.php\/wp-json\/wp\/v2\/product_cat?post=751558"},{"taxonomy":"product_tag","embeddable":true,"href":"https:\/\/roveyayinevi.com.tr\/index.php\/wp-json\/wp\/v2\/product_tag?post=751558"}],"curies":[{"name":"wp","href":"https:\/\/api.w.org\/{rel}","templated":true}]}}