{"id":751557,"date":"2025-08-28T04:52:20","date_gmt":"2025-08-28T01:52:20","guid":{"rendered":"https:\/\/roveyayinevi.com.tr\/index.php\/urun\/yitik-siirler\/"},"modified":"2026-04-16T03:04:49","modified_gmt":"2026-04-16T00:04:49","slug":"yitik-siirler","status":"publish","type":"product","link":"https:\/\/roveyayinevi.com.tr\/index.php\/urun\/yitik-siirler\/","title":{"rendered":"Yitik \u015eiirler"},"content":{"rendered":"<p>Bizde bir Dil var ki; ben \u00e7ok zor \u201cannad\u0131m,\u201d C\u0131l\u0131za \u201ckelete,\u201d \u015fafa\u011fa \u201c\u00f6\u015f\u201d derler. Tarihe not olsun diyerek \u201c\u00fcnnedim,\u201d Ayla\u011fa \u201cs\u00fcnepe,\u201d b\u00f6\u011f\u00fcre \u201cd\u00f6\u015f\u201d derler.   Heyecana \u201cevmek,\u201d i\u00e7 giysiye \u201cg\u00f6ynek,\u201d \u00c7i\u011fnemeye \u201cgevmek,\u201d s\u0131k\u0131nt\u0131ya \u201cg\u00fcymek,\u201d Uzamaya \u201cs\u00fcymek,\u201d i\u015femeye \u201csiymek,\u201d Korkuya \u201cs\u0131dmak,\u201d idrara \u201c\u00e7i\u015f\u201d derler.   Islanan \u201cyap\u0131\u015f\u0131r,\u201d tekeler \u201ck\u00fcp\u00fc\u015f\u00fcr,\u201d Topal \u201cyekdirir,\u201d \u00e7ocuklar \u201ck\u00fcrd\u00fc\u015f\u00fcr,\u201d \u201c\u015e\u00fcnetir\u201d peri\u015fan, ka\u015f\u0131nan \u201cgici\u015fir,\u201d Boz gezene \u201chevkente,\u201d sine\u011fe \u201cki\u015f\u201d derler.   Bozulmu\u015fa \u201cyoyuk,\u201d ba\u011f\u0131rmaya \u201cavaz,\u201d Karga\u015fa \u201ctara\u015fma,\u201d esintiye \u201cgamaz,\u201d Sakinli\u011fe \u201cdiniz,\u201d umursamaz \u201cyanaz\u201d \u00d6k\u00fcze \u201cgebi\u015fg\u00e2h,\u201d k\u00f6pe\u011fe \u201co\u015f\u201d derler. <\/p>\n","protected":false},"excerpt":{"rendered":"<p>Bizde bir Dil var ki; ben \u00e7ok zor \u201cannad\u0131m,\u201d C\u0131l\u0131za \u201ckelete,\u201d \u015fafa\u011fa \u201c\u00f6\u015f\u201d derler. Tarihe not olsun diyerek \u201c\u00fcnnedim,\u201d Ayla\u011fa \u201cs\u00fcnepe,\u201d b\u00f6\u011f\u00fcre \u201cd\u00f6\u015f\u201d derler. Heyecana \u201cevmek,\u201d<span class=\"excerpt-hellip\"> [\u2026]<\/span><\/p>\n","protected":false},"featured_media":0,"template":"","meta":{"_monsterinsights_skip_tracking":false,"_monsterinsights_sitenote_active":false,"_monsterinsights_sitenote_note":"","_monsterinsights_sitenote_category":0},"product_brand":[],"product_cat":[12291,12509],"product_tag":[],"class_list":{"0":"post-751557","1":"product","2":"type-product","3":"status-publish","5":"product_cat-edebiyat","6":"product_cat-siir","7":"pa_cilt-ciltsiz","8":"pa_tur-kitap","9":"pa_yayinevi-gulnar-yayinlari","10":"pa_yazar-yitik-ozan","12":"first","13":"instock","14":"sale","15":"shipping-taxable","16":"purchasable","17":"product-type-simple"},"_links":{"self":[{"href":"https:\/\/roveyayinevi.com.tr\/index.php\/wp-json\/wp\/v2\/product\/751557","targetHints":{"allow":["GET"]}}],"collection":[{"href":"https:\/\/roveyayinevi.com.tr\/index.php\/wp-json\/wp\/v2\/product"}],"about":[{"href":"https:\/\/roveyayinevi.com.tr\/index.php\/wp-json\/wp\/v2\/types\/product"}],"wp:attachment":[{"href":"https:\/\/roveyayinevi.com.tr\/index.php\/wp-json\/wp\/v2\/media?parent=751557"}],"wp:term":[{"taxonomy":"product_brand","embeddable":true,"href":"https:\/\/roveyayinevi.com.tr\/index.php\/wp-json\/wp\/v2\/product_brand?post=751557"},{"taxonomy":"product_cat","embeddable":true,"href":"https:\/\/roveyayinevi.com.tr\/index.php\/wp-json\/wp\/v2\/product_cat?post=751557"},{"taxonomy":"product_tag","embeddable":true,"href":"https:\/\/roveyayinevi.com.tr\/index.php\/wp-json\/wp\/v2\/product_tag?post=751557"}],"curies":[{"name":"wp","href":"https:\/\/api.w.org\/{rel}","templated":true}]}}