{"id":751555,"date":"2025-08-28T04:52:16","date_gmt":"2025-08-28T01:52:16","guid":{"rendered":"https:\/\/roveyayinevi.com.tr\/index.php\/urun\/kasaba-2\/"},"modified":"2026-04-16T03:04:49","modified_gmt":"2026-04-16T00:04:49","slug":"kasaba-2","status":"publish","type":"product","link":"https:\/\/roveyayinevi.com.tr\/index.php\/urun\/kasaba-2\/","title":{"rendered":"Kasaba"},"content":{"rendered":"<p>Allah\u2019tan tek dile\u011fim sa\u011f salim terhis olmak ve babamla birlikte Ege\u2019nin derin sular\u0131na a\u00e7\u0131l\u0131p bal\u0131k tutmak; anac\u0131\u011f\u0131m\u0131n elinden mis kokulu g\u00f6zlemeler yemek, anam\u0131n \u201cK\u0131nal\u0131 kuzum,\u201d diyerek beni \u00f6p\u00fcp koklamas\u0131d\u0131r. Ama bazen hayat bize muratlar\u0131m\u0131z ve taleplerimiz do\u011frultusunda bir ya\u015fam sunmuyor. Olur da bana bir \u015fey olursa; bir kahpe kur\u015funa, bir sald\u0131r\u0131ya kar\u015f\u0131 \u015fehit d\u00fc\u015fersem sak\u0131n ola a\u011flay\u0131p d\u00fc\u015fman sevindirmeyin. Size bir evlat, bir karde\u015f, bir yi\u011fit, kimsesiz bir emanet b\u0131rak\u0131yorum. E\u011fer o sa\u011f salim terhis olursa ona sahip \u00e7\u0131k\u0131n, benim yerime koyun. Salih\u2019i biliyorsunuz, Salih Karakoyun\u2019u size her mektubumda anlatm\u0131\u015ft\u0131m. Ona anal\u0131k babal\u0131k edin, benim sizden tek arzum budur.   \u00d6zg\u00fcr Aras B\u00fcy\u00fcktan\u0131r, Salih\u2019in hayat \u00f6yk\u00fcs\u00fcn\u00fc merkeze alarak kurgulad\u0131\u011f\u0131 roman\u0131nda bir Ege kasabas\u0131ndan Srebrenitsa\u2019ya kadar Ayda\u2019n\u0131n hik\u00e2yesiyle uzan\u0131yor. Kurguyla tarihin i\u00e7 i\u00e7e ge\u00e7ti\u011fi bu eserde anlat\u0131lanlar okurunun hat\u0131r\u0131nda iz b\u0131rakacak t\u00fcrden\u2026<\/p>\n","protected":false},"excerpt":{"rendered":"<p>Allah\u2019tan tek dile\u011fim sa\u011f salim terhis olmak ve babamla birlikte Ege\u2019nin derin sular\u0131na a\u00e7\u0131l\u0131p bal\u0131k tutmak; anac\u0131\u011f\u0131m\u0131n elinden mis kokulu g\u00f6zlemeler yemek, anam\u0131n \u201cK\u0131nal\u0131 kuzum,\u201d diyerek<span class=\"excerpt-hellip\"> [\u2026]<\/span><\/p>\n","protected":false},"featured_media":0,"template":"","meta":{"_monsterinsights_skip_tracking":false,"_monsterinsights_sitenote_active":false,"_monsterinsights_sitenote_note":"","_monsterinsights_sitenote_category":0},"product_brand":[],"product_cat":[12291,12711],"product_tag":[],"class_list":{"0":"post-751555","1":"product","2":"type-product","3":"status-publish","5":"product_cat-edebiyat","6":"product_cat-roman-oyku","7":"pa_cilt-ciltsiz","8":"pa_tur-kitap","9":"pa_yayinevi-luna-yayinlari","10":"pa_yazar-ozgur-aras-buyuktanir","12":"first","13":"instock","14":"sale","15":"shipping-taxable","16":"purchasable","17":"product-type-simple"},"_links":{"self":[{"href":"https:\/\/roveyayinevi.com.tr\/index.php\/wp-json\/wp\/v2\/product\/751555","targetHints":{"allow":["GET"]}}],"collection":[{"href":"https:\/\/roveyayinevi.com.tr\/index.php\/wp-json\/wp\/v2\/product"}],"about":[{"href":"https:\/\/roveyayinevi.com.tr\/index.php\/wp-json\/wp\/v2\/types\/product"}],"wp:attachment":[{"href":"https:\/\/roveyayinevi.com.tr\/index.php\/wp-json\/wp\/v2\/media?parent=751555"}],"wp:term":[{"taxonomy":"product_brand","embeddable":true,"href":"https:\/\/roveyayinevi.com.tr\/index.php\/wp-json\/wp\/v2\/product_brand?post=751555"},{"taxonomy":"product_cat","embeddable":true,"href":"https:\/\/roveyayinevi.com.tr\/index.php\/wp-json\/wp\/v2\/product_cat?post=751555"},{"taxonomy":"product_tag","embeddable":true,"href":"https:\/\/roveyayinevi.com.tr\/index.php\/wp-json\/wp\/v2\/product_tag?post=751555"}],"curies":[{"name":"wp","href":"https:\/\/api.w.org\/{rel}","templated":true}]}}