{"id":751552,"date":"2025-08-28T04:52:12","date_gmt":"2025-08-28T01:52:12","guid":{"rendered":"https:\/\/roveyayinevi.com.tr\/index.php\/urun\/mutlakiyetci-devletin-kokenleri\/"},"modified":"2026-04-16T03:04:48","modified_gmt":"2026-04-16T00:04:48","slug":"mutlakiyetci-devletin-kokenleri","status":"publish","type":"product","link":"https:\/\/roveyayinevi.com.tr\/index.php\/urun\/mutlakiyetci-devletin-kokenleri\/","title":{"rendered":"Mutlak\u0131yetc\u0327i Devletin Ko\u0308kenleri"},"content":{"rendered":"<p>Feodalizmden kapitalizme gec\u0327is\u0327 ve bu gec\u0327is\u0327in toplumsal yap\u0131da yaratt\u0131g\u0306\u0131 do\u0308nu\u0308s\u0327u\u0308m, uzun y\u0131llard\u0131r tarihyaz\u0131m\u0131n\u0131n temel tart\u0131s\u0327ma konular\u0131ndan biridir. Perry Anderson, erken Modern C\u0327ag\u0306 ile Avrupa\u2019da ha\u0302kimiyetini ilan eden Mutlak\u0131yetc\u0327ilig\u0306i, bu do\u0308nu\u0308s\u0327u\u0308mu\u0308n merkezi\u0302 siyasal temas\u0131 olarak ele al\u0131yor. Bat\u0131 ve Dog\u0306u Avrupa\u2019n\u0131n toplumsal yap\u0131lar\u0131n\u0131n birbirinden ayr\u0131lan ve birbirini tamamlayan niteliklerinin kars\u0327\u0131las\u0327t\u0131rmal\u0131 tarih perspektifiyle ele al\u0131nd\u0131g\u0306\u0131 Mutlak\u0131yetc\u0327i Devletin Ko\u0308kenleri, devletlerin dog\u0306a ve yap\u0131lar\u0131n\u0131n evrimindeki c\u0327es\u0327itlilig\u0306i benzerlik ve kars\u0327\u0131tl\u0131klar\u0131n\u0131n ac\u0327\u0131g\u0306a c\u0327\u0131kar\u0131lmas\u0131 yoluyla inceliyor. Antikiteden Feodalizme Gec\u0327is\u0327ler\u2019in izinden giden bu klasikles\u0327mis\u0327 c\u0327al\u0131s\u0327ma, iktisadi yap\u0131yla toplumsal ve siyasal yap\u0131 aras\u0131ndaki ilis\u0327kilerden yola c\u0327\u0131karak c\u0327ok boyutlu bir yaklas\u0327\u0131m sergiliyor. Avrupa ile s\u0131n\u0131rl\u0131 kalmayan Anderson, \u201cAsya Tipi U\u0308retim Tarz\u0131\u201d kavramsallas\u0327t\u0131rmas\u0131n\u0131n gec\u0327erlilig\u0306ini I\u0307sla\u0302m du\u0308nyas\u0131, Japon feodalizmi ve C\u0327in o\u0308rneg\u0306i u\u0308zerinden tart\u0131s\u0327\u0131rken, birbirinden ayr\u0131 olay ve bu\u0308tu\u0308ncu\u0308l yap\u0131lar\u0131n benzerlik ve farkl\u0131l\u0131klar\u0131n\u0131 ortaya koyuyor. \u201cBir yu\u0308zy\u0131l sonra, devletin tu\u0308mu\u0308yle ortadan kald\u0131r\u0131lmas\u0131 devrimci sosyalizmin ha\u0302la\u0302 hedeflerinden birisi olarak ortadad\u0131r. Ancak, onun kesin olarak yok olus\u0327una verilen fevkalade o\u0308nem, onun tarihteki varl\u0131g\u0306\u0131n\u0131n tu\u0308m ag\u0306\u0131rl\u0131g\u0306\u0131na tan\u0131kl\u0131k etmektedir. Mutlak\u0131yetc\u0327ilik, modern du\u0308nyadaki ilk uluslararas\u0131 devlet sistemi, s\u0131rlar\u0131n\u0131 ya da bize o\u0308g\u0306reteceg\u0306i dersleri hic\u0327bir s\u0327ekilde tu\u0308ketmemis\u0327tir. Bu c\u0327al\u0131s\u0327man\u0131n hedefi bunlar\u0131n baz\u0131lar\u0131n\u0131n tart\u0131s\u0327\u0131lmas\u0131na katk\u0131da bulunmakt\u0131r (&#8230;) Bu birbirini izleyen ve kars\u0327\u0131t altu\u0308st olus\u0327larla sembolles\u0327en k\u0131tan\u0131n bo\u0308lu\u0308nmu\u0308s\u0327lu\u0308g\u0306u\u0308nu\u0308n sonuc\u0327lar\u0131 ha\u0302la\u0302 bizimledir.\u201d PERRY ANDERSON<\/p>\n","protected":false},"excerpt":{"rendered":"<p>Feodalizmden kapitalizme gec\u0327is\u0327 ve bu gec\u0327is\u0327in toplumsal yap\u0131da yaratt\u0131g\u0306\u0131 do\u0308nu\u0308s\u0327u\u0308m, uzun y\u0131llard\u0131r tarihyaz\u0131m\u0131n\u0131n temel tart\u0131s\u0327ma konular\u0131ndan biridir. Perry Anderson, erken Modern C\u0327ag\u0306 ile Avrupa\u2019da ha\u0302kimiyetini ilan<span class=\"excerpt-hellip\"> [\u2026]<\/span><\/p>\n","protected":false},"featured_media":0,"template":"","meta":{"_monsterinsights_skip_tracking":false,"_monsterinsights_sitenote_active":false,"_monsterinsights_sitenote_note":"","_monsterinsights_sitenote_category":0},"product_brand":[],"product_cat":[12370,12304],"product_tag":[],"class_list":{"0":"post-751552","1":"product","2":"type-product","3":"status-publish","5":"product_cat-arastirma-inceleme","6":"product_cat-tarih","7":"pa_cilt-ciltsiz","8":"pa_tur-kitap","9":"pa_yayinevi-iletisim-yayinlari","10":"pa_yazar-perry-anderson","12":"first","13":"instock","14":"sale","15":"shipping-taxable","16":"purchasable","17":"product-type-simple"},"_links":{"self":[{"href":"https:\/\/roveyayinevi.com.tr\/index.php\/wp-json\/wp\/v2\/product\/751552","targetHints":{"allow":["GET"]}}],"collection":[{"href":"https:\/\/roveyayinevi.com.tr\/index.php\/wp-json\/wp\/v2\/product"}],"about":[{"href":"https:\/\/roveyayinevi.com.tr\/index.php\/wp-json\/wp\/v2\/types\/product"}],"wp:attachment":[{"href":"https:\/\/roveyayinevi.com.tr\/index.php\/wp-json\/wp\/v2\/media?parent=751552"}],"wp:term":[{"taxonomy":"product_brand","embeddable":true,"href":"https:\/\/roveyayinevi.com.tr\/index.php\/wp-json\/wp\/v2\/product_brand?post=751552"},{"taxonomy":"product_cat","embeddable":true,"href":"https:\/\/roveyayinevi.com.tr\/index.php\/wp-json\/wp\/v2\/product_cat?post=751552"},{"taxonomy":"product_tag","embeddable":true,"href":"https:\/\/roveyayinevi.com.tr\/index.php\/wp-json\/wp\/v2\/product_tag?post=751552"}],"curies":[{"name":"wp","href":"https:\/\/api.w.org\/{rel}","templated":true}]}}