{"id":751550,"date":"2025-08-28T04:52:08","date_gmt":"2025-08-28T01:52:08","guid":{"rendered":"https:\/\/roveyayinevi.com.tr\/index.php\/urun\/ayi-ile-bisikleti\/"},"modified":"2026-04-16T03:04:48","modified_gmt":"2026-04-16T00:04:48","slug":"ayi-ile-bisikleti","status":"publish","type":"product","link":"https:\/\/roveyayinevi.com.tr\/index.php\/urun\/ayi-ile-bisikleti\/","title":{"rendered":"Ay\u0131 \u0130le Bisikleti"},"content":{"rendered":"<p>Her yaz d\u00fczenlenen bisiklet turu yakla\u015f\u0131yor! Ay\u0131, bu y\u0131l tura kat\u0131lmaya kararl\u0131. Ama \u00f6nce bisiklete binmeyi \u00f6\u011frenmesi gerekiyor. Ay\u0131\u2019n\u0131n dostlar\u0131 Oklu Kirpi, Karaca ve Sincap da tura haz\u0131rlan\u0131yor. Bakal\u0131m arkada\u015flar bisiklete binmeyi \u00f6\u011frenebilecek mi? <\/p>\n","protected":false},"excerpt":{"rendered":"<p>Her yaz d\u00fczenlenen bisiklet turu yakla\u015f\u0131yor! Ay\u0131, bu y\u0131l tura kat\u0131lmaya kararl\u0131. Ama \u00f6nce bisiklete binmeyi \u00f6\u011frenmesi gerekiyor. Ay\u0131\u2019n\u0131n dostlar\u0131 Oklu Kirpi, Karaca ve Sincap da<span class=\"excerpt-hellip\"> [\u2026]<\/span><\/p>\n","protected":false},"featured_media":0,"template":"","meta":{"_monsterinsights_skip_tracking":false,"_monsterinsights_sitenote_active":false,"_monsterinsights_sitenote_note":"","_monsterinsights_sitenote_category":0},"product_brand":[],"product_cat":[12274,12518],"product_tag":[],"class_list":{"0":"post-751550","1":"product","2":"type-product","3":"status-publish","5":"product_cat-cocuk-ve-genclik-kitaplari","6":"product_cat-okul-oncesi-kitaplar","7":"pa_cilt-ciltsiz","8":"pa_tur-kitap","9":"pa_yayinevi-is-bankasi-kultur-yayinlari","10":"pa_yazar-laura-renauld","12":"first","13":"instock","14":"sale","15":"shipping-taxable","16":"purchasable","17":"product-type-simple"},"_links":{"self":[{"href":"https:\/\/roveyayinevi.com.tr\/index.php\/wp-json\/wp\/v2\/product\/751550","targetHints":{"allow":["GET"]}}],"collection":[{"href":"https:\/\/roveyayinevi.com.tr\/index.php\/wp-json\/wp\/v2\/product"}],"about":[{"href":"https:\/\/roveyayinevi.com.tr\/index.php\/wp-json\/wp\/v2\/types\/product"}],"wp:attachment":[{"href":"https:\/\/roveyayinevi.com.tr\/index.php\/wp-json\/wp\/v2\/media?parent=751550"}],"wp:term":[{"taxonomy":"product_brand","embeddable":true,"href":"https:\/\/roveyayinevi.com.tr\/index.php\/wp-json\/wp\/v2\/product_brand?post=751550"},{"taxonomy":"product_cat","embeddable":true,"href":"https:\/\/roveyayinevi.com.tr\/index.php\/wp-json\/wp\/v2\/product_cat?post=751550"},{"taxonomy":"product_tag","embeddable":true,"href":"https:\/\/roveyayinevi.com.tr\/index.php\/wp-json\/wp\/v2\/product_tag?post=751550"}],"curies":[{"name":"wp","href":"https:\/\/api.w.org\/{rel}","templated":true}]}}