{"id":751549,"date":"2025-08-28T04:52:07","date_gmt":"2025-08-28T01:52:07","guid":{"rendered":"https:\/\/roveyayinevi.com.tr\/index.php\/urun\/cumhuriyet-asirlik-bir-muhasebe\/"},"modified":"2026-04-16T03:04:48","modified_gmt":"2026-04-16T00:04:48","slug":"cumhuriyet-asirlik-bir-muhasebe","status":"publish","type":"product","link":"https:\/\/roveyayinevi.com.tr\/index.php\/urun\/cumhuriyet-asirlik-bir-muhasebe\/","title":{"rendered":"Cumhuriyet: As\u0131rl\u0131k Bir Muhasebe"},"content":{"rendered":"<p>Cumhuriyet: As\u0131rl\u0131k Bir Muhasebe, o\u0308zlu\u0308 bir hesap o\u0308zeti. Yedi bas\u0327l\u0131k alt\u0131nda, Tu\u0308rkiye Cumhuriyeti\u2019nin 100 y\u0131ll\u0131k tarihinin yog\u0306unlas\u0327t\u0131r\u0131lm\u0131s\u0327 bir deg\u0306erlendirmesi. Ayn\u0131 zamanda derlemeyi de haz\u0131rlayan Mehmet O\u0308. Alkan, \u201cCumhuriyet\u2019in Siyasal Do\u0308nemec\u0327leri\u201d adl\u0131 yaz\u0131s\u0131nda, cumhuriyetin gelis\u0327me seyrini alt\u0131 do\u0308nemsel bag\u0306lamda kat ediyor: Atatu\u0308rk Cumhuriyeti, Milli S\u0327ef Cumhuriyeti, Demokrat Parti Cumhuriyeti, Darbeler Cumhuriyeti, 12 Eylu\u0308l Cumhuriyeti ve AKP Cumhuriyeti. Sema Erder, kentles\u0327me su\u0308recini ele ald\u0131g\u0306\u0131 \u201cKo\u0308ylu\u0308lu\u0308kten C\u0327\u0131k\u0131s\u0327\u0131n Zorlu Halleri\u201dnde, \u201cpostkentles\u0327me\u201d ve s\u0327irket ku\u0308reselles\u0327mesinin etkisi alt\u0131nda ins\u0327aat ekonomi-politig\u0306ine dayal\u0131 \u201cyeni nesil popu\u0308lizmi\u201d tart\u0131s\u0327\u0131yor. Aksu Bora, \u201cKad\u0131nlar\u0131n Yu\u0308z Y\u0131l\u0131\u201dn\u0131n, Cumhuriyet\u2019in \u201cK\u0131z Evlatlar\u201d\u0131ndan Solun \u201cBac\u0131lar\u0131\u201dna, 1980\u2019lerin \u201cKad\u0131nlar\u0131\u201dna, AKP\u2019nin \u201chan\u0131m kardes\u0327leri\u201dne uzanan hareketli seyri u\u0308zerine du\u0308s\u0327u\u0308nu\u0308yor. S\u0327evket Pamuk, \u201cCumhuriyet Ekonomisi\u201dnin u\u0308c\u0327 do\u0308neminde (korumac\u0131l\u0131k ve devletc\u0327ilik; tar\u0131ma dayal\u0131 kalk\u0131nma ve ithal ikameci sanayiles\u0327me; neoliberal politikalarla d\u0131s\u0327a ac\u0327\u0131lma) kopus\u0327 ve devaml\u0131l\u0131klar\u0131 analiz ediyor. Go\u0308khan C\u0327etinsaya da, Cumhuriyet do\u0308neminin d\u0131s\u0327 politikas\u0131n\u0131 s\u0327ekillendiren temel karakteristiklerin eles\u0327tirel bir analizinin ard\u0131ndan, bu politikadaki su\u0308reklilik ve deg\u0306is\u0327imlere bak\u0131yor. Tan\u0131l Bora, yu\u0308z y\u0131l\u0131n \u201cideolojik ak\u0131s\u0327lar\u201d\u0131n\u0131, yani Tu\u0308rkiye\u2019nin temel siyasi du\u0308s\u0327u\u0308nce geleneklerini, do\u0308nemsel bag\u0306lamlar ic\u0327inde go\u0308zden gec\u0327iriyor. Ahu Antmen \u201cSanat\u0131n Yu\u0308zy\u0131l\u0131\u201dnda, Osmanl\u0131-Cumhuriyet kopus\u0327 veya su\u0308reklilig\u0306iyle ve tabii Bat\u0131\u2019yla ilgili ku\u0308ltu\u0308rel c\u0327at\u0131s\u0327malar ve sentez aray\u0131s\u0327lar\u0131na odaklan\u0131yor. Sanat\u0131n hem canl\u0131 bir \u201cyans\u0131ma,\u201d hem de bizzat bir hayat alan\u0131 oldug\u0306unu go\u0308stererek&#8230; Yedi tabloda, cumhuriyet tarihi panoramas\u0131&#8230;<\/p>\n","protected":false},"excerpt":{"rendered":"<p>Cumhuriyet: As\u0131rl\u0131k Bir Muhasebe, o\u0308zlu\u0308 bir hesap o\u0308zeti. Yedi bas\u0327l\u0131k alt\u0131nda, Tu\u0308rkiye Cumhuriyeti\u2019nin 100 y\u0131ll\u0131k tarihinin yog\u0306unlas\u0327t\u0131r\u0131lm\u0131s\u0327 bir deg\u0306erlendirmesi. Ayn\u0131 zamanda derlemeyi de haz\u0131rlayan Mehmet O\u0308.<span class=\"excerpt-hellip\"> [\u2026]<\/span><\/p>\n","protected":false},"featured_media":0,"template":"","meta":{"_monsterinsights_skip_tracking":false,"_monsterinsights_sitenote_active":false,"_monsterinsights_sitenote_note":"","_monsterinsights_sitenote_category":0},"product_brand":[],"product_cat":[13590,12337],"product_tag":[],"class_list":{"0":"post-751549","1":"product","2":"type-product","3":"status-publish","5":"product_cat-arastirma-inceleme-politika-siyaset","6":"product_cat-politika-siyaset","7":"pa_cilt-ciltsiz","8":"pa_tur-kitap","9":"pa_yayinevi-iletisim-yayinlari","10":"pa_yazar-mehmet-o-alkan","12":"first","13":"instock","14":"sale","15":"shipping-taxable","16":"purchasable","17":"product-type-simple"},"_links":{"self":[{"href":"https:\/\/roveyayinevi.com.tr\/index.php\/wp-json\/wp\/v2\/product\/751549","targetHints":{"allow":["GET"]}}],"collection":[{"href":"https:\/\/roveyayinevi.com.tr\/index.php\/wp-json\/wp\/v2\/product"}],"about":[{"href":"https:\/\/roveyayinevi.com.tr\/index.php\/wp-json\/wp\/v2\/types\/product"}],"wp:attachment":[{"href":"https:\/\/roveyayinevi.com.tr\/index.php\/wp-json\/wp\/v2\/media?parent=751549"}],"wp:term":[{"taxonomy":"product_brand","embeddable":true,"href":"https:\/\/roveyayinevi.com.tr\/index.php\/wp-json\/wp\/v2\/product_brand?post=751549"},{"taxonomy":"product_cat","embeddable":true,"href":"https:\/\/roveyayinevi.com.tr\/index.php\/wp-json\/wp\/v2\/product_cat?post=751549"},{"taxonomy":"product_tag","embeddable":true,"href":"https:\/\/roveyayinevi.com.tr\/index.php\/wp-json\/wp\/v2\/product_tag?post=751549"}],"curies":[{"name":"wp","href":"https:\/\/api.w.org\/{rel}","templated":true}]}}