{"id":751541,"date":"2025-08-28T04:51:54","date_gmt":"2025-08-28T01:51:54","guid":{"rendered":"https:\/\/roveyayinevi.com.tr\/index.php\/urun\/sosyolojik-arastirma-pratigi-teori-ve-sosyal-arastirmanin-iliskilendirilmesi\/"},"modified":"2026-04-16T03:04:48","modified_gmt":"2026-04-16T00:04:48","slug":"sosyolojik-arastirma-pratigi-teori-ve-sosyal-arastirmanin-iliskilendirilmesi","status":"publish","type":"product","link":"https:\/\/roveyayinevi.com.tr\/index.php\/urun\/sosyolojik-arastirma-pratigi-teori-ve-sosyal-arastirmanin-iliskilendirilmesi\/","title":{"rendered":"Sosyolojik Ara\u015ft\u0131rma Prati\u011fi: Teori ve Sosyal Ara\u015ft\u0131rman\u0131n \u0130li\u015fkilendirilmesi"},"content":{"rendered":"<p>Ampirik sosyal ara\u015ft\u0131rma ve teori aras\u0131nda sa\u011fl\u0131kl\u0131 bir ba\u011flant\u0131n\u0131n nas\u0131l kurulaca\u011f\u0131 meselesi sosyal ara\u015ft\u0131rmac\u0131lar ve teorisyenler i\u00e7in b\u00fcy\u00fck \u00f6nem arz eder. Sosyal bilim alan\u0131nda \u00fcretilen \u00e7al\u0131\u015fmalar\u0131n en temel sorunlar\u0131ndan veya eksiklerinden biri, ampiri ve teori aras\u0131ndaki bu ili\u015fkinin g\u00fc\u00e7l\u00fc ve verimli bir bi\u00e7imde tesis edilemiyor olu\u015fudur. Derek Layder, Sosyolojik Ara\u015ft\u0131rma Prati\u011fi kitab\u0131nda sadece bu sorunun temellerine inmekle kalm\u0131yor, ayn\u0131 zamanda saha ve sosyal ara\u015ft\u0131rma pratikleriyle irtibat\u0131n teori \u00fczerinden nas\u0131l zenginle\u015ftirici bir \u00e7er\u00e7evede tesis edilebilece\u011fini yetkinlikle ortaya koyuyor. Bu kitap, teoriyi ve soyut kavramlar\u0131 ara\u015ft\u0131rmalar\u0131nda rehber olarak kullanmay\u0131 ya da onlar\u0131 somut ara\u015ft\u0131rma verilerine dayal\u0131 olarak geli\u015ftirmeyi arzulayan sosyal ara\u015ft\u0131rmac\u0131lar ile teorik fikirlerini ampirik kan\u0131t ve verilerle daha s\u0131k\u0131 bir \u015fekilde temellendirerek onlar\u0131 daha fazla g\u00fc\u00e7lendirmek isteyen sosyal teorisyenlere y\u00f6neliktir. En nihayetinde, teorile\u015ftirmenin do\u011fas\u0131 gere\u011fi ne t\u00fcr bir yarat\u0131c\u0131 etkinlik oldu\u011funu ve teorinin sosyal ara\u015ft\u0131rman\u0131n vazge\u00e7ilmez bir unsuru olarak g\u00f6r\u00fclmesi gerekti\u011fini ortaya koyan bu kitap, teori ve ampirik ara\u015ft\u0131rma ba\u011flant\u0131s\u0131na y\u00f6nelik yakla\u015f\u0131mlara bir temel olu\u015fturmaktad\u0131r. Bunun yan\u0131 s\u0131ra, kitapta sosyal teorilerin devam eden ampirik ara\u015ft\u0131rma ba\u011flam\u0131nda \u00fcretilmesine odaklanan alternatif ve \u00f6zg\u00fcn bir yakla\u015f\u0131m geli\u015ftirilmeye \u00e7al\u0131\u015f\u0131lmaktad\u0131r. Layder\u2019in uyarlay\u0131c\u0131 teori olarak ifade etti\u011fi bu yakla\u015f\u0131m, sosyal teorinin do\u011fas\u0131, kullan\u0131m \u015fekli ve ara\u015ft\u0131rma y\u00f6ntemine ili\u015fkin yerle\u015fik sosyolojik gelenekleri sorgulamaktad\u0131r. Bu geleneklerin y\u00f6ntem anlay\u0131\u015flar\u0131n\u0131n \u015f\u00f6yle ya da b\u00f6yle demode veya de\u011fersiz olduklar\u0131 iddia edilmeksizin yeni bir metodolojik \u00e7er\u00e7eve geli\u015ftirilmeye \u00e7al\u0131\u015f\u0131lmaktad\u0131r. Bu minvalde, Layder\u2019in sosyal ara\u015ft\u0131rma prati\u011fi ve teori aras\u0131ndaki u\u00e7urumun kapanmas\u0131n\u0131 ve aralar\u0131ndaki ili\u015fkinin g\u00fc\u00e7lenmesini sa\u011flayabilecek olduk\u00e7a zihin a\u00e7\u0131c\u0131 stratejiler sunmaya \u00e7al\u0131\u015ft\u0131\u011f\u0131 elinizdeki bu kitap sosyal bilimler alan\u0131yla ilgilenen t\u00fcm bireyler i\u00e7in \u00f6nemli bir bo\u015flu\u011fu dolduracak niteliktedir. <\/p>\n","protected":false},"excerpt":{"rendered":"<p>Ampirik sosyal ara\u015ft\u0131rma ve teori aras\u0131nda sa\u011fl\u0131kl\u0131 bir ba\u011flant\u0131n\u0131n nas\u0131l kurulaca\u011f\u0131 meselesi sosyal ara\u015ft\u0131rmac\u0131lar ve teorisyenler i\u00e7in b\u00fcy\u00fck \u00f6nem arz eder. Sosyal bilim alan\u0131nda \u00fcretilen \u00e7al\u0131\u015fmalar\u0131n<span class=\"excerpt-hellip\"> [\u2026]<\/span><\/p>\n","protected":false},"featured_media":0,"template":"","meta":{"_monsterinsights_skip_tracking":false,"_monsterinsights_sitenote_active":false,"_monsterinsights_sitenote_note":"","_monsterinsights_sitenote_category":0},"product_brand":[],"product_cat":[12325,12324],"product_tag":[],"class_list":{"0":"post-751541","1":"product","2":"type-product","3":"status-publish","5":"product_cat-diger-sosyoloji","6":"product_cat-sosyoloji","7":"pa_cilt-ciltsiz","8":"pa_tur-kitap","9":"pa_yayinevi-nika-yayinevi","10":"pa_yazar-derek-layder","12":"first","13":"instock","14":"sale","15":"shipping-taxable","16":"purchasable","17":"product-type-simple"},"_links":{"self":[{"href":"https:\/\/roveyayinevi.com.tr\/index.php\/wp-json\/wp\/v2\/product\/751541","targetHints":{"allow":["GET"]}}],"collection":[{"href":"https:\/\/roveyayinevi.com.tr\/index.php\/wp-json\/wp\/v2\/product"}],"about":[{"href":"https:\/\/roveyayinevi.com.tr\/index.php\/wp-json\/wp\/v2\/types\/product"}],"wp:attachment":[{"href":"https:\/\/roveyayinevi.com.tr\/index.php\/wp-json\/wp\/v2\/media?parent=751541"}],"wp:term":[{"taxonomy":"product_brand","embeddable":true,"href":"https:\/\/roveyayinevi.com.tr\/index.php\/wp-json\/wp\/v2\/product_brand?post=751541"},{"taxonomy":"product_cat","embeddable":true,"href":"https:\/\/roveyayinevi.com.tr\/index.php\/wp-json\/wp\/v2\/product_cat?post=751541"},{"taxonomy":"product_tag","embeddable":true,"href":"https:\/\/roveyayinevi.com.tr\/index.php\/wp-json\/wp\/v2\/product_tag?post=751541"}],"curies":[{"name":"wp","href":"https:\/\/api.w.org\/{rel}","templated":true}]}}