{"id":751538,"date":"2025-08-28T04:51:51","date_gmt":"2025-08-28T01:51:51","guid":{"rendered":"https:\/\/roveyayinevi.com.tr\/index.php\/urun\/adalet-nedir\/"},"modified":"2026-04-16T03:04:48","modified_gmt":"2026-04-16T00:04:48","slug":"adalet-nedir","status":"publish","type":"product","link":"https:\/\/roveyayinevi.com.tr\/index.php\/urun\/adalet-nedir\/","title":{"rendered":"Adalet Nedir?"},"content":{"rendered":"<p>Hans Kelsen, 1953 tarihli bu k\u00fc\u00e7\u00fck kitab\u0131nda adalet sorununu, \u00e7\u0131kar ve de\u011fer \u00e7at\u0131\u015fmalar\u0131n\u0131 \u00e7\u00f6zme ve insan davran\u0131\u015flar\u0131n\u0131 gerek\u00e7elendirme sorunu olarak ele almaktad\u0131r: Kelsen&#8217;e g\u00f6re mutlak adalet m\u00fcmk\u00fcn de\u011fildir, ancak g\u00f6receli adalet en az\u0131ndan ho\u015fg\u00f6r\u00fcye yol a\u00e7ar. D\u00fcnya genelinde mevcut m\u00fclteci hareketlerinin hemen herkes i\u00e7in yaratt\u0131\u011f\u0131 zorluklar g\u00f6z \u00f6n\u00fcne al\u0131nd\u0131\u011f\u0131nda bu soru (Adalet Nedir? sorusu), temel \u00f6neminin \u00f6tesinde, \u00f6zellikle g\u00fcncel h\u00e2le gelmi\u015ftir.<\/p>\n","protected":false},"excerpt":{"rendered":"<p>Hans Kelsen, 1953 tarihli bu k\u00fc\u00e7\u00fck kitab\u0131nda adalet sorununu, \u00e7\u0131kar ve de\u011fer \u00e7at\u0131\u015fmalar\u0131n\u0131 \u00e7\u00f6zme ve insan davran\u0131\u015flar\u0131n\u0131 gerek\u00e7elendirme sorunu olarak ele almaktad\u0131r: Kelsen&#8217;e g\u00f6re mutlak adalet<span class=\"excerpt-hellip\"> [\u2026]<\/span><\/p>\n","protected":false},"featured_media":0,"template":"","meta":{"_monsterinsights_skip_tracking":false,"_monsterinsights_sitenote_active":false,"_monsterinsights_sitenote_note":"","_monsterinsights_sitenote_category":0},"product_brand":[],"product_cat":[12389,12388],"product_tag":[],"class_list":{"0":"post-751538","1":"product","2":"type-product","3":"status-publish","5":"product_cat-diger-felsefe","6":"product_cat-felsefe","7":"pa_cilt-ciltsiz","8":"pa_tur-kitap","9":"pa_yayinevi-albaraka-yayinlari","10":"pa_yazar-hans-kelsen","12":"first","13":"instock","14":"sale","15":"shipping-taxable","16":"purchasable","17":"product-type-simple"},"_links":{"self":[{"href":"https:\/\/roveyayinevi.com.tr\/index.php\/wp-json\/wp\/v2\/product\/751538","targetHints":{"allow":["GET"]}}],"collection":[{"href":"https:\/\/roveyayinevi.com.tr\/index.php\/wp-json\/wp\/v2\/product"}],"about":[{"href":"https:\/\/roveyayinevi.com.tr\/index.php\/wp-json\/wp\/v2\/types\/product"}],"wp:attachment":[{"href":"https:\/\/roveyayinevi.com.tr\/index.php\/wp-json\/wp\/v2\/media?parent=751538"}],"wp:term":[{"taxonomy":"product_brand","embeddable":true,"href":"https:\/\/roveyayinevi.com.tr\/index.php\/wp-json\/wp\/v2\/product_brand?post=751538"},{"taxonomy":"product_cat","embeddable":true,"href":"https:\/\/roveyayinevi.com.tr\/index.php\/wp-json\/wp\/v2\/product_cat?post=751538"},{"taxonomy":"product_tag","embeddable":true,"href":"https:\/\/roveyayinevi.com.tr\/index.php\/wp-json\/wp\/v2\/product_tag?post=751538"}],"curies":[{"name":"wp","href":"https:\/\/api.w.org\/{rel}","templated":true}]}}