{"id":751537,"date":"2025-08-28T04:51:49","date_gmt":"2025-08-28T01:51:49","guid":{"rendered":"https:\/\/roveyayinevi.com.tr\/index.php\/urun\/benim-guzel-basortulerim\/"},"modified":"2026-04-16T03:04:48","modified_gmt":"2026-04-16T00:04:48","slug":"benim-guzel-basortulerim","status":"publish","type":"product","link":"https:\/\/roveyayinevi.com.tr\/index.php\/urun\/benim-guzel-basortulerim\/","title":{"rendered":"Benim G\u00fczel Ba\u015f\u00f6rt\u00fclerim"},"content":{"rendered":"<p>Hey merhaba!K\u00fc\u00e7\u00fck d\u00fcnyama ho\u015f geldin.Biliyor musun?Ben s\u00fcslenmeyi \u00e7ok severim.Sa\u00e7lar\u0131ma her g\u00fcn farkl\u0131 farkl\u0131 \u015fekiller veririm.Gel sana odamdaki s\u00fcslenme k\u00f6\u015femi g\u00f6stereyim.\u015eu kurdelelerimin, tokalar\u0131m\u0131n g\u00fczelli\u011fine bak.Ah; hele birbirinden renkli ba\u015f\u00f6rt\u00fclerimi bir g\u00f6rsen!Ben de senin gibi k\u00fc\u00e7\u00fck bir k\u0131z\u0131m. Ama onlar\u0131 da kullanmay\u0131 \u00e7oook seviyorum.Zaten annem; \u201c\u0130stedi\u011fin zaman bu \u00f6rt\u00fclerden kullanabilirsin. Onlar senin g\u00fczel ba\u015f\u00f6rt\u00fclerin.\u201d diyor.Onlar BEN\u0130M G\u00dcZEL BA\u015e\u00d6RT\u00dcLER\u0130M\u2026***Merve G\u00fclcemal, &#8220;Benim G\u00fczel Ba\u015f\u00f6rt\u00fclerim&#8221;de minikleri merakl\u0131, heyecanl\u0131 ve c\u0131v\u0131l c\u0131v\u0131l bir k\u0131z \u00e7ocu\u011funun d\u00fcnyas\u0131na misafir ediyor. Anneler ile k\u0131zlar\u0131n\u0131n kalbini bu sefer \u00e2deta ba\u015f\u00f6rt\u00fcs\u00fcyle ba\u011fl\u0131yor, birbirine s\u0131k\u0131 s\u0131k\u0131 tutunsunlar diye\u2026<\/p>\n","protected":false},"excerpt":{"rendered":"<p>Hey merhaba!K\u00fc\u00e7\u00fck d\u00fcnyama ho\u015f geldin.Biliyor musun?Ben s\u00fcslenmeyi \u00e7ok severim.Sa\u00e7lar\u0131ma her g\u00fcn farkl\u0131 farkl\u0131 \u015fekiller veririm.Gel sana odamdaki s\u00fcslenme k\u00f6\u015femi g\u00f6stereyim.\u015eu kurdelelerimin, tokalar\u0131m\u0131n g\u00fczelli\u011fine bak.Ah; hele birbirinden<span class=\"excerpt-hellip\"> [\u2026]<\/span><\/p>\n","protected":false},"featured_media":0,"template":"","meta":{"_monsterinsights_skip_tracking":false,"_monsterinsights_sitenote_active":false,"_monsterinsights_sitenote_note":"","_monsterinsights_sitenote_category":0},"product_brand":[],"product_cat":[12274,12284],"product_tag":[],"class_list":{"0":"post-751537","1":"product","2":"type-product","3":"status-publish","5":"product_cat-cocuk-ve-genclik-kitaplari","6":"product_cat-hikayeler","7":"pa_cilt-ciltsiz","8":"pa_tur-kitap","9":"pa_yayinevi-nesil-cocuk-yayinlari","10":"pa_yazar-merve-gulcemal","12":"first","13":"instock","14":"sale","15":"shipping-taxable","16":"purchasable","17":"product-type-simple"},"_links":{"self":[{"href":"https:\/\/roveyayinevi.com.tr\/index.php\/wp-json\/wp\/v2\/product\/751537","targetHints":{"allow":["GET"]}}],"collection":[{"href":"https:\/\/roveyayinevi.com.tr\/index.php\/wp-json\/wp\/v2\/product"}],"about":[{"href":"https:\/\/roveyayinevi.com.tr\/index.php\/wp-json\/wp\/v2\/types\/product"}],"wp:attachment":[{"href":"https:\/\/roveyayinevi.com.tr\/index.php\/wp-json\/wp\/v2\/media?parent=751537"}],"wp:term":[{"taxonomy":"product_brand","embeddable":true,"href":"https:\/\/roveyayinevi.com.tr\/index.php\/wp-json\/wp\/v2\/product_brand?post=751537"},{"taxonomy":"product_cat","embeddable":true,"href":"https:\/\/roveyayinevi.com.tr\/index.php\/wp-json\/wp\/v2\/product_cat?post=751537"},{"taxonomy":"product_tag","embeddable":true,"href":"https:\/\/roveyayinevi.com.tr\/index.php\/wp-json\/wp\/v2\/product_tag?post=751537"}],"curies":[{"name":"wp","href":"https:\/\/api.w.org\/{rel}","templated":true}]}}