{"id":751535,"date":"2025-08-28T04:51:47","date_gmt":"2025-08-28T01:51:47","guid":{"rendered":"https:\/\/roveyayinevi.com.tr\/index.php\/urun\/ruhun-arayisinda\/"},"modified":"2026-04-16T03:04:48","modified_gmt":"2026-04-16T00:04:48","slug":"ruhun-arayisinda","status":"publish","type":"product","link":"https:\/\/roveyayinevi.com.tr\/index.php\/urun\/ruhun-arayisinda\/","title":{"rendered":"Ruhun Aray\u0131\u015f\u0131nda"},"content":{"rendered":"<p>Ruh kavram\u0131, Antik \u00e7a\u011flardan bu yana yinelenen bir ke\u015fif alan\u0131 olmu\u015ftur. Ruhumuzu bulmaktan bahsederken neyi kastederiz, bir ruhumuz oldu\u011funu nas\u0131l biliriz ve g\u00fcn\u00fcm\u00fcz\u00fcn bilimsel ve teknolojik geli\u015fmelerinin ortas\u0131nda bunun \u00f6nemi nedir? Ruhun Aray\u0131\u015f\u0131nda, okuyucular\u0131 ruhun k\u00f6kenlerine do\u011fru k\u0131sa bir yolculu\u011fa \u00e7\u0131karmaktad\u0131r ve ruh kavram\u0131n\u0131n tarih boyunca nas\u0131l geli\u015fti\u011fini incelemektedir. Edebiyat, m\u00fczik, sanat ve teolojiye de\u011finen John Cottingham, ruhun mahiyetine y\u00f6nelik \u00e7al\u0131\u015fmalar\u0131n\/ara\u015ft\u0131rmalar\u0131n modern zamanlarda gereksiz (!) addedilmesinin \u00e7ok hatal\u0131 oldu\u011funu iddia etmektedir. Yazara g\u00f6re, ruhun daha iyi anla\u015f\u0131lmas\u0131, hepimizin insan olman\u0131n ne oldu\u011funu daha iyi anlamas\u0131na yard\u0131mc\u0131 olacakt\u0131r. <\/p>\n","protected":false},"excerpt":{"rendered":"<p>Ruh kavram\u0131, Antik \u00e7a\u011flardan bu yana yinelenen bir ke\u015fif alan\u0131 olmu\u015ftur. Ruhumuzu bulmaktan bahsederken neyi kastederiz, bir ruhumuz oldu\u011funu nas\u0131l biliriz ve g\u00fcn\u00fcm\u00fcz\u00fcn bilimsel ve teknolojik<span class=\"excerpt-hellip\"> [\u2026]<\/span><\/p>\n","protected":false},"featured_media":0,"template":"","meta":{"_monsterinsights_skip_tracking":false,"_monsterinsights_sitenote_active":false,"_monsterinsights_sitenote_note":"","_monsterinsights_sitenote_category":0},"product_brand":[],"product_cat":[12357],"product_tag":[],"class_list":{"0":"post-751535","1":"product","2":"type-product","3":"status-publish","5":"product_cat-psikoloji","6":"pa_cilt-ciltsiz","7":"pa_tur-kitap","8":"pa_yayinevi-albaraka-yayinlari","9":"pa_yazar-john-cottingham","11":"first","12":"instock","13":"sale","14":"shipping-taxable","15":"purchasable","16":"product-type-simple"},"_links":{"self":[{"href":"https:\/\/roveyayinevi.com.tr\/index.php\/wp-json\/wp\/v2\/product\/751535","targetHints":{"allow":["GET"]}}],"collection":[{"href":"https:\/\/roveyayinevi.com.tr\/index.php\/wp-json\/wp\/v2\/product"}],"about":[{"href":"https:\/\/roveyayinevi.com.tr\/index.php\/wp-json\/wp\/v2\/types\/product"}],"wp:attachment":[{"href":"https:\/\/roveyayinevi.com.tr\/index.php\/wp-json\/wp\/v2\/media?parent=751535"}],"wp:term":[{"taxonomy":"product_brand","embeddable":true,"href":"https:\/\/roveyayinevi.com.tr\/index.php\/wp-json\/wp\/v2\/product_brand?post=751535"},{"taxonomy":"product_cat","embeddable":true,"href":"https:\/\/roveyayinevi.com.tr\/index.php\/wp-json\/wp\/v2\/product_cat?post=751535"},{"taxonomy":"product_tag","embeddable":true,"href":"https:\/\/roveyayinevi.com.tr\/index.php\/wp-json\/wp\/v2\/product_tag?post=751535"}],"curies":[{"name":"wp","href":"https:\/\/api.w.org\/{rel}","templated":true}]}}