{"id":751533,"date":"2025-08-28T04:51:45","date_gmt":"2025-08-28T01:51:45","guid":{"rendered":"https:\/\/roveyayinevi.com.tr\/index.php\/urun\/mektuplar-hayat-siyaset-ve-bilim\/"},"modified":"2026-04-16T03:04:48","modified_gmt":"2026-04-16T00:04:48","slug":"mektuplar-hayat-siyaset-ve-bilim","status":"publish","type":"product","link":"https:\/\/roveyayinevi.com.tr\/index.php\/urun\/mektuplar-hayat-siyaset-ve-bilim\/","title":{"rendered":"Mektuplar: Hayat, Siyaset ve Bilim"},"content":{"rendered":"<p>Max Weber\u2019in hayat, siyaset ve bilime dair mektuplar\u0131, onun entelekt\u00fcel evrenine yeni bir bak\u0131\u015f sunuyor. Sosyoloji, ekonomi ve siyaset bilimi alanlar\u0131na yapt\u0131\u011f\u0131 derin katk\u0131larla tan\u0131nan Weber\u2019in akademik yaz\u0131\u015fmalar\u0131, onun entelekt\u00fcel g\u00fcc\u00fcne ve akademik yolculu\u011funa dair bir kan\u0131t olu\u015fturuyor. Bu e\u015fsiz yaz\u0131\u015fma koleksiyonu, Weber\u2019in ailesi, dostlar\u0131, meslekta\u015flar\u0131, \u00f6\u011frencileri ve \u00e7a\u011fda\u015flar\u0131yla olan derin etkile\u015fimlerini ortaya \u00e7\u0131kararak sosyal bilimler tarihinin en d\u00f6n\u00fc\u015ft\u00fcr\u00fcc\u00fc d\u00f6nemlerinden birinin zengin dokusunu g\u00f6steriyor. Weber\u2019in \u00f6\u011frencilerine ve meslekta\u015flar\u0131na yazd\u0131\u011f\u0131 mektuplar sadece onun ola\u011fan\u00fcst\u00fc zek\u00e2s\u0131n\u0131 ve anlat\u0131m kabiliyetini de\u011fil, ayn\u0131 zamanda etraf\u0131ndaki zihinleri besleyen ve onlara meydan okuyan c\u00f6mert ruhunu da ortaya koyuyor. Her sosyal bilim \u00f6\u011frencisi i\u00e7in bir hazine olan bu mektuplar Weber\u2019in bilimsel yolculu\u011funun inceliklerine dair derin bir kavray\u0131\u015f sa\u011fl\u0131yor.<\/p>\n","protected":false},"excerpt":{"rendered":"<p>Max Weber\u2019in hayat, siyaset ve bilime dair mektuplar\u0131, onun entelekt\u00fcel evrenine yeni bir bak\u0131\u015f sunuyor. Sosyoloji, ekonomi ve siyaset bilimi alanlar\u0131na yapt\u0131\u011f\u0131 derin katk\u0131larla tan\u0131nan Weber\u2019in<span class=\"excerpt-hellip\"> [\u2026]<\/span><\/p>\n","protected":false},"featured_media":0,"template":"","meta":{"_monsterinsights_skip_tracking":false,"_monsterinsights_sitenote_active":false,"_monsterinsights_sitenote_note":"","_monsterinsights_sitenote_category":0},"product_brand":[],"product_cat":[13059,12337],"product_tag":[],"class_list":{"0":"post-751533","1":"product","2":"type-product","3":"status-publish","5":"product_cat-diger-politika-siyaset","6":"product_cat-politika-siyaset","7":"pa_cilt-ciltsiz","8":"pa_tur-kitap","9":"pa_yayinevi-albaraka-yayinlari","10":"pa_yazar-max-weber","12":"first","13":"instock","14":"sale","15":"shipping-taxable","16":"purchasable","17":"product-type-simple"},"_links":{"self":[{"href":"https:\/\/roveyayinevi.com.tr\/index.php\/wp-json\/wp\/v2\/product\/751533","targetHints":{"allow":["GET"]}}],"collection":[{"href":"https:\/\/roveyayinevi.com.tr\/index.php\/wp-json\/wp\/v2\/product"}],"about":[{"href":"https:\/\/roveyayinevi.com.tr\/index.php\/wp-json\/wp\/v2\/types\/product"}],"wp:attachment":[{"href":"https:\/\/roveyayinevi.com.tr\/index.php\/wp-json\/wp\/v2\/media?parent=751533"}],"wp:term":[{"taxonomy":"product_brand","embeddable":true,"href":"https:\/\/roveyayinevi.com.tr\/index.php\/wp-json\/wp\/v2\/product_brand?post=751533"},{"taxonomy":"product_cat","embeddable":true,"href":"https:\/\/roveyayinevi.com.tr\/index.php\/wp-json\/wp\/v2\/product_cat?post=751533"},{"taxonomy":"product_tag","embeddable":true,"href":"https:\/\/roveyayinevi.com.tr\/index.php\/wp-json\/wp\/v2\/product_tag?post=751533"}],"curies":[{"name":"wp","href":"https:\/\/api.w.org\/{rel}","templated":true}]}}