{"id":751532,"date":"2025-08-28T04:51:44","date_gmt":"2025-08-28T01:51:44","guid":{"rendered":"https:\/\/roveyayinevi.com.tr\/index.php\/urun\/felsefenin-baslangici\/"},"modified":"2026-04-11T14:20:06","modified_gmt":"2026-04-11T11:20:06","slug":"felsefenin-baslangici","status":"publish","type":"product","link":"https:\/\/roveyayinevi.com.tr\/index.php\/urun\/felsefenin-baslangici\/","title":{"rendered":"Felsefenin Ba\u015flang\u0131c\u0131"},"content":{"rendered":"<p>\u0130lk Yunan d\u00fc\u015f\u00fcn\u00fcrlerinin incelenmesi her zaman i\u00e7in Gadamer\u2019in felsefi \u00e7al\u0131\u015fmalar\u0131n\u0131n merkezinde yer alm\u0131\u015ft\u0131r; \u00fcnl\u00fc filozof, hermeneutik y\u00f6ntemini ilk Yunan d\u00fc\u015f\u00fcn\u00fcrlere, nevi \u015fahs\u0131na m\u00fcnhas\u0131r bir \u015fekilde uygulamaktad\u0131r. T\u00fcrk okuruna sundu\u011fumuz bu \u00f6nemli eser, ilk kez Almanca olarak yay\u0131nlanan 1988 Napoli Dersleri\u2019nden olu\u015fmaktad\u0131r. Kitap boyunca Gadamer, Platon ve Aristoteles taraf\u0131ndan aktar\u0131ld\u0131\u011f\u0131 \u015fekliyle Yunan d\u00fc\u015f\u00fcncesinin geli\u015fimini takdire \u015fayan bir a\u00e7\u0131kl\u0131kla izler. Gadamer\u2019e g\u00f6re \u201cba\u015flang\u0131\u00e7\u201d kavram\u0131 felsefenin \u00f6z\u00fc\/mahiyeti i\u00e7in b\u00fcy\u00fck bir \u00f6nemi haizdir. <\/p>\n","protected":false},"excerpt":{"rendered":"<p>\u0130lk Yunan d\u00fc\u015f\u00fcn\u00fcrlerinin incelenmesi her zaman i\u00e7in Gadamer\u2019in felsefi \u00e7al\u0131\u015fmalar\u0131n\u0131n merkezinde yer alm\u0131\u015ft\u0131r; \u00fcnl\u00fc filozof, hermeneutik y\u00f6ntemini ilk Yunan d\u00fc\u015f\u00fcn\u00fcrlere, nevi \u015fahs\u0131na m\u00fcnhas\u0131r bir \u015fekilde uygulamaktad\u0131r.<span class=\"excerpt-hellip\"> [\u2026]<\/span><\/p>\n","protected":false},"featured_media":0,"template":"","meta":{"_monsterinsights_skip_tracking":false,"_monsterinsights_sitenote_active":false,"_monsterinsights_sitenote_note":"","_monsterinsights_sitenote_category":0},"product_brand":[],"product_cat":[12388],"product_tag":[],"class_list":{"0":"post-751532","1":"product","2":"type-product","3":"status-publish","5":"product_cat-felsefe","6":"pa_cilt-ciltsiz","7":"pa_tur-kitap","8":"pa_yayinevi-albaraka-yayinlari","9":"pa_yazar-hans-georg-gadamer","11":"first","12":"instock","13":"sale","14":"shipping-taxable","15":"purchasable","16":"product-type-simple"},"_links":{"self":[{"href":"https:\/\/roveyayinevi.com.tr\/index.php\/wp-json\/wp\/v2\/product\/751532","targetHints":{"allow":["GET"]}}],"collection":[{"href":"https:\/\/roveyayinevi.com.tr\/index.php\/wp-json\/wp\/v2\/product"}],"about":[{"href":"https:\/\/roveyayinevi.com.tr\/index.php\/wp-json\/wp\/v2\/types\/product"}],"wp:attachment":[{"href":"https:\/\/roveyayinevi.com.tr\/index.php\/wp-json\/wp\/v2\/media?parent=751532"}],"wp:term":[{"taxonomy":"product_brand","embeddable":true,"href":"https:\/\/roveyayinevi.com.tr\/index.php\/wp-json\/wp\/v2\/product_brand?post=751532"},{"taxonomy":"product_cat","embeddable":true,"href":"https:\/\/roveyayinevi.com.tr\/index.php\/wp-json\/wp\/v2\/product_cat?post=751532"},{"taxonomy":"product_tag","embeddable":true,"href":"https:\/\/roveyayinevi.com.tr\/index.php\/wp-json\/wp\/v2\/product_tag?post=751532"}],"curies":[{"name":"wp","href":"https:\/\/api.w.org\/{rel}","templated":true}]}}