{"id":751528,"date":"2025-08-28T04:51:37","date_gmt":"2025-08-28T01:51:37","guid":{"rendered":"https:\/\/roveyayinevi.com.tr\/index.php\/urun\/henuz-her-sey-bitmedi\/"},"modified":"2026-04-16T03:04:48","modified_gmt":"2026-04-16T00:04:48","slug":"henuz-her-sey-bitmedi","status":"publish","type":"product","link":"https:\/\/roveyayinevi.com.tr\/index.php\/urun\/henuz-her-sey-bitmedi\/","title":{"rendered":"Hen\u00fcz Her \u015eey Bitmedi"},"content":{"rendered":"<p>Hayat devam ediyor.   Ba\u015f\u0131mdan ge\u00e7en her \u015feyi bu kitapta yazd\u0131m\u2026 Seninle bol bol dertle\u015fip, bazen g\u00fcl\u00fcp bazen a\u011flayaca\u011f\u0131z. Ben zaman\u0131nda \u00e7ok yanl\u0131\u015f yapt\u0131m sen yapma diye, kendin i\u00e7in iyiye giden yola ad\u0131m att\u0131\u011f\u0131n an, ben de orada olaca\u011f\u0131m.   Seni hi\u00e7 tan\u0131mad\u0131m\u2026 \u015eu an ne yap\u0131yorsun bilmiyorum ama seni seviyorum. Tan\u0131masam da sana inan\u0131yorum; hayallerinin pe\u015finden ko\u015faca\u011f\u0131na, kendin olaca\u011f\u0131na, d\u00fc\u015fsen bile daha g\u00fc\u00e7l\u00fc bir sen olarak yeniden aya\u011fa kalkaca\u011f\u0131na inan\u0131yorum. \u015eayet ben aya\u011fa kalkaca\u011f\u0131m dersen, seni bekliyor olaca\u011f\u0131m.   Unutma, hi\u00e7bir \u015fey i\u00e7in ge\u00e7 de\u011fil\u2026 <\/p>\n","protected":false},"excerpt":{"rendered":"<p>Hayat devam ediyor. Ba\u015f\u0131mdan ge\u00e7en her \u015feyi bu kitapta yazd\u0131m\u2026 Seninle bol bol dertle\u015fip, bazen g\u00fcl\u00fcp bazen a\u011flayaca\u011f\u0131z. Ben zaman\u0131nda \u00e7ok yanl\u0131\u015f yapt\u0131m sen yapma diye,<span class=\"excerpt-hellip\"> [\u2026]<\/span><\/p>\n","protected":false},"featured_media":0,"template":"","meta":{"_monsterinsights_skip_tracking":false,"_monsterinsights_sitenote_active":false,"_monsterinsights_sitenote_note":"","_monsterinsights_sitenote_category":0},"product_brand":[],"product_cat":[12777,12291],"product_tag":[],"class_list":{"0":"post-751528","1":"product","2":"type-product","3":"status-publish","5":"product_cat-deneme","6":"product_cat-edebiyat","7":"pa_cilt-ciltsiz","8":"pa_tur-kitap","9":"pa_yayinevi-hayykitap","10":"pa_yazar-zeus-kabadayi","12":"first","13":"instock","14":"sale","15":"shipping-taxable","16":"purchasable","17":"product-type-simple"},"_links":{"self":[{"href":"https:\/\/roveyayinevi.com.tr\/index.php\/wp-json\/wp\/v2\/product\/751528","targetHints":{"allow":["GET"]}}],"collection":[{"href":"https:\/\/roveyayinevi.com.tr\/index.php\/wp-json\/wp\/v2\/product"}],"about":[{"href":"https:\/\/roveyayinevi.com.tr\/index.php\/wp-json\/wp\/v2\/types\/product"}],"wp:attachment":[{"href":"https:\/\/roveyayinevi.com.tr\/index.php\/wp-json\/wp\/v2\/media?parent=751528"}],"wp:term":[{"taxonomy":"product_brand","embeddable":true,"href":"https:\/\/roveyayinevi.com.tr\/index.php\/wp-json\/wp\/v2\/product_brand?post=751528"},{"taxonomy":"product_cat","embeddable":true,"href":"https:\/\/roveyayinevi.com.tr\/index.php\/wp-json\/wp\/v2\/product_cat?post=751528"},{"taxonomy":"product_tag","embeddable":true,"href":"https:\/\/roveyayinevi.com.tr\/index.php\/wp-json\/wp\/v2\/product_tag?post=751528"}],"curies":[{"name":"wp","href":"https:\/\/api.w.org\/{rel}","templated":true}]}}