{"id":751527,"date":"2025-08-28T04:51:35","date_gmt":"2025-08-28T01:51:35","guid":{"rendered":"https:\/\/roveyayinevi.com.tr\/index.php\/urun\/aklin-ucurumunda\/"},"modified":"2026-04-16T03:04:48","modified_gmt":"2026-04-16T00:04:48","slug":"aklin-ucurumunda","status":"publish","type":"product","link":"https:\/\/roveyayinevi.com.tr\/index.php\/urun\/aklin-ucurumunda\/","title":{"rendered":"Akl\u0131n U\u00e7urumunda"},"content":{"rendered":"<p>Neyzen Tevfik, Fikret Muall\u00e2, Sabahattin Ali ve bir\u00e7ok \u00fcnl\u00fc sanat\u00e7\u0131n\u0131n ya\u015fam\u0131ndan kesitler&#8230; Psikolog yazar Melih Y\u0131ld\u0131z, bu kitab\u0131nda bilim, sanat ve edebiyat d\u00fcnyam\u0131z\u0131n \u0131\u015f\u0131lt\u0131l\u0131 karakterlerinin akl\u0131n u\u00e7urumunda olan ya\u015famlar\u0131ndan kesitler sunuyor. Unutulmaz yeteneklerine, sanatsal ve bilimsel verimlerine kar\u015f\u0131n yolu bir \u015fekilde ak\u0131l hastanesiyle kesi\u015fmi\u015f ve ruhsal sorunlar ya\u015fam\u0131\u015f bu \u00fcnl\u00fclerimiz aras\u0131nda kimler yok ki: Sabahattin Ali, Neyzen Tevfik, Yahya Kemal, \u015e\u00fck\u00fbfe Nihal, Fikret Muall\u00e2\u2026 Kitapta ayr\u0131ca, bu \u00fcnl\u00fclerle zaman zaman yollar\u0131 kesi\u015fen Fahri Celal, Mazhar Osman gibi \u00fclkemizde psikoloji biliminin geli\u015fmesine katk\u0131da bulunmu\u015f bilim insanlar\u0131n\u0131n \u00e7abalar\u0131na da yer veriliyor.<\/p>\n","protected":false},"excerpt":{"rendered":"<p>Neyzen Tevfik, Fikret Muall\u00e2, Sabahattin Ali ve bir\u00e7ok \u00fcnl\u00fc sanat\u00e7\u0131n\u0131n ya\u015fam\u0131ndan kesitler&#8230; Psikolog yazar Melih Y\u0131ld\u0131z, bu kitab\u0131nda bilim, sanat ve edebiyat d\u00fcnyam\u0131z\u0131n \u0131\u015f\u0131lt\u0131l\u0131 karakterlerinin akl\u0131n<span class=\"excerpt-hellip\"> [\u2026]<\/span><\/p>\n","protected":false},"featured_media":0,"template":"","meta":{"_monsterinsights_skip_tracking":false,"_monsterinsights_sitenote_active":false,"_monsterinsights_sitenote_note":"","_monsterinsights_sitenote_category":0},"product_brand":[],"product_cat":[12777,12291],"product_tag":[],"class_list":{"0":"post-751527","1":"product","2":"type-product","3":"status-publish","5":"product_cat-deneme","6":"product_cat-edebiyat","7":"pa_cilt-ciltsiz","8":"pa_tur-kitap","9":"pa_yayinevi-remzi-kitabevi","10":"pa_yazar-melih-yildiz","12":"first","13":"instock","14":"sale","15":"shipping-taxable","16":"purchasable","17":"product-type-simple"},"_links":{"self":[{"href":"https:\/\/roveyayinevi.com.tr\/index.php\/wp-json\/wp\/v2\/product\/751527","targetHints":{"allow":["GET"]}}],"collection":[{"href":"https:\/\/roveyayinevi.com.tr\/index.php\/wp-json\/wp\/v2\/product"}],"about":[{"href":"https:\/\/roveyayinevi.com.tr\/index.php\/wp-json\/wp\/v2\/types\/product"}],"wp:attachment":[{"href":"https:\/\/roveyayinevi.com.tr\/index.php\/wp-json\/wp\/v2\/media?parent=751527"}],"wp:term":[{"taxonomy":"product_brand","embeddable":true,"href":"https:\/\/roveyayinevi.com.tr\/index.php\/wp-json\/wp\/v2\/product_brand?post=751527"},{"taxonomy":"product_cat","embeddable":true,"href":"https:\/\/roveyayinevi.com.tr\/index.php\/wp-json\/wp\/v2\/product_cat?post=751527"},{"taxonomy":"product_tag","embeddable":true,"href":"https:\/\/roveyayinevi.com.tr\/index.php\/wp-json\/wp\/v2\/product_tag?post=751527"}],"curies":[{"name":"wp","href":"https:\/\/api.w.org\/{rel}","templated":true}]}}