{"id":751517,"date":"2025-08-28T04:51:17","date_gmt":"2025-08-28T01:51:17","guid":{"rendered":"https:\/\/roveyayinevi.com.tr\/index.php\/urun\/ah-su-uydurukcu\/"},"modified":"2026-04-16T03:04:48","modified_gmt":"2026-04-16T00:04:48","slug":"ah-su-uydurukcu","status":"publish","type":"product","link":"https:\/\/roveyayinevi.com.tr\/index.php\/urun\/ah-su-uydurukcu\/","title":{"rendered":"Ah \u015eu Uyduruk\u00e7u"},"content":{"rendered":"<p>DostlukAzimD\u00fcr\u00fcstl\u00fckBirlik-beraberlik Pa\u00e7al\u0131, Dar\u0131lgan ve Uyduruk\u00e7u d\u00fcnyaya ayn\u0131 anda\u201cMerhaba!\u201d diyen \u00fc\u00e7 kanka. Fakat her zaman iyianla\u015fam\u0131yorlar. Hatta birg\u00fcn arkada\u015fl\u0131klar\u0131 tepetaklakoluyor. Uyduruk\u00e7u\u2019nun \u201cKarakulak Geliyoor!\u201d diyerekba\u015flatt\u0131\u011f\u0131 oyun, \u00e7iftlikteki ya\u015fam\u0131 alt \u00fcst ediyor.Hem de \u00f6yle bir alt \u00fcst ediyor ki&#8230; Hem e\u011flenece\u011fin hem dedostlu\u011fun ve birlikte hareket etmenin ne kadar de\u011ferlioldu\u011funu g\u00f6rece\u011fin bir macera seni bekliyor. <\/p>\n","protected":false},"excerpt":{"rendered":"<p>DostlukAzimD\u00fcr\u00fcstl\u00fckBirlik-beraberlik Pa\u00e7al\u0131, Dar\u0131lgan ve Uyduruk\u00e7u d\u00fcnyaya ayn\u0131 anda\u201cMerhaba!\u201d diyen \u00fc\u00e7 kanka. Fakat her zaman iyianla\u015fam\u0131yorlar. Hatta birg\u00fcn arkada\u015fl\u0131klar\u0131 tepetaklakoluyor. Uyduruk\u00e7u\u2019nun \u201cKarakulak Geliyoor!\u201d diyerekba\u015flatt\u0131\u011f\u0131 oyun, \u00e7iftlikteki ya\u015fam\u0131<span class=\"excerpt-hellip\"> [\u2026]<\/span><\/p>\n","protected":false},"featured_media":0,"template":"","meta":{"_monsterinsights_skip_tracking":false,"_monsterinsights_sitenote_active":false,"_monsterinsights_sitenote_note":"","_monsterinsights_sitenote_category":0},"product_brand":[],"product_cat":[12274],"product_tag":[],"class_list":{"0":"post-751517","1":"product","2":"type-product","3":"status-publish","5":"product_cat-cocuk-ve-genclik-kitaplari","6":"pa_cilt-ciltsiz","7":"pa_tur-kitap","8":"pa_yayinevi-masalperest-ozel-urun","9":"pa_yazar-turkay-cakalagaoglu","11":"first","12":"instock","13":"sale","14":"shipping-taxable","15":"purchasable","16":"product-type-simple"},"_links":{"self":[{"href":"https:\/\/roveyayinevi.com.tr\/index.php\/wp-json\/wp\/v2\/product\/751517","targetHints":{"allow":["GET"]}}],"collection":[{"href":"https:\/\/roveyayinevi.com.tr\/index.php\/wp-json\/wp\/v2\/product"}],"about":[{"href":"https:\/\/roveyayinevi.com.tr\/index.php\/wp-json\/wp\/v2\/types\/product"}],"wp:attachment":[{"href":"https:\/\/roveyayinevi.com.tr\/index.php\/wp-json\/wp\/v2\/media?parent=751517"}],"wp:term":[{"taxonomy":"product_brand","embeddable":true,"href":"https:\/\/roveyayinevi.com.tr\/index.php\/wp-json\/wp\/v2\/product_brand?post=751517"},{"taxonomy":"product_cat","embeddable":true,"href":"https:\/\/roveyayinevi.com.tr\/index.php\/wp-json\/wp\/v2\/product_cat?post=751517"},{"taxonomy":"product_tag","embeddable":true,"href":"https:\/\/roveyayinevi.com.tr\/index.php\/wp-json\/wp\/v2\/product_tag?post=751517"}],"curies":[{"name":"wp","href":"https:\/\/api.w.org\/{rel}","templated":true}]}}