{"id":751516,"date":"2025-08-28T04:51:15","date_gmt":"2025-08-28T01:51:15","guid":{"rendered":"https:\/\/roveyayinevi.com.tr\/index.php\/urun\/sanata-dair-2\/"},"modified":"2026-04-16T03:04:48","modified_gmt":"2026-04-16T00:04:48","slug":"sanata-dair-2","status":"publish","type":"product","link":"https:\/\/roveyayinevi.com.tr\/index.php\/urun\/sanata-dair-2\/","title":{"rendered":"Sanata Dair \u2013 2"},"content":{"rendered":"<p>\u201cSanata Dair\u201d, Halit Ziya U\u015fakl\u0131gil\u2019in genel olarak sanat, edebiyat, dil ve m\u00fczik konular\u0131 \u00fczerine kaleme ald\u0131\u011f\u0131 gazete yaz\u0131lar\u0131ndan olu\u015fuyor.   1938-1963 y\u0131llar\u0131 aras\u0131nda d\u00f6rt cilt halinde yay\u0131mlanan Sanata Dair\u2019i biz iki ciltte toplad\u0131k. Abdullah U\u00e7man taraf\u0131ndan haz\u0131rlanan Sanata Dair\u2019in bu iki ciltlik yay\u0131n\u0131nda, esas metne herhangi bir m\u00fcdahalede bulunmadan, gerekli g\u00f6r\u00fclen birtak\u0131m isim, eser ve olaylarla ilgili k\u0131sa a\u00e7\u0131klamalar yap\u0131lm\u0131\u015f; yazar\u0131n bir k\u0131s\u0131m kelimelerde tercih etti\u011fi ve bug\u00fcne uymayan imlas\u0131 g\u00fcn\u00fcm\u00fcz imlas\u0131na uydurulmak suretiyle daha rahat okunabilecek bir eser ortaya konulmu\u015ftur.   Elinizdeki ikinci ciltte Halit Ziya, kendi ku\u015fa\u011f\u0131ndan bir k\u0131s\u0131m edeb\u00ee \u015fahsiyetin portresini \u00e7izmi\u015f, onlar\u0131n kitap halinde bas\u0131lm\u0131\u015f eserlerini de\u011ferlendirmi\u015f; \u0130ngiliz ve Frans\u0131z edebiyat\u0131n\u0131n belli ba\u015fl\u0131 isimlerinin k\u0131sa biyografileri e\u015fli\u011finde eserlerini tan\u0131tm\u0131\u015ft\u0131r.   Halit Ziya\u2019n\u0131n son derece zengin ve geni\u015f bir birikimle, rahat\u00e7a okunan deneme \u00fcslubuyla kaleme ald\u0131\u011f\u0131 yaz\u0131lar\u0131nda, g\u00fcn\u00fcm\u00fcz ara\u015ft\u0131rmac\u0131lar\u0131yla okuyucular\u0131n\u0131n \u00f6\u011frenece\u011fi ve tart\u0131\u015faca\u011f\u0131 \u00f6nemli konular oldu\u011fu kanaatindeyiz. <\/p>\n","protected":false},"excerpt":{"rendered":"<p>\u201cSanata Dair\u201d, Halit Ziya U\u015fakl\u0131gil\u2019in genel olarak sanat, edebiyat, dil ve m\u00fczik konular\u0131 \u00fczerine kaleme ald\u0131\u011f\u0131 gazete yaz\u0131lar\u0131ndan olu\u015fuyor. 1938-1963 y\u0131llar\u0131 aras\u0131nda d\u00f6rt cilt halinde yay\u0131mlanan<span class=\"excerpt-hellip\"> [\u2026]<\/span><\/p>\n","protected":false},"featured_media":0,"template":"","meta":{"_monsterinsights_skip_tracking":false,"_monsterinsights_sitenote_active":false,"_monsterinsights_sitenote_note":"","_monsterinsights_sitenote_category":0},"product_brand":[],"product_cat":[18545,12291],"product_tag":[],"class_list":{"0":"post-751516","1":"product","2":"type-product","3":"status-publish","5":"product_cat-anlati","6":"product_cat-edebiyat","7":"pa_cilt-ciltsiz","8":"pa_tur-kitap","9":"pa_yayinevi-yapi-kredi-yayinlari","10":"pa_yazar-halit-ziya-usakligil","12":"first","13":"instock","14":"sale","15":"shipping-taxable","16":"purchasable","17":"product-type-simple"},"_links":{"self":[{"href":"https:\/\/roveyayinevi.com.tr\/index.php\/wp-json\/wp\/v2\/product\/751516","targetHints":{"allow":["GET"]}}],"collection":[{"href":"https:\/\/roveyayinevi.com.tr\/index.php\/wp-json\/wp\/v2\/product"}],"about":[{"href":"https:\/\/roveyayinevi.com.tr\/index.php\/wp-json\/wp\/v2\/types\/product"}],"wp:attachment":[{"href":"https:\/\/roveyayinevi.com.tr\/index.php\/wp-json\/wp\/v2\/media?parent=751516"}],"wp:term":[{"taxonomy":"product_brand","embeddable":true,"href":"https:\/\/roveyayinevi.com.tr\/index.php\/wp-json\/wp\/v2\/product_brand?post=751516"},{"taxonomy":"product_cat","embeddable":true,"href":"https:\/\/roveyayinevi.com.tr\/index.php\/wp-json\/wp\/v2\/product_cat?post=751516"},{"taxonomy":"product_tag","embeddable":true,"href":"https:\/\/roveyayinevi.com.tr\/index.php\/wp-json\/wp\/v2\/product_tag?post=751516"}],"curies":[{"name":"wp","href":"https:\/\/api.w.org\/{rel}","templated":true}]}}