{"id":751515,"date":"2025-08-28T04:51:14","date_gmt":"2025-08-28T01:51:14","guid":{"rendered":"https:\/\/roveyayinevi.com.tr\/index.php\/urun\/sanata-dair-1\/"},"modified":"2026-04-16T03:04:48","modified_gmt":"2026-04-16T00:04:48","slug":"sanata-dair-1","status":"publish","type":"product","link":"https:\/\/roveyayinevi.com.tr\/index.php\/urun\/sanata-dair-1\/","title":{"rendered":"Sanata Dair \u2013 1"},"content":{"rendered":"<p>\u201cSanata Dair\u201d, Halit Ziya U\u015fakl\u0131gil\u2019in genel olarak sanat, edebiyat, dil ve m\u00fczik konular\u0131 \u00fczerine kaleme ald\u0131\u011f\u0131 gazete yaz\u0131lar\u0131ndan olu\u015fuyor.   1938-1963 y\u0131llar\u0131 aras\u0131nda d\u00f6rt cilt halinde yay\u0131mlanan \u2018Sanata Dair\u2019i biz iki ciltte toplad\u0131k. Abdullah U\u00e7man taraf\u0131ndan haz\u0131rlanan \u2018Sanata Dair\u2019in bu iki ciltlik yay\u0131n\u0131nda, esas metne herhangi bir m\u00fcdahalede bulunmadan, gerekli g\u00f6r\u00fclen birtak\u0131m isim, eser ve olaylarla ilgili k\u0131sa a\u00e7\u0131klamalar yap\u0131lm\u0131\u015f; yazar\u0131n bir k\u0131s\u0131m kelimelerde tercih etti\u011fi ve bug\u00fcne uymayan imlas\u0131 g\u00fcn\u00fcm\u00fcz imlas\u0131na uydurulmak suretiyle daha rahat okunabilecek bir eser ortaya konulmu\u015ftur.   Elinizdeki ilk ciltte \u015fiir, roman, ele\u015ftiri, vezinler, dilimizdeki Arap\u00e7a ve Fars\u00e7a tamlamalar, gramer, s\u00f6zl\u00fck ve imla konusuyla terc\u00fcme meselesi \u00fczerinde durulmu\u015f; T\u00fcrk tiyatrosu ve m\u00fczi\u011finin yan\u0131 s\u0131ra yeni T\u00fcrk\u00e7e tart\u0131\u015fmalar\u0131na yer verilmi\u015ftir.   Halit Ziya\u2019n\u0131n son derece zengin ve geni\u015f bir birikimle, rahat\u00e7a okunan deneme \u00fcslubuyla kaleme ald\u0131\u011f\u0131 yaz\u0131lar\u0131nda, g\u00fcn\u00fcm\u00fcz ara\u015ft\u0131rmac\u0131lar\u0131yla okuyucular\u0131n\u0131n \u00f6\u011frenece\u011fi ve tart\u0131\u015faca\u011f\u0131 \u00f6nemli konular oldu\u011fu kanaatindeyiz. <\/p>\n","protected":false},"excerpt":{"rendered":"<p>\u201cSanata Dair\u201d, Halit Ziya U\u015fakl\u0131gil\u2019in genel olarak sanat, edebiyat, dil ve m\u00fczik konular\u0131 \u00fczerine kaleme ald\u0131\u011f\u0131 gazete yaz\u0131lar\u0131ndan olu\u015fuyor. 1938-1963 y\u0131llar\u0131 aras\u0131nda d\u00f6rt cilt halinde yay\u0131mlanan<span class=\"excerpt-hellip\"> [\u2026]<\/span><\/p>\n","protected":false},"featured_media":0,"template":"","meta":{"_monsterinsights_skip_tracking":false,"_monsterinsights_sitenote_active":false,"_monsterinsights_sitenote_note":"","_monsterinsights_sitenote_category":0},"product_brand":[],"product_cat":[18545,12291],"product_tag":[],"class_list":{"0":"post-751515","1":"product","2":"type-product","3":"status-publish","5":"product_cat-anlati","6":"product_cat-edebiyat","7":"pa_cilt-ciltsiz","8":"pa_tur-kitap","9":"pa_yayinevi-yapi-kredi-yayinlari","10":"pa_yazar-halit-ziya-usakligil","12":"first","13":"instock","14":"sale","15":"shipping-taxable","16":"purchasable","17":"product-type-simple"},"_links":{"self":[{"href":"https:\/\/roveyayinevi.com.tr\/index.php\/wp-json\/wp\/v2\/product\/751515","targetHints":{"allow":["GET"]}}],"collection":[{"href":"https:\/\/roveyayinevi.com.tr\/index.php\/wp-json\/wp\/v2\/product"}],"about":[{"href":"https:\/\/roveyayinevi.com.tr\/index.php\/wp-json\/wp\/v2\/types\/product"}],"wp:attachment":[{"href":"https:\/\/roveyayinevi.com.tr\/index.php\/wp-json\/wp\/v2\/media?parent=751515"}],"wp:term":[{"taxonomy":"product_brand","embeddable":true,"href":"https:\/\/roveyayinevi.com.tr\/index.php\/wp-json\/wp\/v2\/product_brand?post=751515"},{"taxonomy":"product_cat","embeddable":true,"href":"https:\/\/roveyayinevi.com.tr\/index.php\/wp-json\/wp\/v2\/product_cat?post=751515"},{"taxonomy":"product_tag","embeddable":true,"href":"https:\/\/roveyayinevi.com.tr\/index.php\/wp-json\/wp\/v2\/product_tag?post=751515"}],"curies":[{"name":"wp","href":"https:\/\/api.w.org\/{rel}","templated":true}]}}