{"id":751513,"date":"2025-08-28T04:51:11","date_gmt":"2025-08-28T01:51:11","guid":{"rendered":"https:\/\/roveyayinevi.com.tr\/index.php\/urun\/kismet-kusu\/"},"modified":"2026-04-16T03:04:48","modified_gmt":"2026-04-16T00:04:48","slug":"kismet-kusu","status":"publish","type":"product","link":"https:\/\/roveyayinevi.com.tr\/index.php\/urun\/kismet-kusu\/","title":{"rendered":"K\u0131smet Ku\u015fu"},"content":{"rendered":"<p>\u201cK\u0131smet Ku\u015fu\u201d ad\u0131n\u0131 verdi\u011fimiz elinizdeki kitapta, 1941-1949 y\u0131llar\u0131 aras\u0131nda s\u00fcreli yay\u0131nlarda \u00e7\u0131kt\u0131ktan sonra \u00e7e\u015fitli kitaplar\u0131na da\u011f\u0131lm\u0131\u015f Esendal \u00f6yk\u00fclerini bir arada okuyacaks\u0131n\u0131z.   \u201cOnun g\u00fczel roman\u0131n\u0131n, g\u00fczel hik\u00e2yelerinin gen\u00e7 insanlar\u0131n mahremiyetlerine, muhayyilelerine, ya\u015fay\u0131\u015flar\u0131na, mesut ve h\u00fcz\u00fcnl\u00fc saatlerine uzun seneler kar\u0131\u015fmas\u0131n\u0131 dilerim. Mektep kitaplar\u0131na onun k\u00fc\u00e7\u00fcc\u00fck, tertemiz, g\u00fczel hik\u00e2yelerinin kocaman lafl\u0131lar\u0131n yerine ge\u00e7mesini dilerim.\u201d (Sait Faik Abas\u0131yan\u0131k)   \u201cHik\u00e2yeleri i\u00e7inde birka\u00e7\u0131n\u0131 \u00e7ok severim: \u0130stanbul\u2019da Bir Bayram G\u00fcn\u00fcn\u00fcn Hik\u00e2yesi, H\u00e2mid \u0130\u00e7in Bir Yaz\u0131, bir de, ad\u0131n\u0131 unuttum, bir dilenciye verilen bir k\u0131z\u0131n hik\u00e2yesi [Bizim Nesibe]. Sevdi\u011fim hik\u00e2yeleri yaln\u0131zca bunlar de\u011fildir, ama \u015fimdi bunlar\u0131 hat\u0131rl\u0131yorum&#8230; H\u00e2mid \u0130\u00e7in Bir Yaz\u0131 yazar\u0131n en sevdi\u011fim hik\u00e2yelerinden biridir; edebiyat \u00e2lemimizin en ac\u0131kl\u0131 hallerinden birine dokunur: K\u00f6r\u00fc k\u00f6r\u00fcne be\u011fenmek, k\u00f6r\u00fc k\u00f6r\u00fcne \u00f6vmek, yahut k\u00f6r\u00fc k\u00f6r\u00fcne yermek. O \u00f6vg\u00fclerin, yahut yergilerin bari bir manas\u0131 olsa! Hay\u0131r, hepsi bo\u015f birer lak\u0131rd\u0131 kalabal\u0131\u011f\u0131d\u0131r. Memduh \u015eevket Esendal o hik\u00e2yesinde i\u015fte bunu g\u00f6stermi\u015ftir.\u201d (Nurullah Ata\u00e7)   Ata\u00e7\u2019\u0131n Esendal\u2019da sevdi\u011fi \u00fc\u00e7 \u00f6yk\u00fc de \u2018K\u0131smet Ku\u015fu\u2019nda.. <\/p>\n","protected":false},"excerpt":{"rendered":"<p>\u201cK\u0131smet Ku\u015fu\u201d ad\u0131n\u0131 verdi\u011fimiz elinizdeki kitapta, 1941-1949 y\u0131llar\u0131 aras\u0131nda s\u00fcreli yay\u0131nlarda \u00e7\u0131kt\u0131ktan sonra \u00e7e\u015fitli kitaplar\u0131na da\u011f\u0131lm\u0131\u015f Esendal \u00f6yk\u00fclerini bir arada okuyacaks\u0131n\u0131z. \u201cOnun g\u00fczel roman\u0131n\u0131n, g\u00fczel hik\u00e2yelerinin<span class=\"excerpt-hellip\"> [\u2026]<\/span><\/p>\n","protected":false},"featured_media":0,"template":"","meta":{"_monsterinsights_skip_tracking":false,"_monsterinsights_sitenote_active":false,"_monsterinsights_sitenote_note":"","_monsterinsights_sitenote_category":0},"product_brand":[],"product_cat":[12291,12711],"product_tag":[],"class_list":{"0":"post-751513","1":"product","2":"type-product","3":"status-publish","5":"product_cat-edebiyat","6":"product_cat-roman-oyku","7":"pa_cilt-ciltsiz","8":"pa_tur-kitap","9":"pa_yayinevi-yapi-kredi-yayinlari","10":"pa_yazar-memduh-sevket-esendal","12":"first","13":"instock","14":"sale","15":"shipping-taxable","16":"purchasable","17":"product-type-simple"},"_links":{"self":[{"href":"https:\/\/roveyayinevi.com.tr\/index.php\/wp-json\/wp\/v2\/product\/751513","targetHints":{"allow":["GET"]}}],"collection":[{"href":"https:\/\/roveyayinevi.com.tr\/index.php\/wp-json\/wp\/v2\/product"}],"about":[{"href":"https:\/\/roveyayinevi.com.tr\/index.php\/wp-json\/wp\/v2\/types\/product"}],"wp:attachment":[{"href":"https:\/\/roveyayinevi.com.tr\/index.php\/wp-json\/wp\/v2\/media?parent=751513"}],"wp:term":[{"taxonomy":"product_brand","embeddable":true,"href":"https:\/\/roveyayinevi.com.tr\/index.php\/wp-json\/wp\/v2\/product_brand?post=751513"},{"taxonomy":"product_cat","embeddable":true,"href":"https:\/\/roveyayinevi.com.tr\/index.php\/wp-json\/wp\/v2\/product_cat?post=751513"},{"taxonomy":"product_tag","embeddable":true,"href":"https:\/\/roveyayinevi.com.tr\/index.php\/wp-json\/wp\/v2\/product_tag?post=751513"}],"curies":[{"name":"wp","href":"https:\/\/api.w.org\/{rel}","templated":true}]}}