{"id":751512,"date":"2025-08-28T04:51:10","date_gmt":"2025-08-28T01:51:10","guid":{"rendered":"https:\/\/roveyayinevi.com.tr\/index.php\/urun\/ayak-izleri-2\/"},"modified":"2026-04-16T03:04:48","modified_gmt":"2026-04-16T00:04:48","slug":"ayak-izleri-2","status":"publish","type":"product","link":"https:\/\/roveyayinevi.com.tr\/index.php\/urun\/ayak-izleri-2\/","title":{"rendered":"Ayak \u0130zleri"},"content":{"rendered":"<p>\u201cOn bin y\u0131l ya da on milyon y\u0131l sonra d\u00fcnya nas\u0131l bir yer olacak? Bizim hakk\u0131m\u0131zda ne t\u00fcr hik\u00e2yeler anlat\u0131lacak?\u201d   Ayak \u0130zleri: Gelece\u011fin Fosillerinin Pe\u015finde\u2019de \u00f6d\u00fcll\u00fc yazar David Farrier, \u00e7ok uzak bir gelece\u011fe ne t\u00fcr izler b\u0131rakaca\u011f\u0131m\u0131z\u0131 ara\u015ft\u0131r\u0131yor. Modern uygarl\u0131k olarak, okyanuslar\u0131 kirleten plastik maddeler, topra\u011f\u0131n alt\u0131na g\u00f6m\u00fclen n\u00fckleer at\u0131klar ya da gezegeni boydan boya kateden milyonlarca kilometrelik yollar gibi zaman\u0131n etkisine direnebilecek pek \u00e7ok \u015fey yaratt\u0131k. \u00dcretti\u011fimiz karbon belki de atmosferde 100.000 y\u0131l boyunca kalacak ve \u015fehirlerimizin kal\u0131nt\u0131lar\u0131 da bundan milyonlarca y\u0131l sonra bile bir kaya katman\u0131 olarak varl\u0131\u011f\u0131n\u0131 s\u00fcrd\u00fcrmeye devam edecek. Gelece\u011fin fosilleri, yirmi birinci y\u00fczy\u0131lda nas\u0131l ya\u015fad\u0131\u011f\u0131m\u0131za dair bir\u00e7ok ger\u00e7e\u011fi a\u00e7\u0131\u011fa \u00e7\u0131karabilir.   Edebiyat, sanat ve bilimin i\u00e7 i\u00e7e ge\u00e7ti\u011fi Ayak \u0130zleri, bizi uzak gelecekteki torunlar\u0131m\u0131z\u0131n mit ve hik\u00e2yelerinde nas\u0131l hat\u0131rlanaca\u011f\u0131m\u0131z\u0131 d\u00fc\u015f\u00fcnmeye davet ediyor. Balt\u0131k Denizi&#8217;nden B\u00fcy\u00fck Set Resifi&#8217;ne, Tazmanya&#8217;daki bir buz \u00e7ekirde\u011fi laboratuvar\u0131ndan devasa \u015eanghay \u015fehrine dek uzanan seyahatlerinden sonra Farrier, h\u0131zla de\u011fi\u015fen ve de\u011fi\u015firken de insan kavray\u0131\u015f\u0131n\u0131n \u00f6tesinde sonu\u00e7lar do\u011furan bir d\u00fcnyay\u0131 anlat\u0131yor. Uyar\u0131da bulunurken her \u015feye ra\u011fmen umudu da elden b\u0131rakmayan Ayak \u0130zleri, sadece gelecek hakk\u0131ndaki d\u00fc\u015f\u00fcncelerinizi de\u011fil, g\u00fcn\u00fcm\u00fcz d\u00fcnyas\u0131na bak\u0131\u015f\u0131n\u0131z\u0131 da de\u011fi\u015ftirecek. <\/p>\n","protected":false},"excerpt":{"rendered":"<p>\u201cOn bin y\u0131l ya da on milyon y\u0131l sonra d\u00fcnya nas\u0131l bir yer olacak? Bizim hakk\u0131m\u0131zda ne t\u00fcr hik\u00e2yeler anlat\u0131lacak?\u201d Ayak \u0130zleri: Gelece\u011fin Fosillerinin Pe\u015finde\u2019de \u00f6d\u00fcll\u00fc<span class=\"excerpt-hellip\"> [\u2026]<\/span><\/p>\n","protected":false},"featured_media":0,"template":"","meta":{"_monsterinsights_skip_tracking":false,"_monsterinsights_sitenote_active":false,"_monsterinsights_sitenote_note":"","_monsterinsights_sitenote_category":0},"product_brand":[],"product_cat":[13005,13006],"product_tag":[],"class_list":{"0":"post-751512","1":"product","2":"type-product","3":"status-publish","5":"product_cat-bilim-muhendislik","6":"product_cat-populer-bilim","7":"pa_cilt-ciltsiz","8":"pa_tur-kitap","9":"pa_yayinevi-minotor-kitap","10":"pa_yazar-david-farrier","12":"first","13":"instock","14":"sale","15":"shipping-taxable","16":"purchasable","17":"product-type-simple"},"_links":{"self":[{"href":"https:\/\/roveyayinevi.com.tr\/index.php\/wp-json\/wp\/v2\/product\/751512","targetHints":{"allow":["GET"]}}],"collection":[{"href":"https:\/\/roveyayinevi.com.tr\/index.php\/wp-json\/wp\/v2\/product"}],"about":[{"href":"https:\/\/roveyayinevi.com.tr\/index.php\/wp-json\/wp\/v2\/types\/product"}],"wp:attachment":[{"href":"https:\/\/roveyayinevi.com.tr\/index.php\/wp-json\/wp\/v2\/media?parent=751512"}],"wp:term":[{"taxonomy":"product_brand","embeddable":true,"href":"https:\/\/roveyayinevi.com.tr\/index.php\/wp-json\/wp\/v2\/product_brand?post=751512"},{"taxonomy":"product_cat","embeddable":true,"href":"https:\/\/roveyayinevi.com.tr\/index.php\/wp-json\/wp\/v2\/product_cat?post=751512"},{"taxonomy":"product_tag","embeddable":true,"href":"https:\/\/roveyayinevi.com.tr\/index.php\/wp-json\/wp\/v2\/product_tag?post=751512"}],"curies":[{"name":"wp","href":"https:\/\/api.w.org\/{rel}","templated":true}]}}