{"id":751510,"date":"2025-08-28T04:51:07","date_gmt":"2025-08-28T01:51:07","guid":{"rendered":"https:\/\/roveyayinevi.com.tr\/index.php\/urun\/meraklisina-tarihoncesi-dunya\/"},"modified":"2026-04-16T03:04:48","modified_gmt":"2026-04-16T00:04:48","slug":"meraklisina-tarihoncesi-dunya","status":"publish","type":"product","link":"https:\/\/roveyayinevi.com.tr\/index.php\/urun\/meraklisina-tarihoncesi-dunya\/","title":{"rendered":"Merakl\u0131s\u0131na Tarih\u00f6ncesi D\u00fcnya"},"content":{"rendered":"<p>Merakl\u0131s\u0131na Tarih\u00f6ncesi D\u00fcnya, Afrika\u2019daki k\u00f6kenlerimizden end\u00fcstrile\u015fme \u00f6ncesinin g\u00f6rkemli uygarl\u0131klar\u0131na ve yak\u0131n ge\u00e7mi\u015fin \u015fehirlerine uzanan insanl\u0131\u011f\u0131n tarih\u00f6ncesinin \u00e7arp\u0131c\u0131 hik\u00e2yesini aktar\u0131yor.   \u0130ki arkeolog ve deneyimli tarih yazar\u0131, uzak atalar\u0131m\u0131z\u0131n Eski D\u00fcnya\u2019ya yay\u0131lmas\u0131n\u0131, Homo sapiens\u2019in ortaya \u00e7\u0131k\u0131\u015f\u0131n\u0131, ondan \u00e7ok sonra Avrupa, Avrasya, Asya ve Amerika\u2019ya kal\u0131c\u0131 olarak yerle\u015fmesini anlat\u0131yor. Avc\u0131 toplay\u0131c\u0131lardan sonra d\u00fcnyan\u0131n \u00e7e\u015fitli b\u00f6lgelerinde \u00e7ift\u00e7ilik ve hayvan evcille\u015ftirmenin k\u00f6kenlerine odaklan\u0131yor, bu yeni ekonomilerin insan varolu\u015funu nas\u0131l da \u00e7arp\u0131c\u0131 bir bi\u00e7imde de\u011fi\u015ftirdi\u011fini g\u00f6zler \u00f6n\u00fcne seriyor. Kudretli h\u00fck\u00fcmdarlar\u0131 ve ideolojilerini, uygarl\u0131klar\u0131n y\u00fckseli\u015fiyle d\u00fc\u015f\u00fc\u015f\u00fcn\u00fc ve pek \u00e7o\u011funun maruz kald\u0131\u011f\u0131 uzun kurakl\u0131\u011f\u0131n y\u0131k\u0131c\u0131 etkilerini anlatarak tarih\u00f6ncesi d\u00fcnyan\u0131n neden modern d\u00fcnya i\u00e7in \u00f6nemli oldu\u011funa cevap ar\u0131yor.   Tarih\u00f6ncesi ge\u00e7mi\u015fimizin insanl\u0131\u011f\u0131n k\u00f6kenlerinden g\u00fcn\u00fcm\u00fcze dek uzanan bir de\u011ferlendirmesini k\u00fcresel bir bak\u0131\u015fla, sade olmakla beraber keyifli bir \u00fcslupla sunan bu kitap, insanl\u0131\u011f\u0131n erken tarihinin hik\u00e2yesi ve onun modern d\u00fcnyayla ba\u011flant\u0131s\u0131n\u0131 merak edenler i\u00e7in harikulade bir k\u0131lavuz. <\/p>\n","protected":false},"excerpt":{"rendered":"<p>Merakl\u0131s\u0131na Tarih\u00f6ncesi D\u00fcnya, Afrika\u2019daki k\u00f6kenlerimizden end\u00fcstrile\u015fme \u00f6ncesinin g\u00f6rkemli uygarl\u0131klar\u0131na ve yak\u0131n ge\u00e7mi\u015fin \u015fehirlerine uzanan insanl\u0131\u011f\u0131n tarih\u00f6ncesinin \u00e7arp\u0131c\u0131 hik\u00e2yesini aktar\u0131yor. \u0130ki arkeolog ve deneyimli tarih yazar\u0131, uzak<span class=\"excerpt-hellip\"> [\u2026]<\/span><\/p>\n","protected":false},"featured_media":0,"template":"","meta":{"_monsterinsights_skip_tracking":false,"_monsterinsights_sitenote_active":false,"_monsterinsights_sitenote_note":"","_monsterinsights_sitenote_category":0},"product_brand":[],"product_cat":[12304],"product_tag":[],"class_list":{"0":"post-751510","1":"product","2":"type-product","3":"status-publish","5":"product_cat-tarih","6":"pa_cilt-ciltsiz","7":"pa_tur-kitap","8":"pa_yayinevi-nova-kitap","9":"pa_yazar-nadia-durrani-brian-fagan","11":"first","12":"instock","13":"sale","14":"shipping-taxable","15":"purchasable","16":"product-type-simple"},"_links":{"self":[{"href":"https:\/\/roveyayinevi.com.tr\/index.php\/wp-json\/wp\/v2\/product\/751510","targetHints":{"allow":["GET"]}}],"collection":[{"href":"https:\/\/roveyayinevi.com.tr\/index.php\/wp-json\/wp\/v2\/product"}],"about":[{"href":"https:\/\/roveyayinevi.com.tr\/index.php\/wp-json\/wp\/v2\/types\/product"}],"wp:attachment":[{"href":"https:\/\/roveyayinevi.com.tr\/index.php\/wp-json\/wp\/v2\/media?parent=751510"}],"wp:term":[{"taxonomy":"product_brand","embeddable":true,"href":"https:\/\/roveyayinevi.com.tr\/index.php\/wp-json\/wp\/v2\/product_brand?post=751510"},{"taxonomy":"product_cat","embeddable":true,"href":"https:\/\/roveyayinevi.com.tr\/index.php\/wp-json\/wp\/v2\/product_cat?post=751510"},{"taxonomy":"product_tag","embeddable":true,"href":"https:\/\/roveyayinevi.com.tr\/index.php\/wp-json\/wp\/v2\/product_tag?post=751510"}],"curies":[{"name":"wp","href":"https:\/\/api.w.org\/{rel}","templated":true}]}}