{"id":751507,"date":"2025-08-28T04:51:02","date_gmt":"2025-08-28T01:51:02","guid":{"rendered":"https:\/\/roveyayinevi.com.tr\/index.php\/urun\/hayatimi-degistiren-her-sey\/"},"modified":"2026-04-08T03:11:34","modified_gmt":"2026-04-08T00:11:34","slug":"hayatimi-degistiren-her-sey","status":"publish","type":"product","link":"https:\/\/roveyayinevi.com.tr\/index.php\/urun\/hayatimi-degistiren-her-sey\/","title":{"rendered":"Hayat\u0131m\u0131 De\u011fi\u015ftiren Her \u015eey"},"content":{"rendered":"<p>\u201cSize pusu kuran birinin plan\u0131n\u0131 \u00f6\u011frenirseniz ne olur? O plan bozulur! Ailenizdeki s\u0131rlar, ge\u00e7mi\u015f travmalar, negatif duygu ve d\u00fc\u015f\u00fcnceler, sevimsiz an\u0131lar da sizi bekleyen pusulard\u0131r. \u00d6\u011frendi\u011finizde ve \u2018Bu onlar\u0131n \u00e7at\u0131\u015fmas\u0131yd\u0131, benim yolum ba\u015fka!\u2019 fark\u0131ndal\u0131\u011f\u0131na vard\u0131\u011f\u0131n\u0131zda d\u00f6ng\u00fcleri k\u0131rm\u0131\u015f olursunuz.\u201d Bu romanda Esra\u2019n\u0131n fark\u0131ndal\u0131k yollar\u0131ndan nas\u0131l ge\u00e7ti\u011fini, neyi neden ya\u015fad\u0131\u011f\u0131n\u0131 ve nas\u0131l \u00e7\u00f6zd\u00fc\u011f\u00fcn\u00fc film izler gibi g\u00f6receksiniz. Esra, g\u00fczel, ba\u015far\u0131l\u0131 bir k\u00fcrat\u00f6r ve ressamd\u0131r. Evli ve \u00e7ok mutludur. Evde yard\u0131mc\u0131s\u0131, \u015fof\u00f6r\u00fc, cemiyette bir yeri, refah bir hayat\u0131 vard\u0131r. Ama y\u00fcre\u011findeki s\u0131r ya\u015fam\u0131n\u0131 g\u00f6lgelemektedir; s\u00fcrekli ayn\u0131 r\u00fcyay\u0131 g\u00f6r\u00fcr ve ard\u0131ndan k\u0131l\u0131k de\u011fi\u015ftirip ev temizli\u011fine gider. Bir yabanc\u0131n\u0131n bu s\u0131rr\u0131 \u00f6\u011frenmesi ile Esra\u2019n\u0131n hayat\u0131 alt \u00fcst olur. B\u00fcy\u00fck bir y\u00fczle\u015fme, psikolog seanslar\u0131, bilin\u00e7d\u0131\u015f\u0131 kodlar\u0131, rit\u00fceller, meditasyonlar, r\u00fcyalar, i\u00e7indeki yaral\u0131 \u00e7ocu\u011fa mektup, affetme \u00e7al\u0131\u015fmalar\u0131, reiki, yas tutma, ge\u00e7mi\u015fi \u015fifaland\u0131rma ve daha fazlas\u0131\u2026 Ay\u015fen Bozku\u015f, Hayat\u0131m\u0131 De\u011fi\u015ftiren Her \u015eey kitab\u0131nda s\u0131radan hayatlar\u0131n i\u00e7ine g\u00f6m\u00fclm\u00fc\u015f, suskunlukla kar\u015f\u0131lanm\u0131\u015f bir k\u00f6t\u00fcl\u00fckle y\u00fczle\u015ftiriyor bizi. De\u011fi\u015fim, d\u00f6n\u00fc\u015f\u00fcm ve ruhumuzdaki yaralar\u0131n iyile\u015fmesine ancak bir y\u00fczle\u015fmeyle ba\u015flayabilece\u011fimizi umut dolu bir hik\u00e2yeyle hat\u0131rlat\u0131yor. \u201cFark\u0131nda olal\u0131m ya da olmayal\u0131m, hayat tesad\u00fcf ad\u0131 verdiklerimiz arac\u0131l\u0131\u011f\u0131yla bizimle konu\u015fur.\u201d <\/p>\n","protected":false},"excerpt":{"rendered":"<p>\u201cSize pusu kuran birinin plan\u0131n\u0131 \u00f6\u011frenirseniz ne olur? O plan bozulur! Ailenizdeki s\u0131rlar, ge\u00e7mi\u015f travmalar, negatif duygu ve d\u00fc\u015f\u00fcnceler, sevimsiz an\u0131lar da sizi bekleyen pusulard\u0131r. \u00d6\u011frendi\u011finizde<span class=\"excerpt-hellip\"> [\u2026]<\/span><\/p>\n","protected":false},"featured_media":0,"template":"","meta":{"_monsterinsights_skip_tracking":false,"_monsterinsights_sitenote_active":false,"_monsterinsights_sitenote_note":"","_monsterinsights_sitenote_category":0},"product_brand":[],"product_cat":[12364,12376],"product_tag":[],"class_list":{"0":"post-751507","1":"product","2":"type-product","3":"status-publish","5":"product_cat-genel-konular","6":"product_cat-kisisel-gelisim","7":"pa_cilt-ciltsiz","8":"pa_tur-kitap","9":"pa_yayinevi-muptela-yayinevi","10":"pa_yazar-aysen-bozkus","12":"first","13":"instock","14":"sale","15":"shipping-taxable","16":"purchasable","17":"product-type-simple"},"_links":{"self":[{"href":"https:\/\/roveyayinevi.com.tr\/index.php\/wp-json\/wp\/v2\/product\/751507","targetHints":{"allow":["GET"]}}],"collection":[{"href":"https:\/\/roveyayinevi.com.tr\/index.php\/wp-json\/wp\/v2\/product"}],"about":[{"href":"https:\/\/roveyayinevi.com.tr\/index.php\/wp-json\/wp\/v2\/types\/product"}],"wp:attachment":[{"href":"https:\/\/roveyayinevi.com.tr\/index.php\/wp-json\/wp\/v2\/media?parent=751507"}],"wp:term":[{"taxonomy":"product_brand","embeddable":true,"href":"https:\/\/roveyayinevi.com.tr\/index.php\/wp-json\/wp\/v2\/product_brand?post=751507"},{"taxonomy":"product_cat","embeddable":true,"href":"https:\/\/roveyayinevi.com.tr\/index.php\/wp-json\/wp\/v2\/product_cat?post=751507"},{"taxonomy":"product_tag","embeddable":true,"href":"https:\/\/roveyayinevi.com.tr\/index.php\/wp-json\/wp\/v2\/product_tag?post=751507"}],"curies":[{"name":"wp","href":"https:\/\/api.w.org\/{rel}","templated":true}]}}