{"id":751506,"date":"2025-08-28T04:51:00","date_gmt":"2025-08-28T01:51:00","guid":{"rendered":"https:\/\/roveyayinevi.com.tr\/index.php\/urun\/marry-grave-3\/"},"modified":"2026-04-16T03:04:47","modified_gmt":"2026-04-16T00:04:47","slug":"marry-grave-3","status":"publish","type":"product","link":"https:\/\/roveyayinevi.com.tr\/index.php\/urun\/marry-grave-3\/","title":{"rendered":"Marry Grave 3"},"content":{"rendered":"<p>\u00d6L\u00dc KARISINI D\u0130R\u0130LTMEK \u0130\u00c7\u0130N \u00c7IKTI\u011eI YOLCULUK GE\u00c7M\u0130\u015e\u0130N \u0130Z\u0130N\u0130 S\u00dcR\u00dcYOR. \u00d6YK\u00dcM\u00dcZ, SAWYER\u2019IN \u00c7OCUKLU\u011eUNA, \u0130K\u0130S\u0130N\u0130N TANI\u015eTI\u011eI G\u00dcNLERE UZANIYOR!   Sawyer \u00e7\u0131kt\u0131\u011f\u0131 zorlu yolculukta, malzemelerde bulunan b\u00fcy\u00fcy\u00fc kullanarak iblislerle amans\u0131z m\u00fccadelesine devam ediyor. Rosalie\u2019yi diriltmek i\u00e7in d\u00fc\u015ft\u00fc\u011f\u00fc yolda b\u00fcy\u00fck bir azimle ilerliyor. \u00d6yk\u00fcm\u00fcz Sawyer\u2019\u0131n \u00e7ocukluk y\u0131llar\u0131na geri d\u00f6n\u00fcyor. Yaln\u0131z bir \u00e7ocuk olan Sawyer\u2019a ya\u015fama g\u00fcc\u00fc veren ki\u015fi kimdi? Ve sevgili kar\u0131s\u0131 Rosalie ile nas\u0131l tan\u0131\u015ft\u0131lar? \u0130kisinin zaman\u0131 a\u015fan hislerinin kayna\u011f\u0131 ortaya \u00e7\u0131k\u0131yor. <\/p>\n","protected":false},"excerpt":{"rendered":"<p>\u00d6L\u00dc KARISINI D\u0130R\u0130LTMEK \u0130\u00c7\u0130N \u00c7IKTI\u011eI YOLCULUK GE\u00c7M\u0130\u015e\u0130N \u0130Z\u0130N\u0130 S\u00dcR\u00dcYOR. \u00d6YK\u00dcM\u00dcZ, SAWYER\u2019IN \u00c7OCUKLU\u011eUNA, \u0130K\u0130S\u0130N\u0130N TANI\u015eTI\u011eI G\u00dcNLERE UZANIYOR! Sawyer \u00e7\u0131kt\u0131\u011f\u0131 zorlu yolculukta, malzemelerde bulunan b\u00fcy\u00fcy\u00fc kullanarak iblislerle amans\u0131z<span class=\"excerpt-hellip\"> [\u2026]<\/span><\/p>\n","protected":false},"featured_media":0,"template":"","meta":{"_monsterinsights_skip_tracking":false,"_monsterinsights_sitenote_active":false,"_monsterinsights_sitenote_note":"","_monsterinsights_sitenote_category":0},"product_brand":[],"product_cat":[12416,12291],"product_tag":[],"class_list":{"0":"post-751506","1":"product","2":"type-product","3":"status-publish","5":"product_cat-cizgi-roman","6":"product_cat-edebiyat","7":"pa_cilt-ciltsiz","8":"pa_tur-kitap","9":"pa_yayinevi-ithaki-yayinlari","10":"pa_yazar-hidenori-yamaci","12":"first","13":"instock","14":"sale","15":"shipping-taxable","16":"purchasable","17":"product-type-simple"},"_links":{"self":[{"href":"https:\/\/roveyayinevi.com.tr\/index.php\/wp-json\/wp\/v2\/product\/751506","targetHints":{"allow":["GET"]}}],"collection":[{"href":"https:\/\/roveyayinevi.com.tr\/index.php\/wp-json\/wp\/v2\/product"}],"about":[{"href":"https:\/\/roveyayinevi.com.tr\/index.php\/wp-json\/wp\/v2\/types\/product"}],"wp:attachment":[{"href":"https:\/\/roveyayinevi.com.tr\/index.php\/wp-json\/wp\/v2\/media?parent=751506"}],"wp:term":[{"taxonomy":"product_brand","embeddable":true,"href":"https:\/\/roveyayinevi.com.tr\/index.php\/wp-json\/wp\/v2\/product_brand?post=751506"},{"taxonomy":"product_cat","embeddable":true,"href":"https:\/\/roveyayinevi.com.tr\/index.php\/wp-json\/wp\/v2\/product_cat?post=751506"},{"taxonomy":"product_tag","embeddable":true,"href":"https:\/\/roveyayinevi.com.tr\/index.php\/wp-json\/wp\/v2\/product_tag?post=751506"}],"curies":[{"name":"wp","href":"https:\/\/api.w.org\/{rel}","templated":true}]}}