{"id":751505,"date":"2025-08-28T04:50:58","date_gmt":"2025-08-28T01:50:58","guid":{"rendered":"https:\/\/roveyayinevi.com.tr\/index.php\/urun\/dublinesk\/"},"modified":"2026-04-12T03:08:31","modified_gmt":"2026-04-12T00:08:31","slug":"dublinesk","status":"publish","type":"product","link":"https:\/\/roveyayinevi.com.tr\/index.php\/urun\/dublinesk\/","title":{"rendered":"Dublinesk"},"content":{"rendered":"<p>Enrique Vila-Matas metinleraras\u0131l\u0131\u011f\u0131 kullanan, kurmacan\u0131n tabiat\u0131n\u0131 sorgulayan ve ger\u00e7ekten nevi \u015fahs\u0131na m\u00fcnhas\u0131r eserleriyle \u00f6ne \u00e7\u0131kan, \u0130spanyol edebiyat\u0131n\u0131n en muzip, en \u00fcretken yazarlar\u0131ndan birisi. Yirmiden fazla roman\u0131, pek \u00e7ok \u00f6yk\u00fc kitab\u0131 olan Vila-Matas\u2019\u0131n 2010 y\u0131l\u0131nda yay\u0131mlanan, en ki\u015fisel eserlerinden say\u0131labilecek Dublinesk i\u00e7in ise \u00f6d\u00fcll\u00fc yazar\u0131n ba\u015fyap\u0131t\u0131 denilebilir.   Yay\u0131nevi iflas eden edebiyat yay\u0131nc\u0131s\u0131 Samuel Riba, hi\u00e7 gitmedi\u011fi Dublin\u2019de ge\u00e7en bir r\u00fcya g\u00f6r\u00fcr. Bu r\u00fcyan\u0131n etkisiyle, James Joyce\u2019un Ulysses\u2019inde Paddy Dignam\u2019\u0131n g\u00f6m\u00fcld\u00fc\u011f\u00fc mezarl\u0131\u011fa \u00fc\u00e7 yazar arkada\u015f\u0131yla beraber gidip Gutenberg \u00c7a\u011f\u0131 i\u00e7in g\u0131yaben bir cenaze d\u00fczenlemeyi planlar. Bir s\u00fcredir hayat\u0131 bilgisayar ba\u015f\u0131nda ge\u00e7en Riba, bir yandan i\u00e7kiyi b\u0131rakman\u0131n dertleriyle ve sorunlu evlili\u011fiyle bo\u011fu\u015facak, bir yandan da hayat\u0131n\u0131 ele ge\u00e7iren edebiyat\u0131n labirentlerinde yolunu bulmaya \u00e7al\u0131\u015facakt\u0131r. Enrique Vila-Matas\u2019\u0131n, hem Beckett ve Joyce\u2019un ruhunu kat\u0131p hem kendine ait k\u0131lmay\u0131 ba\u015fard\u0131\u011f\u0131 Dublinesk\u2019i \u201cEdebiyat \u00f6l\u00fcyor mu?\u201d sorusuna verilen heybetli bir cevap.   \u201cVila-Matas\u2019\u0131n yaz\u0131lar\u0131n\u0131n \u00fczerimdeki etkisi muazzamd\u0131r. Espri anlay\u0131\u015f\u0131na, her t\u00fcr edebiyat hakk\u0131nda sahip oldu\u011fu bilgiye, yazarlara duydu\u011fu \u015fefkate ve edebiyatla ilgili konular\u0131 al\u0131p korkusuzca yaz\u0131lar\u0131n\u0131n bir par\u00e7as\u0131 yapmas\u0131na hayran\u0131m.\u201d  \u2013Paul Auster   \u201cModern \u0130spanyol edebiyat\u0131nda e\u015fi benzeri olmayan bir yazar. Vila-Matas\u2019\u0131n m\u00fckemmelli\u011fi tart\u0131\u015f\u0131lmaz bir ger\u00e7ek.\u201d \u2013Roberto Bola\u00f1o <\/p>\n","protected":false},"excerpt":{"rendered":"<p>Enrique Vila-Matas metinleraras\u0131l\u0131\u011f\u0131 kullanan, kurmacan\u0131n tabiat\u0131n\u0131 sorgulayan ve ger\u00e7ekten nevi \u015fahs\u0131na m\u00fcnhas\u0131r eserleriyle \u00f6ne \u00e7\u0131kan, \u0130spanyol edebiyat\u0131n\u0131n en muzip, en \u00fcretken yazarlar\u0131ndan birisi. Yirmiden fazla roman\u0131,<span class=\"excerpt-hellip\"> [\u2026]<\/span><\/p>\n","protected":false},"featured_media":0,"template":"","meta":{"_monsterinsights_skip_tracking":false,"_monsterinsights_sitenote_active":false,"_monsterinsights_sitenote_note":"","_monsterinsights_sitenote_category":0},"product_brand":[],"product_cat":[12291,12711],"product_tag":[],"class_list":{"0":"post-751505","1":"product","2":"type-product","3":"status-publish","5":"product_cat-edebiyat","6":"product_cat-roman-oyku","7":"pa_cilt-ciltsiz","8":"pa_tur-kitap","9":"pa_yayinevi-ithaki-yayinlari","10":"pa_yazar-enrique-vila-matas","12":"first","13":"instock","14":"sale","15":"shipping-taxable","16":"purchasable","17":"product-type-simple"},"_links":{"self":[{"href":"https:\/\/roveyayinevi.com.tr\/index.php\/wp-json\/wp\/v2\/product\/751505","targetHints":{"allow":["GET"]}}],"collection":[{"href":"https:\/\/roveyayinevi.com.tr\/index.php\/wp-json\/wp\/v2\/product"}],"about":[{"href":"https:\/\/roveyayinevi.com.tr\/index.php\/wp-json\/wp\/v2\/types\/product"}],"wp:attachment":[{"href":"https:\/\/roveyayinevi.com.tr\/index.php\/wp-json\/wp\/v2\/media?parent=751505"}],"wp:term":[{"taxonomy":"product_brand","embeddable":true,"href":"https:\/\/roveyayinevi.com.tr\/index.php\/wp-json\/wp\/v2\/product_brand?post=751505"},{"taxonomy":"product_cat","embeddable":true,"href":"https:\/\/roveyayinevi.com.tr\/index.php\/wp-json\/wp\/v2\/product_cat?post=751505"},{"taxonomy":"product_tag","embeddable":true,"href":"https:\/\/roveyayinevi.com.tr\/index.php\/wp-json\/wp\/v2\/product_tag?post=751505"}],"curies":[{"name":"wp","href":"https:\/\/api.w.org\/{rel}","templated":true}]}}